{"id":6347,"date":"2013-09-02T13:18:12","date_gmt":"2013-09-02T13:18:12","guid":{"rendered":"http:\/\/www.mycielewo.interman.com.pl\/?page_id=6347"},"modified":"2024-03-04T12:28:23","modified_gmt":"2024-03-04T12:28:23","slug":"uczniowie-3","status":"publish","type":"page","link":"https:\/\/mycielewo.pl\/?page_id=6347","title":{"rendered":"Uczniowie 2016\/2017"},"content":{"rendered":"<p align=\"center\"><b>W roku szkolnym 2016\/2017 w Zespole Szk\u00f3\u0142 w Mycielewie ucz\u0119szczaj\u0105:<\/b><\/p>\n<p align=\"center\"><b>Oddzia\u0142y przedszkolne<\/b><\/p>\n<p align=\"center\">Kl. 3-4-latk\u00f3w \u2013 16 os\u00f3b (wych. Alina Napiera\u0142a)<br \/>\nKl. \u00a05-latk\u00f3w \u2013 14 os\u00f3b (wych. Iwona\u00a0Wojtkowiak)<br \/>\nKl. 6-latk\u00f3w \u2013 19 os\u00f3b\u00a0(wych. Gabriela\u00a0Wes\u00f3\u0142)<\/p>\n<p align=\"center\"><b>Szko\u0142a Podstawowa<\/b><\/p>\n<p align=\"center\">Kl. Ia \u00a0\u2013 \u00a017 os\u00f3b (wych. E. Stachowiak)<br \/>\nKl. II \u2013 \u00a017 os\u00f3b (wych. H. Mickiewicz)<br \/>\nKl. III \u2013 \u00a023 os\u00f3b\u00a0(wych. M. Tomkowiak)<br \/>\nKl. IV \u2013 17 os\u00f3b\u00a0(wych. A. Pyszczy\u0144ska)<br \/>\nKl. V \u2013 \u00a018 os\u00f3b\u00a0(wych. A. Drozd)<br \/>\nKl. VI \u2013 20 os\u00f3b\u00a0(wych. A. Kolarewska-Hak)<\/p>\n<p align=\"center\"><b>Gimnazjum<\/b><br \/>\nKl. Ia \u2013 20 \u00a0os\u00f3b\u00a0(wych. W. Nowak)<br \/>\nKl. Ib \u2013 \u00a017\u00a0os\u00f3b\u00a0(wych. B. Janicka)<br \/>\nKl. II \u2013 \u00a025 os\u00f3b\u00a0(wych. P. Otto)<br \/>\nKl. IIIa \u2013 \u00a019 os\u00f3b\u00a0(wych. M. Borzych)<br \/>\nKl. IIIb \u2013 \u00a017 os\u00f3b\u00a0(wych. J. Biernacka-Kozerewicz)<\/p>\n<p align=\"center\"><strong>Razem w naszej szkole uczy si\u0119 259 uczni\u00f3w<\/strong><\/p>\n<p style=\"text-align: center;\"><strong><br \/>\nWykaz podr\u0119cznik\u00f3w na rok szkolny 2016\/2017<\/strong><\/p>\n<ol>\n<li><a href=\"http:\/\/mycielewo.pl\/wp-content\/uploads\/2012\/01\/SP-podr%C4%99czniki.doc\">SP-podr\u0119czniki<\/a><\/li>\n<li><a href=\"http:\/\/mycielewo.pl\/wp-content\/uploads\/2012\/01\/Gimn.Podreczniki.doc\">Gimn.-Podr\u0119czniki<\/a><\/li>\n<\/ol>\n<p><a title=\"uczniowie 2014\/2015\" href=\"http:\/\/mycielewo.pl\/?page_id=16624\">Uczniowie z roku szkolnego 2015\/201<\/a>6<\/p>\n<p><a title=\"uczniowie 2014\/2015\" href=\"http:\/\/mycielewo.pl\/?page_id=13182\">Uczniowie z roku szkolnego 2014\/2015<\/a><\/p>\n<p><a href=\"http:\/\/mycielewo.pl\/?page_id=10015\">Uczniowie z roku szkolnego 2013\/2014<\/a><\/p>\n<p><a href=\"http:\/\/mycielewo.pl\/?page_id=3295\">Uczniowie z roku szkolnego 2012\/2013<\/a><\/p>\n<p><a href=\"http:\/\/mycielewo.pl\/?page_id=48\">Uczniowie z roku szkolnego 2011\/2012<\/a><\/p>\n<p><a href=\"http:\/\/mycielewo.pl\/stara\/index\/uczniowie\/uczniowie.html\">Uczniowie z lat poprzednich w starej wersji serwisu\u00a0<\/a><\/p>\n","protected":false},"excerpt":{"rendered":"<p>W roku szkolnym 2016\/2017 w Zespole Szk\u00f3\u0142 w Mycielewie ucz\u0119szczaj\u0105: Oddzia\u0142y przedszkolne Kl. 3-4-latk\u00f3w \u2013 16 os\u00f3b (wych. Alina Napiera\u0142a) Kl. \u00a05-latk\u00f3w \u2013 14 os\u00f3b (wych. Iwona\u00a0Wojtkowiak) Kl. 6-latk\u00f3w \u2013 19 os\u00f3b\u00a0(wych. Gabriela\u00a0Wes\u00f3\u0142) Szko\u0142a Podstawowa Kl. Ia \u00a0\u2013 \u00a017 os\u00f3b (wych. E. Stachowiak) Kl. II \u2013 \u00a017 os\u00f3b (wych. H. Mickiewicz) Kl. III \u2013 \u00a023&hellip; <a class=\"continue\" href=\"https:\/\/mycielewo.pl\/?page_id=6347\">Kontynuuj czytanie<span> Uczniowie 2016\/2017<\/span><\/a><\/p>\n","protected":false},"author":1,"featured_media":0,"parent":0,"menu_order":0,"comment_status":"open","ping_status":"open","template":"","meta":{"footnotes":""},"class_list":["post-6347","page","type-page","status-publish","hentry"],"_links":{"self":[{"href":"https:\/\/mycielewo.pl\/index.php?rest_route=\/wp\/v2\/pages\/6347","targetHints":{"allow":["GET"]}}],"collection":[{"href":"https:\/\/mycielewo.pl\/index.php?rest_route=\/wp\/v2\/pages"}],"about":[{"href":"https:\/\/mycielewo.pl\/index.php?rest_route=\/wp\/v2\/types\/page"}],"author":[{"embeddable":true,"href":"https:\/\/mycielewo.pl\/index.php?rest_route=\/wp\/v2\/users\/1"}],"replies":[{"embeddable":true,"href":"https:\/\/mycielewo.pl\/index.php?rest_route=%2Fwp%2Fv2%2Fcomments&post=6347"}],"version-history":[{"count":35,"href":"https:\/\/mycielewo.pl\/index.php?rest_route=\/wp\/v2\/pages\/6347\/revisions"}],"predecessor-version":[{"id":42213,"href":"https:\/\/mycielewo.pl\/index.php?rest_route=\/wp\/v2\/pages\/6347\/revisions\/42213"}],"wp:attachment":[{"href":"https:\/\/mycielewo.pl\/index.php?rest_route=%2Fwp%2Fv2%2Fmedia&parent=6347"}],"curies":[{"name":"wp","href":"https:\/\/api.w.org\/{rel}","templated":true}]}}