{"id":63,"date":"2012-01-25T06:35:22","date_gmt":"2012-01-25T06:35:22","guid":{"rendered":"http:\/\/www.mycielewo.interman.com.pl\/?page_id=63"},"modified":"2026-04-13T06:32:42","modified_gmt":"2026-04-13T06:32:42","slug":"samorzad-uczniowski","status":"publish","type":"page","link":"https:\/\/mycielewo.pl\/?page_id=63","title":{"rendered":"Samorz\u0105d Uczniowski"},"content":{"rendered":"\n<p>W Szkole Podstawowej w Mycielewie funkcjonuje <span style=\"color: #0000ff;\"><em>Samorz\u0105d Uczniowski<\/em><\/span>, kt\u00f3rego opiekunem jest <strong>Marta Bernas<\/strong><\/p>\n\n\n\n<p><span style=\"text-decoration: underline;\">W sk\u0142ad samorz\u0105d\u00f3w na rok szkolny 2025\/2026 wchodz\u0105:<\/span><\/p>\n\n\n\n<p>Przewodnicz\u0105cy: <strong>Alan Hak<\/strong><br>Zast\u0119pca: <strong>Oskar Kr<strong class=\"Yjhzub\" data-sfc-root=\"c\" data-sfc-cb=\"\">\u00fc<\/strong>ger<\/strong><br>Skarbnik: <strong>Maciej \u0141uksztedt<\/strong><\/p>\n\n\n\n<p>W oddzia\u0142ach 0-III SP powo\u0142ano tzw. <span style=\"color: #0000ff;\"><em>Ma\u0142y Samorz\u0105d Uczniowski<\/em><\/span>, kt\u00f3rego opiekunem jest: <strong>Iwona Wojtkowiak<\/strong><\/p>\n\n\n\n<p>Przewodnicz\u0105ca: <strong>Aleksandra Sojka<\/strong><br>Zast\u0119pca:<strong> Lena Kluj<\/strong><br>Skarbnik: <strong>Wiktor Trawi\u0144ski<\/strong><\/p>\n","protected":false},"excerpt":{"rendered":"<p>W Szkole Podstawowej w Mycielewie funkcjonuje Samorz\u0105d Uczniowski, kt\u00f3rego opiekunem jest Marta Bernas W sk\u0142ad samorz\u0105d\u00f3w na rok szkolny 2025\/2026 wchodz\u0105: Przewodnicz\u0105cy: Alan HakZast\u0119pca: Oskar Kr\u00fcgerSkarbnik: Maciej \u0141uksztedt W oddzia\u0142ach 0-III SP powo\u0142ano tzw. Ma\u0142y Samorz\u0105d Uczniowski, kt\u00f3rego opiekunem jest: Iwona Wojtkowiak Przewodnicz\u0105ca: Aleksandra SojkaZast\u0119pca: Lena KlujSkarbnik: Wiktor Trawi\u0144ski<\/p>\n","protected":false},"author":1,"featured_media":0,"parent":0,"menu_order":0,"comment_status":"open","ping_status":"open","template":"","meta":{"footnotes":""},"class_list":["post-63","page","type-page","status-publish","hentry"],"_links":{"self":[{"href":"https:\/\/mycielewo.pl\/index.php?rest_route=\/wp\/v2\/pages\/63","targetHints":{"allow":["GET"]}}],"collection":[{"href":"https:\/\/mycielewo.pl\/index.php?rest_route=\/wp\/v2\/pages"}],"about":[{"href":"https:\/\/mycielewo.pl\/index.php?rest_route=\/wp\/v2\/types\/page"}],"author":[{"embeddable":true,"href":"https:\/\/mycielewo.pl\/index.php?rest_route=\/wp\/v2\/users\/1"}],"replies":[{"embeddable":true,"href":"https:\/\/mycielewo.pl\/index.php?rest_route=%2Fwp%2Fv2%2Fcomments&post=63"}],"version-history":[{"count":48,"href":"https:\/\/mycielewo.pl\/index.php?rest_route=\/wp\/v2\/pages\/63\/revisions"}],"predecessor-version":[{"id":62830,"href":"https:\/\/mycielewo.pl\/index.php?rest_route=\/wp\/v2\/pages\/63\/revisions\/62830"}],"wp:attachment":[{"href":"https:\/\/mycielewo.pl\/index.php?rest_route=%2Fwp%2Fv2%2Fmedia&parent=63"}],"curies":[{"name":"wp","href":"https:\/\/api.w.org\/{rel}","templated":true}]}}