{"id":61835,"date":"2026-03-23T06:43:58","date_gmt":"2026-03-23T06:43:58","guid":{"rendered":"https:\/\/mycielewo.pl\/?page_id=61835"},"modified":"2026-03-23T06:45:59","modified_gmt":"2026-03-23T06:45:59","slug":"konkurs","status":"publish","type":"page","link":"https:\/\/mycielewo.pl\/?page_id=61835","title":{"rendered":"Konkurs BIZNESPLAN"},"content":{"rendered":"\n<p>Zapraszamy do udzia\u0142u w <strong>KONKURSIE NA NAJLEPSZY BIZNESPLAN<\/strong> organizowanym w ramach szkolnego inkubatora! \ud83d\udca1<\/p>\n\n\n\n<p>Konkurs odbywa si\u0119 w ramach projektu: <strong>\u201eWZMOCNIENIE KOMPETENCJI KLUCZOWYCH UCZNI\u00d3W 3 SZK\u00d3\u0141 PODSTAWOWYCH W GMINIE KCYNIA\u201d<\/strong><\/p>\n\n\n\n<div class=\"wp-block-file\"><a id=\"wp-block-file--media-4c496ba6-ebf2-48ba-8b24-e8fdfb499050\" href=\"https:\/\/mycielewo.pl\/wp-content\/uploads\/2026\/03\/BP-konkurs-regulamin-Gm-Kcynia.docx\">BP konkurs regulamin Gm Kcynia<\/a><a href=\"https:\/\/mycielewo.pl\/wp-content\/uploads\/2026\/03\/BP-konkurs-regulamin-Gm-Kcynia.docx\" class=\"wp-block-file__button wp-element-button\" download aria-describedby=\"wp-block-file--media-4c496ba6-ebf2-48ba-8b24-e8fdfb499050\">Pobierz<\/a><\/div>\n\n\n\n<div class=\"wp-block-file\"><a id=\"wp-block-file--media-419b8257-e584-48cd-a5e1-ae9dbcc30880\" href=\"https:\/\/mycielewo.pl\/wp-content\/uploads\/2026\/03\/BP-konkurs-regulamin-Gm-Kcynia.pdf\">BP konkurs regulamin Gm Kcynia<\/a><a href=\"https:\/\/mycielewo.pl\/wp-content\/uploads\/2026\/03\/BP-konkurs-regulamin-Gm-Kcynia.pdf\" class=\"wp-block-file__button wp-element-button\" download aria-describedby=\"wp-block-file--media-419b8257-e584-48cd-a5e1-ae9dbcc30880\">Pobierz<\/a><\/div>\n\n\n\n<div class=\"wp-block-file\"><a id=\"wp-block-file--media-3c6ac741-02ee-4c23-807f-a8691f5c4f1e\" href=\"https:\/\/mycielewo.pl\/wp-content\/uploads\/2026\/03\/wzor-BP-konkurs-zal-1-cz-finansowa.xlsx\">wz\u00f3r BP konkurs  za\u0142 1 cz finansowa<\/a><a href=\"https:\/\/mycielewo.pl\/wp-content\/uploads\/2026\/03\/wzor-BP-konkurs-zal-1-cz-finansowa.xlsx\" class=\"wp-block-file__button wp-element-button\" download aria-describedby=\"wp-block-file--media-3c6ac741-02ee-4c23-807f-a8691f5c4f1e\">Pobierz<\/a><\/div>\n\n\n\n<div class=\"wp-block-file\"><a id=\"wp-block-file--media-b587b5a1-2f1f-4fcb-a482-cb58bd58cf8f\" href=\"https:\/\/mycielewo.pl\/wp-content\/uploads\/2026\/03\/Wzor-BP-konkurs-Kcynia.docx\">Wz\u00f3r BP konkurs Kcynia<\/a><a href=\"https:\/\/mycielewo.pl\/wp-content\/uploads\/2026\/03\/Wzor-BP-konkurs-Kcynia.docx\" class=\"wp-block-file__button wp-element-button\" download aria-describedby=\"wp-block-file--media-b587b5a1-2f1f-4fcb-a482-cb58bd58cf8f\">Pobierz<\/a><\/div>\n\n\n\n<div class=\"wp-block-file\"><a id=\"wp-block-file--media-d7d7a69e-8a27-47bb-b9fd-12b419cbb54c\" href=\"https:\/\/mycielewo.pl\/wp-content\/uploads\/2026\/03\/wzor-BP-konkurs-zal-nr-1-cz.-finansowa.pdf\">wz\u00f3r BP konkurs za\u0142 nr 1 cz. finansowa<\/a><a href=\"https:\/\/mycielewo.pl\/wp-content\/uploads\/2026\/03\/wzor-BP-konkurs-zal-nr-1-cz.-finansowa.pdf\" class=\"wp-block-file__button wp-element-button\" download aria-describedby=\"wp-block-file--media-d7d7a69e-8a27-47bb-b9fd-12b419cbb54c\">Pobierz<\/a><\/div>\n","protected":false},"excerpt":{"rendered":"<p>Zapraszamy do udzia\u0142u w KONKURSIE NA NAJLEPSZY BIZNESPLAN organizowanym w ramach szkolnego inkubatora! \ud83d\udca1 Konkurs odbywa si\u0119 w ramach projektu: \u201eWZMOCNIENIE KOMPETENCJI KLUCZOWYCH UCZNI\u00d3W 3 SZK\u00d3\u0141 PODSTAWOWYCH W GMINIE KCYNIA\u201d<\/p>\n","protected":false},"author":1,"featured_media":0,"parent":0,"menu_order":0,"comment_status":"closed","ping_status":"closed","template":"","meta":{"footnotes":""},"class_list":["post-61835","page","type-page","status-publish","hentry"],"_links":{"self":[{"href":"https:\/\/mycielewo.pl\/index.php?rest_route=\/wp\/v2\/pages\/61835","targetHints":{"allow":["GET"]}}],"collection":[{"href":"https:\/\/mycielewo.pl\/index.php?rest_route=\/wp\/v2\/pages"}],"about":[{"href":"https:\/\/mycielewo.pl\/index.php?rest_route=\/wp\/v2\/types\/page"}],"author":[{"embeddable":true,"href":"https:\/\/mycielewo.pl\/index.php?rest_route=\/wp\/v2\/users\/1"}],"replies":[{"embeddable":true,"href":"https:\/\/mycielewo.pl\/index.php?rest_route=%2Fwp%2Fv2%2Fcomments&post=61835"}],"version-history":[{"count":2,"href":"https:\/\/mycielewo.pl\/index.php?rest_route=\/wp\/v2\/pages\/61835\/revisions"}],"predecessor-version":[{"id":61844,"href":"https:\/\/mycielewo.pl\/index.php?rest_route=\/wp\/v2\/pages\/61835\/revisions\/61844"}],"wp:attachment":[{"href":"https:\/\/mycielewo.pl\/index.php?rest_route=%2Fwp%2Fv2%2Fmedia&parent=61835"}],"curies":[{"name":"wp","href":"https:\/\/api.w.org\/{rel}","templated":true}]}}