{"id":60501,"date":"2026-01-28T16:28:22","date_gmt":"2026-01-28T16:28:22","guid":{"rendered":"https:\/\/mycielewo.pl\/?page_id=60501"},"modified":"2026-01-28T18:59:33","modified_gmt":"2026-01-28T18:59:33","slug":"elegitymacja","status":"publish","type":"page","link":"https:\/\/mycielewo.pl\/?page_id=60501","title":{"rendered":"mLegitymacja"},"content":{"rendered":"\n<p><strong>Drogi Rodzicu, Drogi Uczniu!<\/strong><\/p>\n\n\n\n<p>Poni\u017cej przedstawiamy instrukcj\u0119 uruchomienia elektronicznej legitymacji (mLegitymacji) w aplikacji mObywatel.<\/p>\n\n\n\n<p>Je\u015bli posiadasz ju\u017c legitymacj\u0119 w formie plastikowej, skontaktuj si\u0119 ze swoim wychowawc\u0105, aby uzyska\u0107 dane do pierwszego logowania w <strong>Zintegrowanej Platformie Edukacyjnej (ZPE)<\/strong>.<\/p>\n\n\n\n<p><strong><a href=\"https:\/\/logowanie.zpe.gov.pl\/oauth\/v2\/auth?redirect_uri=https%3A%2F%2Fzpe.gov.pl%2Fuser%2Fauth%2Ffinish%3FoauthService%3Dzpe&amp;scope=openid%20profile%20email%20internalData&amp;state=%7B%22redirectUrl%22%3A%22https%3A%2F%2Fzpe.gov.pl%2Fapplications%2Fmlegitymacja%22%7D&amp;response_type=code&amp;approval_prompt=auto&amp;client_id=mlHcJQ782sZ27wpjWZqBfusLUPYzJbKen6FvTrpw54KR8MtZcdicBkPh8vKx3Q8hTfg19CZzPJpvPTxwJGzr4k96LfkB1Fyal1vGLc7rYfR2aIYV7Cxy0iJbymeGNQiQ#\/\">Strona logowania do Zintegrowanej Platformy Edukacyjnej<\/a> (ZPE)<\/strong> \u2013 kliknij w nazw\u0119 lub poni\u017csz\u0105 grafik\u0119, aby przej\u015b\u0107 do serwisu.<\/p>\n\n\n\n<figure class=\"wp-block-image size-full\"><a href=\"https:\/\/logowanie.zpe.gov.pl\/oauth\/v2\/auth?redirect_uri=https%3A%2F%2Fzpe.gov.pl%2Fuser%2Fauth%2Ffinish%3FoauthService%3Dzpe&amp;scope=openid%20profile%20email%20internalData&amp;state=%7B&quot;redirectUrl&quot;%3A&quot;https%3A%2F%2Fzpe.gov.pl%2Fapplications%2Fmlegitymacja&quot;%7D&amp;response_type=code&amp;approval_prompt=auto&amp;client_id=mlHcJQ782sZ27wpjWZqBfusLUPYzJbKen6FvTrpw54KR8MtZcdicBkPh8vKx3Q8hTfg19CZzPJpvPTxwJGzr4k96LfkB1Fyal1vGLc7rYfR2aIYV7Cxy0iJbymeGNQiQ#\/\"><img loading=\"lazy\" decoding=\"async\" width=\"942\" height=\"52\" src=\"https:\/\/mycielewo.pl\/wp-content\/uploads\/2026\/01\/zpe.png\" alt=\"\" class=\"wp-image-60502\" srcset=\"https:\/\/mycielewo.pl\/wp-content\/uploads\/2026\/01\/zpe.png 942w, https:\/\/mycielewo.pl\/wp-content\/uploads\/2026\/01\/zpe-768x42.png 768w\" sizes=\"auto, (max-width: 942px) 100vw, 942px\" \/><\/a><\/figure>\n\n\n\n<p>Na stronie zaloguj si\u0119, u\u017cywaj\u0105c danych otrzymanych od wychowawcy, a nast\u0119pnie ustal nowe, sta\u0142e has\u0142o zgodnie z zasadami podanymi w serwisie. Po zalogowaniu b\u0119dziesz m\u00f3g\u0142 wygenerowa\u0107 <strong>kod QR<\/strong>, kt\u00f3ry nale\u017cy zeskanowa\u0107 w aplikacji mObywatel.<\/p>\n\n\n\n<h3 class=\"wp-block-heading\">Instalacja i dodawanie mLegitymacji:<\/h3>\n\n\n\n<p>Cyfrowa legitymacja szkolna (mLegitymacja) jest dokumentem pe\u0142noprawnym, o takiej samej mocy jak jej tradycyjna wersja. Uprawnia do wszystkich przys\u0142uguj\u0105cych zni\u017cek, np. na przejazdy poci\u0105gami i komunikacj\u0105 miejsk\u0105.<\/p>\n\n\n\n<p><strong>Wa\u017cne:<\/strong> Legitymacj\u0119 mo\u017cna doda\u0107 na jednym urz\u0105dzeniu z aplikacj\u0105 <strong>mObywatel Junior<\/strong> oraz na maksymalnie czterech urz\u0105dzeniach z pe\u0142n\u0105 wersj\u0105 aplikacji <strong>mObywatel<\/strong>.<\/p>\n\n\n\n<hr class=\"wp-block-separator has-alpha-channel-opacity\"\/>\n\n\n\n<h4 class=\"wp-block-heading\">Masz ju\u017c aplikacj\u0119 mObywatel i korzystasz z mDowodu?<\/h4>\n\n\n\n<ol start=\"1\" class=\"wp-block-list\">\n<li>Przejd\u017a do sekcji <strong>Dodaj dokument<\/strong>.<\/li>\n\n\n\n<li>Wyszukaj na li\u015bcie <strong>Legitymacj\u0119 szkoln\u0105<\/strong>.<\/li>\n\n\n\n<li>Zeskanuj wygenerowany wcze\u015bniej kod QR.<\/li>\n<\/ol>\n\n\n\n<h4 class=\"wp-block-heading\">Nie posiadasz jeszcze aplikacji mObywatel?<\/h4>\n\n\n\n<ol start=\"1\" class=\"wp-block-list\">\n<li>Pobierz aplikacj\u0119 ze sklepu <strong>Google Play<\/strong> (Android) lub <strong>App Store<\/strong> (iOS).<\/li>\n\n\n\n<li>Uruchom aplikacj\u0119 i wybierz wersj\u0119 <strong>mObywatel Junior<\/strong>.<\/li>\n\n\n\n<li>Ustaw kod PIN, a nast\u0119pnie wybierz opcj\u0119 dodania legitymacji i zeskanuj sw\u00f3j kod QR.<\/li>\n\n\n\n<li>Doko\u0144cz proces aktywacji. Gotowe!<\/li>\n<\/ol>\n\n\n\n<figure class=\"wp-block-embed is-type-video is-provider-youtube wp-block-embed-youtube wp-embed-aspect-16-9 wp-has-aspect-ratio\"><div class=\"wp-block-embed__wrapper\">\n<iframe loading=\"lazy\" title=\"mObywatel Junior w aplikacji mObywatel\" width=\"830\" height=\"467\" src=\"https:\/\/www.youtube.com\/embed\/lnswpSx1mFI?feature=oembed\" frameborder=\"0\" allow=\"accelerometer; autoplay; clipboard-write; encrypted-media; gyroscope; picture-in-picture; web-share\" referrerpolicy=\"strict-origin-when-cross-origin\" allowfullscreen><\/iframe>\n<\/div><\/figure>\n","protected":false},"excerpt":{"rendered":"<p>Drogi Rodzicu, Drogi Uczniu! Poni\u017cej przedstawiamy instrukcj\u0119 uruchomienia elektronicznej legitymacji (mLegitymacji) w aplikacji mObywatel. Je\u015bli posiadasz ju\u017c legitymacj\u0119 w formie plastikowej, skontaktuj si\u0119 ze swoim wychowawc\u0105, aby uzyska\u0107 dane do pierwszego logowania w Zintegrowanej Platformie Edukacyjnej (ZPE). Strona logowania do Zintegrowanej Platformy Edukacyjnej (ZPE) \u2013 kliknij w nazw\u0119 lub poni\u017csz\u0105 grafik\u0119, aby przej\u015b\u0107 do serwisu.&hellip; <a class=\"continue\" href=\"https:\/\/mycielewo.pl\/?page_id=60501\">Kontynuuj czytanie<span> mLegitymacja<\/span><\/a><\/p>\n","protected":false},"author":1,"featured_media":0,"parent":0,"menu_order":0,"comment_status":"closed","ping_status":"closed","template":"","meta":{"footnotes":""},"class_list":["post-60501","page","type-page","status-publish","hentry"],"_links":{"self":[{"href":"https:\/\/mycielewo.pl\/index.php?rest_route=\/wp\/v2\/pages\/60501","targetHints":{"allow":["GET"]}}],"collection":[{"href":"https:\/\/mycielewo.pl\/index.php?rest_route=\/wp\/v2\/pages"}],"about":[{"href":"https:\/\/mycielewo.pl\/index.php?rest_route=\/wp\/v2\/types\/page"}],"author":[{"embeddable":true,"href":"https:\/\/mycielewo.pl\/index.php?rest_route=\/wp\/v2\/users\/1"}],"replies":[{"embeddable":true,"href":"https:\/\/mycielewo.pl\/index.php?rest_route=%2Fwp%2Fv2%2Fcomments&post=60501"}],"version-history":[{"count":8,"href":"https:\/\/mycielewo.pl\/index.php?rest_route=\/wp\/v2\/pages\/60501\/revisions"}],"predecessor-version":[{"id":60531,"href":"https:\/\/mycielewo.pl\/index.php?rest_route=\/wp\/v2\/pages\/60501\/revisions\/60531"}],"wp:attachment":[{"href":"https:\/\/mycielewo.pl\/index.php?rest_route=%2Fwp%2Fv2%2Fmedia&parent=60501"}],"curies":[{"name":"wp","href":"https:\/\/api.w.org\/{rel}","templated":true}]}}