{"id":59247,"date":"2025-11-13T20:42:01","date_gmt":"2025-11-13T20:42:01","guid":{"rendered":"https:\/\/mycielewo.pl\/?page_id=59247"},"modified":"2025-11-13T20:43:38","modified_gmt":"2025-11-13T20:43:38","slug":"kalendarz-roku","status":"publish","type":"page","link":"https:\/\/mycielewo.pl\/?page_id=59247","title":{"rendered":"Kalendarz roku szkolnego"},"content":{"rendered":"\n<p><a href=\"https:\/\/www.gov.pl\/attachment\/7112b88a-0237-4f83-b133-0d72c4ac83dc\" target=\"_blank\" rel=\"noreferrer noopener\">Kalendarz roku szkolnego 2025\/2026<\/a><\/p>\n\n\n\n<p>\ud83d\udcc5 Dni dodatkowo wolne od zaj\u0119\u0107 dydaktycznych<\/p>\n\n\n\n<p><strong>5 czerwca 2026 r. (pi\u0105tek po Bo\u017cym Ciele)<\/strong><\/p>\n\n\n\n<p><strong>31 pa\u017adziernika 2025 r. (pi\u0105tek)<\/strong><\/p>\n\n\n\n<p><strong>10 listopada 2025 r. (poniedzia\u0142ek)<\/strong><\/p>\n\n\n\n<p><strong>2 i 5 stycznia 2026 r. (pi\u0105tek i poniedzia\u0142ek)<\/strong><\/p>\n\n\n\n<p><strong>11, 12, 13 maja 2026 r. (poniedzia\u0142ek, wtorek, \u015broda)<\/strong> \u2013 <strong>egzamin \u00f3smoklasisty<\/strong><\/p>\n","protected":false},"excerpt":{"rendered":"<p>Kalendarz roku szkolnego 2025\/2026 \ud83d\udcc5 Dni dodatkowo wolne od zaj\u0119\u0107 dydaktycznych 5 czerwca 2026 r. (pi\u0105tek po Bo\u017cym Ciele) 31 pa\u017adziernika 2025 r. (pi\u0105tek) 10 listopada 2025 r. (poniedzia\u0142ek) 2 i 5 stycznia 2026 r. (pi\u0105tek i poniedzia\u0142ek) 11, 12, 13 maja 2026 r. (poniedzia\u0142ek, wtorek, \u015broda) \u2013 egzamin \u00f3smoklasisty<\/p>\n","protected":false},"author":1,"featured_media":0,"parent":0,"menu_order":0,"comment_status":"closed","ping_status":"closed","template":"","meta":{"footnotes":""},"class_list":["post-59247","page","type-page","status-publish","hentry"],"_links":{"self":[{"href":"https:\/\/mycielewo.pl\/index.php?rest_route=\/wp\/v2\/pages\/59247","targetHints":{"allow":["GET"]}}],"collection":[{"href":"https:\/\/mycielewo.pl\/index.php?rest_route=\/wp\/v2\/pages"}],"about":[{"href":"https:\/\/mycielewo.pl\/index.php?rest_route=\/wp\/v2\/types\/page"}],"author":[{"embeddable":true,"href":"https:\/\/mycielewo.pl\/index.php?rest_route=\/wp\/v2\/users\/1"}],"replies":[{"embeddable":true,"href":"https:\/\/mycielewo.pl\/index.php?rest_route=%2Fwp%2Fv2%2Fcomments&post=59247"}],"version-history":[{"count":3,"href":"https:\/\/mycielewo.pl\/index.php?rest_route=\/wp\/v2\/pages\/59247\/revisions"}],"predecessor-version":[{"id":59252,"href":"https:\/\/mycielewo.pl\/index.php?rest_route=\/wp\/v2\/pages\/59247\/revisions\/59252"}],"wp:attachment":[{"href":"https:\/\/mycielewo.pl\/index.php?rest_route=%2Fwp%2Fv2%2Fmedia&parent=59247"}],"curies":[{"name":"wp","href":"https:\/\/api.w.org\/{rel}","templated":true}]}}