{"id":59122,"date":"2025-11-11T18:26:30","date_gmt":"2025-11-11T18:26:30","guid":{"rendered":"https:\/\/mycielewo.pl\/?page_id=59122"},"modified":"2026-03-02T07:01:23","modified_gmt":"2026-03-02T07:01:23","slug":"rekrutacja-2","status":"publish","type":"page","link":"https:\/\/mycielewo.pl\/?page_id=59122","title":{"rendered":"REKRUTACJA\u00a0"},"content":{"rendered":"\n<h3 class=\"wp-block-heading\"><strong>ZAPRASZAMY DO UDZIA\u0141U W PROJEKCIE!<\/strong><\/h3>\n\n\n\n<p><strong>Gmina Kcynia<\/strong> zaprasza uczni\u00f3w i uczennice oraz nauczycieli i nauczycielki ze szk\u00f3\u0142 w <strong>Kcyni, Dziewierzewie i Mycielewie<\/strong> do udzia\u0142u w projekcie pn.<br><strong>\u201eWzmocnienie kompetencji kluczowych uczni\u00f3w trzech szk\u00f3\u0142 podstawowych w Gminie Kcynia\u201d<\/strong>.<\/p>\n\n\n\n<hr class=\"wp-block-separator has-alpha-channel-opacity\"\/>\n\n\n\n<h3 class=\"wp-block-heading\"><strong>Co oferuje projekt?<\/strong><\/h3>\n\n\n\n<p>W ramach projektu odb\u0119d\u0105 si\u0119 <strong>bezp\u0142atne zaj\u0119cia i warsztaty<\/strong>:<\/p>\n\n\n\n<h4 class=\"wp-block-heading\">Dla uczni\u00f3w i uczennic:<\/h4>\n\n\n\n<ul class=\"wp-block-list\">\n<li><strong>Warsztaty j\u0119zykowe<\/strong> \u2013 \u201eJ\u0119zyk angielski paszportem do zjednoczonej Europy\u201d;<\/li>\n\n\n\n<li><strong>Warsztaty rozwijaj\u0105ce kompetencje matematyczne, naukowo-techniczne i cyfrowe<\/strong> \u2013 robotyka, programowanie, projektowanie w technologii 3D;<\/li>\n\n\n\n<li><strong>Warsztaty \u201eSzkolny inkubator przedsi\u0119biorczo\u015bci\u201d<\/strong> \u2013 generowanie pomys\u0142\u00f3w na biznes, tworzenie biznesplanu oraz modelu biznesowego firmy.<\/li>\n<\/ul>\n\n\n\n<h4 class=\"wp-block-heading\">Dla nauczycieli i nauczycielek:<\/h4>\n\n\n\n<ul class=\"wp-block-list\">\n<li><strong>Szkolenie z kompetencji cyfrowych (14 godzin):<\/strong><br><em>\u201eNowoczesne technologie TIK w nauczaniu \u2013 program CANVA\u201d<\/em>.<\/li>\n<\/ul>\n\n\n\n<hr class=\"wp-block-separator has-alpha-channel-opacity\"\/>\n\n\n\n<h3 class=\"wp-block-heading\"><strong>Informacje o projekcie<\/strong><\/h3>\n\n\n\n<p>Projekt jest wsp\u00f3\u0142finansowany ze \u015brodk\u00f3w programu regionalnego<br><strong>Fundusze Europejskie dla Kujaw i Pomorza 2021\u20132027<\/strong><br>z <strong>Europejskiego Funduszu Spo\u0142ecznego Plus (EFS+)<\/strong>,<br>w ramach <strong>Priorytetu FEKP.08 Fundusze Europejskie na wsparcie w obszarze rynku pracy, edukacji i w\u0142\u0105czenia spo\u0142ecznego<\/strong>,<br><strong>Dzia\u0142ania FEKP.08.12 Kszta\u0142cenie og\u00f3lne (BydOF-IP)<\/strong>.<\/p>\n\n\n\n<hr class=\"wp-block-separator has-alpha-channel-opacity\"\/>\n\n\n\n<h3 class=\"wp-block-heading\"><strong>Rekrutacja<\/strong><\/h3>\n\n\n\n<p>\ud83d\udcc5 <strong>Termin rekrutacji:<\/strong> od <strong>7 do 14 listopada 2025 r.<\/strong><\/p>\n\n\n\n<p>\ud83d\udcc4 Dokumenty rekrutacyjne dost\u0119pne s\u0105:<\/p>\n\n\n\n<ul class=\"wp-block-list\">\n<li>na stronie internetowej <strong><a href=\"http:\/\/www.kcynia.pl\">www.kcynia.pl<\/a><\/strong>,<\/li>\n\n\n\n<li>na stronach internetowych szk\u00f3\u0142 uczestnicz\u0105cych w projekcie,<\/li>\n\n\n\n<li>oraz w sekretariatach tych szk\u00f3\u0142.<\/li>\n<\/ul>\n\n\n\n<p>Komplet wype\u0142nionych dokument\u00f3w nale\u017cy sk\u0142ada\u0107 <strong>w sekretariacie szko\u0142y<\/strong>.<\/p>\n\n\n\n<hr class=\"wp-block-separator has-alpha-channel-opacity\"\/>\n\n\n\n<h3 class=\"wp-block-heading\"><strong>Koordynatorzy szkolni:<\/strong><\/h3>\n\n\n\n<ul class=\"wp-block-list\">\n<li><strong>Szko\u0142a Podstawowa im. Jana Czochralskiego w Kcyni<\/strong><br>Anna Lewandowska<br>tel. 52 589 37 43 | e-mail: <a>spkcynia@wp.pl<\/a><\/li>\n\n\n\n<li><strong>Szko\u0142a Podstawowa im. ppor. Marka Uleryka w Dziewierzewie<\/strong><br>Anna Ososko<br>tel. 52 384 10 15 | e-mail: <a>zs.dziewierzewo@wp.pl<\/a><\/li>\n\n\n\n<li><strong>Szko\u0142a Podstawowa w Mycielewie<\/strong><br>Marta Bernas<br>tel. 52 384 84 05 | e-mail: <a>sekretariat_mycielewo@o2.pl<\/a><\/li>\n<\/ul>\n\n\n\n<hr class=\"wp-block-separator has-alpha-channel-opacity\"\/>\n\n\n\n<p><strong>#FunduszeUE #FunduszeEuropejskie<\/strong><\/p>\n\n\n\n<figure class=\"wp-block-image size-full\"><img loading=\"lazy\" decoding=\"async\" width=\"1536\" height=\"146\" src=\"https:\/\/mycielewo.pl\/wp-content\/uploads\/2025\/11\/fe-KP-2022-2027_dofinansowanie-poziom-kolor-1-1536x146-2.jpg\" alt=\"\" class=\"wp-image-59123\" srcset=\"https:\/\/mycielewo.pl\/wp-content\/uploads\/2025\/11\/fe-KP-2022-2027_dofinansowanie-poziom-kolor-1-1536x146-2.jpg 1536w, https:\/\/mycielewo.pl\/wp-content\/uploads\/2025\/11\/fe-KP-2022-2027_dofinansowanie-poziom-kolor-1-1536x146-2-768x73.jpg 768w\" sizes=\"auto, (max-width: 1536px) 100vw, 1536px\" \/><\/figure>\n\n\n\n<figure class=\"wp-block-image size-full\"><img loading=\"lazy\" decoding=\"async\" width=\"1270\" height=\"1796\" src=\"https:\/\/mycielewo.pl\/wp-content\/uploads\/2025\/11\/img001-8.jpg\" alt=\"\" class=\"wp-image-59124\" srcset=\"https:\/\/mycielewo.pl\/wp-content\/uploads\/2025\/11\/img001-8.jpg 1270w, https:\/\/mycielewo.pl\/wp-content\/uploads\/2025\/11\/img001-8-768x1086.jpg 768w, https:\/\/mycielewo.pl\/wp-content\/uploads\/2025\/11\/img001-8-1086x1536.jpg 1086w\" sizes=\"auto, (max-width: 1270px) 100vw, 1270px\" \/><\/figure>\n\n\n\n<figure class=\"wp-block-image size-full\"><img loading=\"lazy\" decoding=\"async\" width=\"1270\" height=\"1796\" src=\"https:\/\/mycielewo.pl\/wp-content\/uploads\/2025\/11\/img002-8.jpg\" alt=\"\" class=\"wp-image-59125\" srcset=\"https:\/\/mycielewo.pl\/wp-content\/uploads\/2025\/11\/img002-8.jpg 1270w, https:\/\/mycielewo.pl\/wp-content\/uploads\/2025\/11\/img002-8-768x1086.jpg 768w, https:\/\/mycielewo.pl\/wp-content\/uploads\/2025\/11\/img002-8-1086x1536.jpg 1086w\" sizes=\"auto, (max-width: 1270px) 100vw, 1270px\" \/><\/figure>\n\n\n\n<div class=\"wp-block-file\"><a id=\"wp-block-file--media-73fddf16-ed77-48b4-b8df-02606d031de3\" href=\"https:\/\/mycielewo.pl\/wp-content\/uploads\/2026\/03\/1.-Formularz-uczestnictwa-nauczyciele_nauczycielki.docx\">1. Formularz uczestnictwa &#8211; nauczyciele_nauczycielki<\/a><a href=\"https:\/\/mycielewo.pl\/wp-content\/uploads\/2026\/03\/1.-Formularz-uczestnictwa-nauczyciele_nauczycielki.docx\" class=\"wp-block-file__button wp-element-button\" download aria-describedby=\"wp-block-file--media-73fddf16-ed77-48b4-b8df-02606d031de3\">Pobierz<\/a><\/div>\n\n\n\n<div class=\"wp-block-file\"><a id=\"wp-block-file--media-6ffbc781-44f5-4681-9ef7-d931752ea55a\" href=\"https:\/\/mycielewo.pl\/wp-content\/uploads\/2026\/03\/1.-Regulamin-rekrutacji.docx\">1. Regulamin rekrutacji<\/a><a href=\"https:\/\/mycielewo.pl\/wp-content\/uploads\/2026\/03\/1.-Regulamin-rekrutacji.docx\" class=\"wp-block-file__button wp-element-button\" download aria-describedby=\"wp-block-file--media-6ffbc781-44f5-4681-9ef7-d931752ea55a\">Pobierz<\/a><\/div>\n\n\n\n<div class=\"wp-block-file\"><a id=\"wp-block-file--media-182bb3bc-07ad-47ff-aa53-cbf1281f19ac\" href=\"https:\/\/mycielewo.pl\/wp-content\/uploads\/2026\/03\/2.-Formularz-zgloszeniowy-uczen_uczennica.docx\">2. Formularz zg\u0142oszeniowy &#8211; ucze\u0144_uczennica<\/a><a href=\"https:\/\/mycielewo.pl\/wp-content\/uploads\/2026\/03\/2.-Formularz-zgloszeniowy-uczen_uczennica.docx\" class=\"wp-block-file__button wp-element-button\" download aria-describedby=\"wp-block-file--media-182bb3bc-07ad-47ff-aa53-cbf1281f19ac\">Pobierz<\/a><\/div>\n\n\n\n<div class=\"wp-block-file\"><a id=\"wp-block-file--media-b8173ef7-7b43-4244-a0c0-33a06395ad11\" href=\"https:\/\/mycielewo.pl\/wp-content\/uploads\/2026\/03\/3.-Zaswiadczenie-status-ucznia.docx\">3. Za\u015bwiadczenie status ucznia<\/a><a href=\"https:\/\/mycielewo.pl\/wp-content\/uploads\/2026\/03\/3.-Zaswiadczenie-status-ucznia.docx\" class=\"wp-block-file__button wp-element-button\" download aria-describedby=\"wp-block-file--media-b8173ef7-7b43-4244-a0c0-33a06395ad11\">Pobierz<\/a><\/div>\n\n\n\n<div class=\"wp-block-file\"><a id=\"wp-block-file--media-850be006-f30d-4e0b-b7dc-3512d11e02ea\" href=\"https:\/\/mycielewo.pl\/wp-content\/uploads\/2026\/03\/4.-Deklaracja_uczestnictwa_w_projekcie.docx\">4. Deklaracja_uczestnictwa_w_projekcie<\/a><a href=\"https:\/\/mycielewo.pl\/wp-content\/uploads\/2026\/03\/4.-Deklaracja_uczestnictwa_w_projekcie.docx\" class=\"wp-block-file__button wp-element-button\" download aria-describedby=\"wp-block-file--media-850be006-f30d-4e0b-b7dc-3512d11e02ea\">Pobierz<\/a><\/div>\n\n\n\n<div class=\"wp-block-file\"><a id=\"wp-block-file--media-c0b235d5-8142-4f9f-94b3-4439ca7e94e6\" href=\"https:\/\/mycielewo.pl\/wp-content\/uploads\/2026\/03\/5.-Lista-nauczycieli-i-nauczycielek.docx\">5. Lista nauczycieli i nauczycielek<\/a><a href=\"https:\/\/mycielewo.pl\/wp-content\/uploads\/2026\/03\/5.-Lista-nauczycieli-i-nauczycielek.docx\" class=\"wp-block-file__button wp-element-button\" download aria-describedby=\"wp-block-file--media-c0b235d5-8142-4f9f-94b3-4439ca7e94e6\">Pobierz<\/a><\/div>\n\n\n\n<div class=\"wp-block-file\"><a id=\"wp-block-file--media-9ff2ad92-d629-43e3-9059-69f9fee8f4e5\" href=\"https:\/\/mycielewo.pl\/wp-content\/uploads\/2026\/03\/5.-Oswiadczenie-uczestnika-proj.-RODO_ver.2.docx\">5. O\u015bwiadczenie uczestnika proj. RODO_ver.2<\/a><a href=\"https:\/\/mycielewo.pl\/wp-content\/uploads\/2026\/03\/5.-Oswiadczenie-uczestnika-proj.-RODO_ver.2.docx\" class=\"wp-block-file__button wp-element-button\" download aria-describedby=\"wp-block-file--media-9ff2ad92-d629-43e3-9059-69f9fee8f4e5\">Pobierz<\/a><\/div>\n\n\n\n<div class=\"wp-block-file\"><a id=\"wp-block-file--media-5b45c3c9-a618-4a7c-8c54-a476655dfb54\" href=\"https:\/\/mycielewo.pl\/wp-content\/uploads\/2026\/03\/5.-Oswiadczenie_nl_-RODO_ver.2.docx\">5. O\u015bwiadczenie_nl_ RODO_ver.2<\/a><a href=\"https:\/\/mycielewo.pl\/wp-content\/uploads\/2026\/03\/5.-Oswiadczenie_nl_-RODO_ver.2.docx\" class=\"wp-block-file__button wp-element-button\" download aria-describedby=\"wp-block-file--media-5b45c3c9-a618-4a7c-8c54-a476655dfb54\">Pobierz<\/a><\/div>\n\n\n\n<p><\/p>\n","protected":false},"excerpt":{"rendered":"<p>ZAPRASZAMY DO UDZIA\u0141U W PROJEKCIE! Gmina Kcynia zaprasza uczni\u00f3w i uczennice oraz nauczycieli i nauczycielki ze szk\u00f3\u0142 w Kcyni, Dziewierzewie i Mycielewie do udzia\u0142u w projekcie pn.\u201eWzmocnienie kompetencji kluczowych uczni\u00f3w trzech szk\u00f3\u0142 podstawowych w Gminie Kcynia\u201d. Co oferuje projekt? W ramach projektu odb\u0119d\u0105 si\u0119 bezp\u0142atne zaj\u0119cia i warsztaty: Dla uczni\u00f3w i uczennic: Dla nauczycieli i&hellip; <a class=\"continue\" href=\"https:\/\/mycielewo.pl\/?page_id=59122\">Kontynuuj czytanie<span> REKRUTACJA\u00a0<\/span><\/a><\/p>\n","protected":false},"author":1,"featured_media":0,"parent":0,"menu_order":0,"comment_status":"closed","ping_status":"closed","template":"","meta":{"footnotes":""},"class_list":["post-59122","page","type-page","status-publish","hentry"],"_links":{"self":[{"href":"https:\/\/mycielewo.pl\/index.php?rest_route=\/wp\/v2\/pages\/59122","targetHints":{"allow":["GET"]}}],"collection":[{"href":"https:\/\/mycielewo.pl\/index.php?rest_route=\/wp\/v2\/pages"}],"about":[{"href":"https:\/\/mycielewo.pl\/index.php?rest_route=\/wp\/v2\/types\/page"}],"author":[{"embeddable":true,"href":"https:\/\/mycielewo.pl\/index.php?rest_route=\/wp\/v2\/users\/1"}],"replies":[{"embeddable":true,"href":"https:\/\/mycielewo.pl\/index.php?rest_route=%2Fwp%2Fv2%2Fcomments&post=59122"}],"version-history":[{"count":3,"href":"https:\/\/mycielewo.pl\/index.php?rest_route=\/wp\/v2\/pages\/59122\/revisions"}],"predecessor-version":[{"id":61015,"href":"https:\/\/mycielewo.pl\/index.php?rest_route=\/wp\/v2\/pages\/59122\/revisions\/61015"}],"wp:attachment":[{"href":"https:\/\/mycielewo.pl\/index.php?rest_route=%2Fwp%2Fv2%2Fmedia&parent=59122"}],"curies":[{"name":"wp","href":"https:\/\/api.w.org\/{rel}","templated":true}]}}