{"id":59117,"date":"2025-11-11T18:19:44","date_gmt":"2025-11-11T18:19:44","guid":{"rendered":"https:\/\/mycielewo.pl\/?page_id=59117"},"modified":"2025-11-11T18:21:06","modified_gmt":"2025-11-11T18:21:06","slug":"opis-projektu","status":"publish","type":"page","link":"https:\/\/mycielewo.pl\/?page_id=59117","title":{"rendered":"OPIS PROJEKTU"},"content":{"rendered":"\n<h2 class=\"wp-block-heading\"><strong>TYTU\u0141 PROJEKTU:<\/strong><\/h2>\n\n\n\n<p><strong>Wzmocnienie kompetencji kluczowych uczni\u00f3w trzech szk\u00f3\u0142 podstawowych w Gminie Kcynia<\/strong><\/p>\n\n\n\n<hr class=\"wp-block-separator has-alpha-channel-opacity\"\/>\n\n\n\n<h3 class=\"wp-block-heading\"><strong>Informacje o projekcie<\/strong><\/h3>\n\n\n\n<p>Projekt wsp\u00f3\u0142finansowany jest ze \u015brodk\u00f3w programu regionalnego <strong>Fundusze Europejskie dla Kujaw i Pomorza 2021\u20132027<\/strong>, z <strong>Europejskiego Funduszu Spo\u0142ecznego Plus<\/strong>, w ramach <strong>Priorytetu FEKP.08 Fundusze Europejskie na wsparcie w obszarze rynku pracy, edukacji i w\u0142\u0105czenia spo\u0142ecznego<\/strong>, <strong>Dzia\u0142ania FEKP.08.12 Kszta\u0142cenie og\u00f3lne (BydOF-IP).<\/strong><\/p>\n\n\n\n<p><strong>Cel szczeg\u00f3\u0142owy:<\/strong><br>Wspieranie r\u00f3wnego dost\u0119pu do dobrej jako\u015bci, w\u0142\u0105czaj\u0105cego kszta\u0142cenia i szkolenia oraz mo\u017cliwo\u015bci ich uko\u0144czenia \u2013 w szczeg\u00f3lno\u015bci w odniesieniu do grup w niekorzystnej sytuacji \u2013 od wczesnej edukacji i opieki nad dzieckiem, przez kszta\u0142cenie og\u00f3lne i zawodowe, po szkolnictwo wy\u017csze. Projekt obejmuje r\u00f3wnie\u017c dzia\u0142ania na rzecz kszta\u0142cenia i uczenia si\u0119 doros\u0142ych, w tym u\u0142atwianie mobilno\u015bci edukacyjnej i zapewnianie dost\u0119pno\u015bci dla os\u00f3b z niepe\u0142nosprawno\u015bciami.<\/p>\n\n\n\n<hr class=\"wp-block-separator has-alpha-channel-opacity\"\/>\n\n\n\n<h3 class=\"wp-block-heading\"><strong>Dane projektu<\/strong><\/h3>\n\n\n\n<ul class=\"wp-block-list\">\n<li><strong>Tytu\u0142 projektu:<\/strong> Wzmocnienie kompetencji kluczowych uczni\u00f3w trzech szk\u00f3\u0142 podstawowych w Gminie Kcynia<\/li>\n\n\n\n<li><strong>Numer projektu:<\/strong> FEKP.08.12-IP.02-0002\/24<\/li>\n\n\n\n<li><strong>Warto\u015b\u0107 projektu og\u00f3\u0142em:<\/strong> 604 850,00 z\u0142<\/li>\n\n\n\n<li><strong>Ca\u0142kowita warto\u015b\u0107 dofinansowania:<\/strong> 544 365,00 z\u0142\n<ul class=\"wp-block-list\">\n<li>z <strong>EFS+:<\/strong> 514 122,50 z\u0142<\/li>\n\n\n\n<li>z <strong>bud\u017cetu pa\u0144stwa:<\/strong> 30 242,50 z\u0142<\/li>\n<\/ul>\n<\/li>\n\n\n\n<li><strong>Wk\u0142ad w\u0142asny Gminy Kcynia:<\/strong> 60 485,00 z\u0142<\/li>\n\n\n\n<li><strong>Okres realizacji:<\/strong> 16.06.2025 \u2013 30.09.2026<\/li>\n<\/ul>\n\n\n\n<hr class=\"wp-block-separator has-alpha-channel-opacity\"\/>\n\n\n\n<h3 class=\"wp-block-heading\"><strong>Cel projektu<\/strong><\/h3>\n\n\n\n<p>Celem projektu jest <strong>podniesienie poziomu kszta\u0142cenia oraz rozw\u00f3j kompetencji kluczowych uczni\u00f3w<\/strong> szk\u00f3\u0142 podstawowych z terenu Gminy Kcynia. Projekt obejmuje zaj\u0119cia dodatkowe i warsztaty adresowane do uczni\u00f3w i uczennic oraz ich nauczycieli i nauczycielek.<\/p>\n\n\n\n<hr class=\"wp-block-separator has-alpha-channel-opacity\"\/>\n\n\n\n<h3 class=\"wp-block-heading\"><strong>Grupa docelowa<\/strong><\/h3>\n\n\n\n<p>Projekt skierowany jest do uczni\u00f3w i nauczycieli trzech szk\u00f3\u0142 podstawowych z Gminy Kcynia:<\/p>\n\n\n\n<ul class=\"wp-block-list\">\n<li><strong>Szko\u0142a Podstawowa im. Jana Czochralskiego w Kcyni<\/strong>, ul. Boles\u0142awa Pobo\u017cnego 1, 89-240 Kcynia, NIP 5581635776, REGON 000263515<\/li>\n\n\n\n<li><strong>Szko\u0142a Podstawowa w Mycielewie<\/strong>, Mycielewo 6, 89-240 Kcynia, NIP 5581635960, REGON 001155727<\/li>\n\n\n\n<li><strong>Szko\u0142a Podstawowa im. ppor. Marka Uleryka w Dziewierzewie<\/strong>, Dziewierzewo 34, 89-240 Kcynia, NIP 5581636066, REGON 001155733<\/li>\n<\/ul>\n\n\n\n<p>W projekcie we\u017amie udzia\u0142 <strong>200 uczni\u00f3w i uczennic<\/strong> oraz <strong>40 nauczycieli i nauczycielek<\/strong> (w tym 29 kobiet i 11 m\u0119\u017cczyzn).<\/p>\n\n\n\n<hr class=\"wp-block-separator has-alpha-channel-opacity\"\/>\n\n\n\n<h3 class=\"wp-block-heading\"><strong>Zadania realizowane w ramach projektu<\/strong><\/h3>\n\n\n\n<ol class=\"wp-block-list\">\n<li><strong>\u201eJ\u0119zyk angielski paszportem do zjednoczonej Europy\u201d<\/strong><br>Warsztaty j\u0119zykowe oraz doposa\u017cenie sal j\u0119zykowych (laboratoria j\u0119zykowe \u2013 20 stanowisk, zestawy pomocy dydaktycznych).<br>Liczba uczestnik\u00f3w: <strong>200 uczni\u00f3w i uczennic<\/strong> z 3 szk\u00f3\u0142.<\/li>\n\n\n\n<li><strong>\u201eZaprogramowani\u201d<\/strong><br>Zaj\u0119cia rozwijaj\u0105ce kompetencje matematyczne, naukowo-techniczne i cyfrowe \u2013 warsztaty z zakresu robotyki, programowania, projektowania w technologii 3D oraz \u201ematematyka z klockami LEGO\u201d.<br>Doposa\u017cenie sal w zestawy <strong>LEGO SPIKE Prime<\/strong> i <strong>tablety Lenovo 11&#8243;Z<\/strong>.<br>Liczba uczestnik\u00f3w: <strong>60 uczni\u00f3w i uczennic<\/strong> z 3 szk\u00f3\u0142.<\/li>\n\n\n\n<li><strong>\u201eSzkolny inkubator przedsi\u0119biorczo\u015bci\u201d<\/strong><br>Cykl warsztat\u00f3w (10 spotka\u0144 po 3 godziny zegarowe) dla grupy 20 uczni\u00f3w i uczennic z trzech szk\u00f3\u0142 podstawowych uczestnicz\u0105cych w projekcie.<\/li>\n\n\n\n<li><strong>\u201eWsp\u00f3\u0142czesne wyzwania edukacyjne\u201d<\/strong><br>Warsztaty dotycz\u0105ce higieny cyfrowej, edukacji medialnej i dzia\u0142a\u0144 prozdrowotnych (9 spotka\u0144).<br>Zakres: higiena cyfrowa w kontek\u015bcie korzystania ze smartfon\u00f3w, zdrowa dieta, przeciwdzia\u0142anie przemocy r\u00f3wie\u015bniczej i cyberprzemocy.<br>Liczba uczestnik\u00f3w: <strong>60 uczni\u00f3w i uczennic<\/strong> z 3 szk\u00f3\u0142.<\/li>\n\n\n\n<li><strong>Program rozwoju kompetencji nauczycielskich \u2013 \u201eNowoczesne technologie TIK w nauczaniu ze szczeg\u00f3lnym uwzgl\u0119dnieniem programu Canva\u201d<\/strong><br>Szkolenia dla <strong>40 nauczycieli i nauczycielek<\/strong> (29 kobiet i 11 m\u0119\u017cczyzn) w zakresie wykorzystania technologii informacyjno-komunikacyjnych w procesie dydaktycznym.<\/li>\n<\/ol>\n\n\n\n<hr class=\"wp-block-separator has-alpha-channel-opacity\"\/>\n\n\n\n<p><strong>#FunduszeUE #FunduszeEuropejskie<\/strong><\/p>\n\n\n\n<figure class=\"wp-block-image size-full\"><img loading=\"lazy\" decoding=\"async\" width=\"1536\" height=\"146\" src=\"https:\/\/mycielewo.pl\/wp-content\/uploads\/2025\/11\/fe-KP-2022-2027_dofinansowanie-poziom-kolor-1-1536x146-1.jpg\" alt=\"\" class=\"wp-image-59120\" srcset=\"https:\/\/mycielewo.pl\/wp-content\/uploads\/2025\/11\/fe-KP-2022-2027_dofinansowanie-poziom-kolor-1-1536x146-1.jpg 1536w, https:\/\/mycielewo.pl\/wp-content\/uploads\/2025\/11\/fe-KP-2022-2027_dofinansowanie-poziom-kolor-1-1536x146-1-768x73.jpg 768w\" sizes=\"auto, (max-width: 1536px) 100vw, 1536px\" \/><\/figure>\n","protected":false},"excerpt":{"rendered":"<p>TYTU\u0141 PROJEKTU: Wzmocnienie kompetencji kluczowych uczni\u00f3w trzech szk\u00f3\u0142 podstawowych w Gminie Kcynia Informacje o projekcie Projekt wsp\u00f3\u0142finansowany jest ze \u015brodk\u00f3w programu regionalnego Fundusze Europejskie dla Kujaw i Pomorza 2021\u20132027, z Europejskiego Funduszu Spo\u0142ecznego Plus, w ramach Priorytetu FEKP.08 Fundusze Europejskie na wsparcie w obszarze rynku pracy, edukacji i w\u0142\u0105czenia spo\u0142ecznego, Dzia\u0142ania FEKP.08.12 Kszta\u0142cenie og\u00f3lne (BydOF-IP).&hellip; <a class=\"continue\" href=\"https:\/\/mycielewo.pl\/?page_id=59117\">Kontynuuj czytanie<span> OPIS PROJEKTU<\/span><\/a><\/p>\n","protected":false},"author":1,"featured_media":0,"parent":0,"menu_order":0,"comment_status":"closed","ping_status":"closed","template":"","meta":{"footnotes":""},"class_list":["post-59117","page","type-page","status-publish","hentry"],"_links":{"self":[{"href":"https:\/\/mycielewo.pl\/index.php?rest_route=\/wp\/v2\/pages\/59117","targetHints":{"allow":["GET"]}}],"collection":[{"href":"https:\/\/mycielewo.pl\/index.php?rest_route=\/wp\/v2\/pages"}],"about":[{"href":"https:\/\/mycielewo.pl\/index.php?rest_route=\/wp\/v2\/types\/page"}],"author":[{"embeddable":true,"href":"https:\/\/mycielewo.pl\/index.php?rest_route=\/wp\/v2\/users\/1"}],"replies":[{"embeddable":true,"href":"https:\/\/mycielewo.pl\/index.php?rest_route=%2Fwp%2Fv2%2Fcomments&post=59117"}],"version-history":[{"count":2,"href":"https:\/\/mycielewo.pl\/index.php?rest_route=\/wp\/v2\/pages\/59117\/revisions"}],"predecessor-version":[{"id":59121,"href":"https:\/\/mycielewo.pl\/index.php?rest_route=\/wp\/v2\/pages\/59117\/revisions\/59121"}],"wp:attachment":[{"href":"https:\/\/mycielewo.pl\/index.php?rest_route=%2Fwp%2Fv2%2Fmedia&parent=59117"}],"curies":[{"name":"wp","href":"https:\/\/api.w.org\/{rel}","templated":true}]}}