{"id":5095,"date":"2013-04-29T09:38:52","date_gmt":"2013-04-29T09:38:52","guid":{"rendered":"http:\/\/www.mycielewo.interman.com.pl\/?page_id=5095"},"modified":"2025-07-09T17:51:32","modified_gmt":"2025-07-09T17:51:32","slug":"najlepsi-z-najlepszych","status":"publish","type":"page","link":"https:\/\/mycielewo.pl\/?page_id=5095","title":{"rendered":"Najlepsi z najlepszych"},"content":{"rendered":"\n<div class=\"wp-block-file\"><a id=\"wp-block-file--media-a9b0bdd8-2b22-490c-afa0-0caeed6e306f\" href=\"https:\/\/mycielewo.pl\/wp-content\/uploads\/2025\/06\/Uczniowie_wyroznieni_2025.pdf\">Uczniowie_wyr\u00f3\u017cnieni_2025<\/a><a href=\"https:\/\/mycielewo.pl\/wp-content\/uploads\/2025\/06\/Uczniowie_wyroznieni_2025.pdf\" class=\"wp-block-file__button wp-element-button\" download aria-describedby=\"wp-block-file--media-a9b0bdd8-2b22-490c-afa0-0caeed6e306f\">Pobierz<\/a><\/div>\n\n\n\n<div class=\"wp-block-file\"><a id=\"wp-block-file--media-18cff2de-bc86-46e3-8776-3253384be78e\" href=\"https:\/\/mycielewo.pl\/wp-content\/uploads\/2024\/06\/Lista-uczniow-wyroznionych-2024-1.pdf\">Lista-uczniow-wyroznionych-2023-2024<\/a><a href=\"https:\/\/mycielewo.pl\/wp-content\/uploads\/2024\/06\/Lista-uczniow-wyroznionych-2024-1.pdf\" class=\"wp-block-file__button wp-element-button\" download aria-describedby=\"wp-block-file--media-18cff2de-bc86-46e3-8776-3253384be78e\">Pobierz<\/a><\/div>\n\n\n\n<div class=\"wp-block-file\"><a id=\"wp-block-file--media-e7d2354a-dc15-410f-a1bd-3c7ce6e55d26\" href=\"https:\/\/mycielewo.pl\/wp-content\/uploads\/2023\/06\/Lista-uczniow-wyroznionych-2022-2023.doc\">Lista-uczniow-wyroznionych-2022-2023<\/a><a href=\"https:\/\/mycielewo.pl\/wp-content\/uploads\/2023\/06\/Lista-uczniow-wyroznionych-2022-2023.doc\" class=\"wp-block-file__button wp-element-button\" download aria-describedby=\"wp-block-file--media-e7d2354a-dc15-410f-a1bd-3c7ce6e55d26\">Pobierz<\/a><\/div>\n\n\n\n<div class=\"wp-block-file\"><a id=\"wp-block-file--media-65b4a52a-e91a-4a02-a92d-d57de58ae32c\" href=\"https:\/\/mycielewo.pl\/wp-content\/uploads\/2022\/12\/Lista-uczniow-wyroznionych-2021-2022-1.doc\">Lista-uczniow-wyroznionych-2021-2022<\/a><a href=\"https:\/\/mycielewo.pl\/wp-content\/uploads\/2022\/12\/Lista-uczniow-wyroznionych-2021-2022-1.doc\" class=\"wp-block-file__button wp-element-button\" download aria-describedby=\"wp-block-file--media-65b4a52a-e91a-4a02-a92d-d57de58ae32c\">Pobierz<\/a><\/div>\n\n\n\n<div class=\"wp-block-file\"><a id=\"wp-block-file--media-6676a530-a5b7-4a63-80ff-e761329b0adc\" href=\"https:\/\/mycielewo.pl\/wp-content\/uploads\/2021\/06\/Lista-uczniow-wyroznionych-2020-2021-1.pdf\">Lista uczni\u00f3w wyr\u00f3\u017cnionych 2020\/2021<\/a><a href=\"https:\/\/mycielewo.pl\/wp-content\/uploads\/2021\/06\/Lista-uczniow-wyroznionych-2020-2021-1.pdf\" class=\"wp-block-file__button wp-element-button\" download aria-describedby=\"wp-block-file--media-6676a530-a5b7-4a63-80ff-e761329b0adc\">Pobierz<\/a><\/div>\n\n\n\n<div class=\"wp-block-file\"><a id=\"wp-block-file--media-76797b50-5555-4131-b3cb-879c234bd451\" href=\"http:\/\/mycielewo.pl\/wp-content\/uploads\/2019\/06\/Lista-uczniow-wyr\u00f3\u017cnionych-2018-2019.doc\">Lista uczni\u00f3w wyr\u00f3\u017cnionych 2018\/2019<\/a><a href=\"http:\/\/mycielewo.pl\/wp-content\/uploads\/2019\/06\/Lista-uczniow-wyr\u00f3\u017cnionych-2018-2019.doc\" class=\"wp-block-file__button wp-element-button\" describedby=\"wp-block-file--media-76797b50-5555-4131-b3cb-879c234bd451\">Pobierz<\/a><\/div>\n\n\n<p><a href=\"http:\/\/mycielewo.pl\/wp-content\/uploads\/2018\/06\/Lista-uczniow-wyr\u00f3\u017cnionych-2017-2018-1.pdf\">Lista uczni\u00f3w wyr\u00f3\u017cnionych 2017-2018<\/a><\/p>\n<p><a href=\"http:\/\/mycielewo.pl\/wp-content\/uploads\/2017\/06\/Lista-uczni\u00f3w-wyr\u00f3\u017cnionych-2017.pdf\">Lista uczni\u00f3w wyr\u00f3\u017cnionych 2017<\/a><\/p>\n<p><a href=\"http:\/\/mycielewo.pl\/wp-content\/uploads\/2016\/06\/uczniowie-wyr%C3%B3%C5%BCnieni-2016.pdf\">uczniowie wyr\u00f3\u017cnieni 2016<\/a><\/p>\n\n\n\n\n\n\n\n\n\n","protected":false},"excerpt":{"rendered":"<p>Lista uczni\u00f3w wyr\u00f3\u017cnionych 2017-2018 Lista uczni\u00f3w wyr\u00f3\u017cnionych 2017 uczniowie wyr\u00f3\u017cnieni 2016<\/p>\n","protected":false},"author":1,"featured_media":0,"parent":0,"menu_order":0,"comment_status":"open","ping_status":"open","template":"","meta":{"footnotes":""},"class_list":["post-5095","page","type-page","status-publish","hentry"],"_links":{"self":[{"href":"https:\/\/mycielewo.pl\/index.php?rest_route=\/wp\/v2\/pages\/5095","targetHints":{"allow":["GET"]}}],"collection":[{"href":"https:\/\/mycielewo.pl\/index.php?rest_route=\/wp\/v2\/pages"}],"about":[{"href":"https:\/\/mycielewo.pl\/index.php?rest_route=\/wp\/v2\/types\/page"}],"author":[{"embeddable":true,"href":"https:\/\/mycielewo.pl\/index.php?rest_route=\/wp\/v2\/users\/1"}],"replies":[{"embeddable":true,"href":"https:\/\/mycielewo.pl\/index.php?rest_route=%2Fwp%2Fv2%2Fcomments&post=5095"}],"version-history":[{"count":22,"href":"https:\/\/mycielewo.pl\/index.php?rest_route=\/wp\/v2\/pages\/5095\/revisions"}],"predecessor-version":[{"id":57571,"href":"https:\/\/mycielewo.pl\/index.php?rest_route=\/wp\/v2\/pages\/5095\/revisions\/57571"}],"wp:attachment":[{"href":"https:\/\/mycielewo.pl\/index.php?rest_route=%2Fwp%2Fv2%2Fmedia&parent=5095"}],"curies":[{"name":"wp","href":"https:\/\/api.w.org\/{rel}","templated":true}]}}