{"id":45,"date":"2012-01-25T06:32:45","date_gmt":"2012-01-25T06:32:45","guid":{"rendered":"http:\/\/www.mycielewo.interman.com.pl\/?page_id=45"},"modified":"2024-10-02T16:43:48","modified_gmt":"2024-10-02T16:43:48","slug":"nauczyciele","status":"publish","type":"page","link":"https:\/\/mycielewo.pl\/?page_id=45","title":{"rendered":"Nauczyciele"},"content":{"rendered":"\n<p><b>Nauczyciele Szko\u0142y w Mycielewie<\/b><\/p>\n\n\n\n<figure class=\"wp-block-table\"><table><tbody><tr><td><strong>Nazwisko i Imi\u0119<\/strong><\/td><td><strong>Nauczany przedmiot<\/strong><\/td><\/tr><tr><td>Walasiewicz Katarzyna<\/td><td>j\u0119zyk polski, historia<\/td><\/tr><tr><td>Grobelna-Staniszewska Agnieszka<\/td><td>historia, wiedza o spo\u0142ecze\u0144stwie,<\/td><\/tr><tr><td>Borzych Marzena<\/td><td>biologia, chemia, biblioteka<\/td><\/tr><tr><td>Drozd Angelika<\/td><td>matematyka, fizyka<\/td><\/tr><tr><td>Dydyszko Paulina<\/td><td>nauczyciel wspomagaj\u0105cy<\/td><\/tr><tr><td>Szczepaniak Renata<\/td><td>religia<\/td><\/tr><tr><td>Koralewska-Hak Agnieszka<\/td><td>muzyka, j\u0119zyk polski<\/td><\/tr><tr><td>Kulczy\u0144ski Andrzej<\/td><td>wychowanie fizyczne, edukacja dla bezpiecze\u0144stwa<\/td><\/tr><tr><td>Kwiatkowska Ma\u0142gorzata<\/td><td>pedagog szkolny<\/td><\/tr><tr><td>Ma\u0107kowska-Wszyszcz Joanna<\/td><td>j\u0119zyk angielski, j\u0119zyk niemiecki<\/td><\/tr><tr><td>Magdziarz Agnieszka<\/td><td>matematyka, geografia, plastyka<\/td><\/tr><tr><td>Mrotek Beata<\/td><td>edukacja wczesnoszkolna<\/td><\/tr><tr><td>Nowak Wawrzyn<\/td><td>informatyka, technika, wychowanie fizyczne<\/td><\/tr><tr><td>Ginter Anna<\/td><td>psycholog<\/td><\/tr><tr><td>Pyszczy\u0144ska Anna<\/td><td>przyroda, edukacja wczesnoszkolna, wychowanie do \u017cycia w rodzinie<\/td><\/tr><tr><td>Pietras Ma\u0142gorzata<\/td><td>j\u0119zyk angielski<\/td><\/tr><tr><td>Stupek Martyna<\/td><td>edukacja wczesnoszkolna<\/td><\/tr><tr><td>Piechowiak Dominika<\/td><td>oddzia\u0142 przedszkolny<\/td><\/tr><tr><td>Wojtkowiak Iwona  <\/td><td>oddzia\u0142 przedszkolny  <\/td><\/tr><tr><td><p>Bernas Marta<\/p><\/td><td><p>nauczyciel wspomagaj\u0105cy<span style=\"font-family: inherit; font-size: inherit; font-weight: inherit; color: initial;\">, pedagog specjalny<\/span><\/p><\/td><\/tr><tr><td>Rakocy Lucyna<\/td><td><p>nauczyciel wspomagaj\u0105cy<\/p><\/td><\/tr><tr><td>Kie\u0142czy\u0144ska Natalia<\/td><td>logopeda<\/td><\/tr><tr><td>Grzybowska Weronika<\/td><td>oddzia\u0142 przedszkolny<\/td><\/tr><tr><td>Szablewska Magdalena<\/td><td><p>nauczyciel wspomagaj\u0105cy<\/p><\/td><\/tr><\/tbody><\/table><\/figure>\n","protected":false},"excerpt":{"rendered":"<p>Nauczyciele Szko\u0142y w Mycielewie Nazwisko i Imi\u0119 Nauczany przedmiot Walasiewicz Katarzyna j\u0119zyk polski, historia Grobelna-Staniszewska Agnieszka historia, wiedza o spo\u0142ecze\u0144stwie, Borzych Marzena biologia, chemia, biblioteka Drozd Angelika matematyka, fizyka Dydyszko Paulina nauczyciel wspomagaj\u0105cy Szczepaniak Renata religia Koralewska-Hak Agnieszka muzyka, j\u0119zyk polski Kulczy\u0144ski Andrzej wychowanie fizyczne, edukacja dla bezpiecze\u0144stwa Kwiatkowska Ma\u0142gorzata pedagog szkolny Ma\u0107kowska-Wszyszcz Joanna j\u0119zyk&hellip; <a class=\"continue\" href=\"https:\/\/mycielewo.pl\/?page_id=45\">Kontynuuj czytanie<span> Nauczyciele<\/span><\/a><\/p>\n","protected":false},"author":1,"featured_media":0,"parent":0,"menu_order":0,"comment_status":"open","ping_status":"open","template":"","meta":{"footnotes":""},"class_list":["post-45","page","type-page","status-publish","hentry"],"_links":{"self":[{"href":"https:\/\/mycielewo.pl\/index.php?rest_route=\/wp\/v2\/pages\/45","targetHints":{"allow":["GET"]}}],"collection":[{"href":"https:\/\/mycielewo.pl\/index.php?rest_route=\/wp\/v2\/pages"}],"about":[{"href":"https:\/\/mycielewo.pl\/index.php?rest_route=\/wp\/v2\/types\/page"}],"author":[{"embeddable":true,"href":"https:\/\/mycielewo.pl\/index.php?rest_route=\/wp\/v2\/users\/1"}],"replies":[{"embeddable":true,"href":"https:\/\/mycielewo.pl\/index.php?rest_route=%2Fwp%2Fv2%2Fcomments&post=45"}],"version-history":[{"count":67,"href":"https:\/\/mycielewo.pl\/index.php?rest_route=\/wp\/v2\/pages\/45\/revisions"}],"predecessor-version":[{"id":51149,"href":"https:\/\/mycielewo.pl\/index.php?rest_route=\/wp\/v2\/pages\/45\/revisions\/51149"}],"wp:attachment":[{"href":"https:\/\/mycielewo.pl\/index.php?rest_route=%2Fwp%2Fv2%2Fmedia&parent=45"}],"curies":[{"name":"wp","href":"https:\/\/api.w.org\/{rel}","templated":true}]}}