{"id":430,"date":"2012-01-26T12:09:14","date_gmt":"2012-01-26T12:09:14","guid":{"rendered":"http:\/\/www.mycielewo.interman.com.pl\/?page_id=430"},"modified":"2025-09-16T09:08:30","modified_gmt":"2025-09-16T09:08:30","slug":"prezydium-rady-rodzicow","status":"publish","type":"page","link":"https:\/\/mycielewo.pl\/?page_id=430","title":{"rendered":"Dla Rodzic\u00f3w"},"content":{"rendered":"\n<h1 class=\"wp-block-heading has-text-align-center\">Rada Rodzic\u00f3w Szko\u0142y Podstawowej <br>w Mycielewie<\/h1>\n\n\n\n<p class=\"has-text-align-center\">Rada Rodzic\u00f3w to wa\u017cny organ wspieraj\u0105cy dzia\u0142alno\u015b\u0107 szko\u0142y, integruj\u0105cy spo\u0142eczno\u015b\u0107 oraz inicjuj\u0105cy dzia\u0142ania na rzecz uczni\u00f3w.<\/p>\n\n\n\n<p><strong>Sk\u0142ad Rady Rodzic\u00f3w w roku szkolnym 2025\/2026:<\/strong><\/p>\n\n\n\n<ul class=\"wp-block-list\">\n<li><strong>Przewodnicz\u0105ca:<\/strong> &#8230;&#8230;&#8230;&#8230;&#8230;&#8230;&#8230;&#8230;&#8230;&#8230;&#8230;&#8230;&#8230;&#8230;&#8230;&#8230;&#8230;..<\/li>\n\n\n\n<li><strong>Zast\u0119pca przewodnicz\u0105cego:<\/strong> &#8230;&#8230;&#8230;&#8230;&#8230;&#8230;&#8230;&#8230;&#8230;&#8230;&#8230;&#8230;&#8230;&#8230;&#8230;&#8230;&#8230;..<\/li>\n\n\n\n<li><strong>Skarbnik:<\/strong> &#8230;&#8230;&#8230;&#8230;&#8230;&#8230;&#8230;&#8230;&#8230;&#8230;&#8230;&#8230;&#8230;&#8230;&#8230;&#8230;&#8230;..<\/li>\n\n\n\n<li><strong>Sekretarz:<\/strong> &#8230;&#8230;&#8230;&#8230;&#8230;&#8230;&#8230;&#8230;&#8230;&#8230;&#8230;&#8230;&#8230;&#8230;&#8230;&#8230;&#8230;..<\/li>\n<\/ul>\n\n\n\n<h3 class=\"wp-block-heading has-text-align-center\">Wp\u0142aty na fundusz Rady Rodzic\u00f3w<\/h3>\n\n\n\n<p class=\"has-text-align-center has-vivid-red-color has-text-color has-link-color wp-elements-3662371578dcc0a1078c029d39a36858\">Nr konta bankowego:<br><strong>60 8166 0009 0010 3440 2000 0001<\/strong><\/p>\n\n\n\n<p class=\"has-text-align-center\">Przy dokonywaniu wp\u0142aty prosimy w tytule przelewu wpisa\u0107:<br>\ud83d\udc49 <em>imi\u0119 i nazwisko ucznia<\/em><\/p>\n\n\n\n<p>Ka\u017cda wp\u0142ata wspiera dzia\u0142ania na rzecz naszych dzieci \u2013 organizacj\u0119 wydarze\u0144 szkolnych, konkurs\u00f3w, nagr\u00f3d oraz r\u00f3\u017cnorodnych inicjatyw edukacyjnych.<\/p>\n\n\n\n<figure class=\"wp-block-embed is-type-wp-embed is-provider-szko-a-podstawowa-w-mycielewie wp-block-embed-szko-a-podstawowa-w-mycielewie\"><div class=\"wp-block-embed__wrapper\">\n<blockquote class=\"wp-embedded-content\" data-secret=\"8OCWtiMiGA\"><a href=\"https:\/\/mycielewo.pl\/?p=57759\">Informacje organizacyjne \u2013 ubezpieczenie i Rada Rodzic\u00f3w<\/a><\/blockquote><iframe loading=\"lazy\" class=\"wp-embedded-content\" sandbox=\"allow-scripts\" security=\"restricted\" style=\"position: absolute; visibility: hidden;\" title=\"&#8222;Informacje organizacyjne \u2013 ubezpieczenie i Rada Rodzic\u00f3w&#8221; &#8212; Szko\u0142a Podstawowa w Mycielewie\" src=\"https:\/\/mycielewo.pl\/?p=57759&#038;embed=true#?secret=QHlOe2KNml#?secret=8OCWtiMiGA\" data-secret=\"8OCWtiMiGA\" width=\"600\" height=\"338\" frameborder=\"0\" marginwidth=\"0\" marginheight=\"0\" scrolling=\"no\"><\/iframe>\n<\/div><\/figure>\n","protected":false},"excerpt":{"rendered":"<p>Rada Rodzic\u00f3w Szko\u0142y Podstawowej w Mycielewie Rada Rodzic\u00f3w to wa\u017cny organ wspieraj\u0105cy dzia\u0142alno\u015b\u0107 szko\u0142y, integruj\u0105cy spo\u0142eczno\u015b\u0107 oraz inicjuj\u0105cy dzia\u0142ania na rzecz uczni\u00f3w. Sk\u0142ad Rady Rodzic\u00f3w w roku szkolnym 2025\/2026: Wp\u0142aty na fundusz Rady Rodzic\u00f3w Nr konta bankowego:60 8166 0009 0010 3440 2000 0001 Przy dokonywaniu wp\u0142aty prosimy w tytule przelewu wpisa\u0107:\ud83d\udc49 imi\u0119 i nazwisko ucznia&hellip; <a class=\"continue\" href=\"https:\/\/mycielewo.pl\/?page_id=430\">Kontynuuj czytanie<span> Dla Rodzic\u00f3w<\/span><\/a><\/p>\n","protected":false},"author":1,"featured_media":0,"parent":0,"menu_order":0,"comment_status":"open","ping_status":"open","template":"","meta":{"footnotes":""},"class_list":["post-430","page","type-page","status-publish","hentry"],"_links":{"self":[{"href":"https:\/\/mycielewo.pl\/index.php?rest_route=\/wp\/v2\/pages\/430","targetHints":{"allow":["GET"]}}],"collection":[{"href":"https:\/\/mycielewo.pl\/index.php?rest_route=\/wp\/v2\/pages"}],"about":[{"href":"https:\/\/mycielewo.pl\/index.php?rest_route=\/wp\/v2\/types\/page"}],"author":[{"embeddable":true,"href":"https:\/\/mycielewo.pl\/index.php?rest_route=\/wp\/v2\/users\/1"}],"replies":[{"embeddable":true,"href":"https:\/\/mycielewo.pl\/index.php?rest_route=%2Fwp%2Fv2%2Fcomments&post=430"}],"version-history":[{"count":62,"href":"https:\/\/mycielewo.pl\/index.php?rest_route=\/wp\/v2\/pages\/430\/revisions"}],"predecessor-version":[{"id":57763,"href":"https:\/\/mycielewo.pl\/index.php?rest_route=\/wp\/v2\/pages\/430\/revisions\/57763"}],"wp:attachment":[{"href":"https:\/\/mycielewo.pl\/index.php?rest_route=%2Fwp%2Fv2%2Fmedia&parent=430"}],"curies":[{"name":"wp","href":"https:\/\/api.w.org\/{rel}","templated":true}]}}