{"id":410,"date":"2012-01-26T11:04:41","date_gmt":"2012-01-26T11:04:41","guid":{"rendered":"http:\/\/www.mycielewo.interman.com.pl\/?page_id=410"},"modified":"2024-03-04T11:48:14","modified_gmt":"2024-03-04T11:48:14","slug":"pedagog","status":"publish","type":"page","link":"https:\/\/mycielewo.pl\/?page_id=410","title":{"rendered":"Pedagog"},"content":{"rendered":"\n<p>Ankieta Martyna Wojciechowska <a href=\"http:\/\/dbamomojzasieg.pl\/badanie-mlode-glowy\">dbamomojzasieg.pl\/badanie-mlode-glowy<\/a><\/p>\n\n\n\n<p>Pedagogiem szkolnym w Szkole Podstawowej w Mycielewie jest<\/p>\n\n\n\n<p>pani mgr <strong>Ma\u0142gorzata Kwiatkowska<\/strong><\/p>\n\n\n\n<p>Je\u015bli rodzicu, uczniu chcia\u0142by\u015b si\u0119 ze mn\u0105 skontaktowa\u0107 to prosz\u0119 pisz na adres <a href=\"mailto:pedagogmycielewo@wp.pl\">pedagogmycielewo@wp.pl<\/a><\/p>\n\n\n<div class=\"wp-block-image\">\n<figure class=\"aligncenter\"><img loading=\"lazy\" decoding=\"async\" width=\"113\" height=\"150\" src=\"http:\/\/mycielewo.pl\/wp-content\/uploads\/2012\/01\/pedagog.jpg\" alt=\"pedagog\" class=\"wp-image-8710\"\/><\/figure>\n<\/div>\n\n\n<p><strong>godziny pracy:<\/strong><\/p>\n\n\n\n<p><strong>poniedzia\u0142ek&nbsp;&nbsp;&nbsp;&nbsp;&nbsp; 8.25 \u2013 13.10<\/strong><br><strong>wtorek&nbsp;&nbsp;&nbsp;&nbsp;&nbsp;&nbsp;&nbsp;&nbsp;&nbsp;&nbsp;&nbsp;&nbsp;&nbsp;&nbsp;&nbsp; 8.25 \u2013&nbsp;13.10<\/strong><br><strong>\u015broda&nbsp;&nbsp;&nbsp;&nbsp;&nbsp;&nbsp;&nbsp;&nbsp;&nbsp;&nbsp;&nbsp;&nbsp;&nbsp;&nbsp;&nbsp;&nbsp;&nbsp; 8.25 \u2013 14.00&nbsp;&nbsp;<\/strong><br><strong>czwartek&nbsp;&nbsp;&nbsp;&nbsp;&nbsp;&nbsp;&nbsp;&nbsp;&nbsp;&nbsp;&nbsp; 8.25 \u2013 13.30&nbsp;&nbsp;&nbsp;&nbsp;&nbsp;&nbsp;&nbsp;&nbsp;&nbsp;&nbsp;&nbsp;&nbsp;&nbsp;&nbsp;&nbsp;&nbsp;&nbsp;&nbsp;&nbsp;&nbsp;&nbsp;&nbsp;&nbsp;&nbsp;&nbsp;&nbsp;&nbsp;&nbsp;&nbsp;&nbsp;&nbsp;&nbsp;&nbsp;&nbsp;<\/strong><br><strong>pi\u0105tek&nbsp;&nbsp;&nbsp;&nbsp;&nbsp;&nbsp;&nbsp;&nbsp;&nbsp;&nbsp;&nbsp;&nbsp;&nbsp;&nbsp;&nbsp;&nbsp; 8.20 \u2013 13.10&nbsp; &nbsp; &nbsp; &nbsp; &nbsp; &nbsp; &nbsp; &nbsp; &nbsp; &nbsp; &nbsp;<\/strong><\/p>\n\n\n\n<p><\/p>\n\n\n\n<div class=\"wp-block-file\"><a id=\"wp-block-file--media-e0a2fc29-c178-4d98-89a9-5b8d58cc048f\" href=\"http:\/\/mycielewo.pl\/wp-content\/uploads\/2020\/04\/Zbi\u00f3r-\u0107wicze\u0144-relaksacyjnych-dla-dzieci.pdf\"><br><br>Zbi\u00f3r-\u0107wicze\u0144-relaksacyjnych-dla-dzieci<\/a><a href=\"http:\/\/mycielewo.pl\/wp-content\/uploads\/2020\/04\/Zbi\u00f3r-\u0107wicze\u0144-relaksacyjnych-dla-dzieci.pdf\" class=\"wp-block-file__button wp-element-button\" describedby=\"wp-block-file--media-e0a2fc29-c178-4d98-89a9-5b8d58cc048f\">Pobierz<\/a><\/div>\n\n\n<p><b>&nbsp; &nbsp; &nbsp; &nbsp; &nbsp; &nbsp; &nbsp; &nbsp; &nbsp; &nbsp; &nbsp; &nbsp; &nbsp; &nbsp; &nbsp; &nbsp; &nbsp; &nbsp; &nbsp; &nbsp; &nbsp; &nbsp; &nbsp;&nbsp;<\/b><\/p>\n<p>Drogi uczniu! Zwr\u00f3\u0107 si\u0119 do pedagoga, kiedy:<\/p>\n<ul>\n<li>czujesz, \u017ce nikt Ci\u0119 nie rozumie, jeste\u015b samotny,<\/li>\n<li>jeste\u015b krzywdzony, nie umiesz si\u0119 broni\u0107,<\/li>\n<li>masz problem i nie wiesz jak go rozwi\u0105za\u0107,<\/li>\n<li>kto\u015b Ci\u0119 szanta\u017cuje i stosuje wobec Ciebie przemoc,<\/li>\n<li>straci\u0142e\u015b ochot\u0119 do nauki,<\/li>\n<li>chcesz podzieli\u0107 si\u0119 swoj\u0105 rado\u015bci\u0105, sukcesem,<\/li>\n<li>chcia\u0142by\u015b z kim\u015b porozmawia\u0107,<\/li>\n<li>czujesz si\u0119 o\u015bmieszany, upokorzony,<\/li>\n<li>chcia\u0142by\u015b pom\u00f3c innym lecz nie wiesz w jaki spos\u00f3b,<\/li>\n<li>masz ciekawe pomys\u0142y, kt\u00f3rymi chcesz si\u0119 podzieli\u0107.<\/li>\n<\/ul>\n<p align=\"center\"><b>WA\u017bNE NUMERY TELEFON\u00d3W<\/b><\/p>\n<ul>\n<li><b><i>Telefon zaufania<\/i><\/b><i> nr <b>116&nbsp;111&nbsp;<\/b><\/i><i>(numer bezp\u0142atny) &#8211; dzwonisz w trudnych dla siebie sytuacjach i zawsze otrzymasz pomoc!!!<\/i><\/li>\n<li><b><i>Niebieska linia nr 801&nbsp;120&nbsp;002&nbsp;<\/i><\/b><i>(dla ofiar przemocy w rodzinie)<\/i><\/li>\n<li><b><i>Nakielski O\u015brodek Terapii Uzale\u017cnie\u0144 w Nakle nr 531&nbsp;687&nbsp;497 &#8211; <\/i><\/b><b><i>je\u015bli uzale\u017cnienie (alkoholizm, narkomania, lekomania, hazard) rujnuje \u017cycie i zdrowie Twoje lub Twojej rodziny<\/i><\/b><\/li>\n<\/ul>\n<p><a href=\"http:\/\/mycielewo.pl\/wp-content\/uploads\/2012\/01\/Szukasz-pomocy.doc\">Szukasz pomocy<\/a>?<\/p>\n<p><a href=\"http:\/\/mycielewo.pl\/wp-content\/uploads\/2012\/01\/RADY-DLA-RODZIC\u00d3W.pdf\">RADY DLA RODZIC\u00d3W<\/a><\/p>\n<p><a href=\"http:\/\/mycielewo.pl\/?attachment_id=4722\" rel=\"attachment wp-att-4722\">JAK RADZI\u0106 SOBIE ZE STRESEM?<\/a><\/p>\n<p><a href=\"http:\/\/mycielewo.pl\/?attachment_id=4723\" rel=\"attachment wp-att-4723\">Co robi\u0107, gdy dziecko pije alkohol?<\/a><\/p>\n<p><a href=\"http:\/\/mycielewo.pl\/?attachment_id=4724\" rel=\"attachment wp-att-4724\">JAK ROZPOZNA\u0106 CZY MOJE DZIECKO ZA\u017bYWA NARKOTYKI?<\/a><\/p>","protected":false},"excerpt":{"rendered":"<p>Ankieta Martyna Wojciechowska dbamomojzasieg.pl\/badanie-mlode-glowy Pedagogiem szkolnym w Szkole Podstawowej w Mycielewie jest pani mgr Ma\u0142gorzata Kwiatkowska Je\u015bli rodzicu, uczniu chcia\u0142by\u015b si\u0119 ze mn\u0105 skontaktowa\u0107 to prosz\u0119 pisz na adres pedagogmycielewo@wp.pl godziny pracy: poniedzia\u0142ek&nbsp;&nbsp;&nbsp;&nbsp;&nbsp; 8.25 \u2013 13.10wtorek&nbsp;&nbsp;&nbsp;&nbsp;&nbsp;&nbsp;&nbsp;&nbsp;&nbsp;&nbsp;&nbsp;&nbsp;&nbsp;&nbsp;&nbsp; 8.25 \u2013&nbsp;13.10\u015broda&nbsp;&nbsp;&nbsp;&nbsp;&nbsp;&nbsp;&nbsp;&nbsp;&nbsp;&nbsp;&nbsp;&nbsp;&nbsp;&nbsp;&nbsp;&nbsp;&nbsp; 8.25 \u2013 14.00&nbsp;&nbsp;czwartek&nbsp;&nbsp;&nbsp;&nbsp;&nbsp;&nbsp;&nbsp;&nbsp;&nbsp;&nbsp;&nbsp; 8.25 \u2013 13.30&nbsp;&nbsp;&nbsp;&nbsp;&nbsp;&nbsp;&nbsp;&nbsp;&nbsp;&nbsp;&nbsp;&nbsp;&nbsp;&nbsp;&nbsp;&nbsp;&nbsp;&nbsp;&nbsp;&nbsp;&nbsp;&nbsp;&nbsp;&nbsp;&nbsp;&nbsp;&nbsp;&nbsp;&nbsp;&nbsp;&nbsp;&nbsp;&nbsp;&nbsp;pi\u0105tek&nbsp;&nbsp;&nbsp;&nbsp;&nbsp;&nbsp;&nbsp;&nbsp;&nbsp;&nbsp;&nbsp;&nbsp;&nbsp;&nbsp;&nbsp;&nbsp; 8.20 \u2013 13.10&nbsp; &nbsp; &nbsp; &nbsp; &nbsp; &nbsp; &nbsp; &nbsp; &nbsp;&hellip; <a class=\"continue\" href=\"https:\/\/mycielewo.pl\/?page_id=410\">Kontynuuj czytanie<span> Pedagog<\/span><\/a><\/p>\n","protected":false},"author":1,"featured_media":0,"parent":0,"menu_order":0,"comment_status":"open","ping_status":"open","template":"","meta":{"footnotes":""},"class_list":["post-410","page","type-page","status-publish","hentry"],"_links":{"self":[{"href":"https:\/\/mycielewo.pl\/index.php?rest_route=\/wp\/v2\/pages\/410","targetHints":{"allow":["GET"]}}],"collection":[{"href":"https:\/\/mycielewo.pl\/index.php?rest_route=\/wp\/v2\/pages"}],"about":[{"href":"https:\/\/mycielewo.pl\/index.php?rest_route=\/wp\/v2\/types\/page"}],"author":[{"embeddable":true,"href":"https:\/\/mycielewo.pl\/index.php?rest_route=\/wp\/v2\/users\/1"}],"replies":[{"embeddable":true,"href":"https:\/\/mycielewo.pl\/index.php?rest_route=%2Fwp%2Fv2%2Fcomments&post=410"}],"version-history":[{"count":53,"href":"https:\/\/mycielewo.pl\/index.php?rest_route=\/wp\/v2\/pages\/410\/revisions"}],"predecessor-version":[{"id":41881,"href":"https:\/\/mycielewo.pl\/index.php?rest_route=\/wp\/v2\/pages\/410\/revisions\/41881"}],"wp:attachment":[{"href":"https:\/\/mycielewo.pl\/index.php?rest_route=%2Fwp%2Fv2%2Fmedia&parent=410"}],"curies":[{"name":"wp","href":"https:\/\/api.w.org\/{rel}","templated":true}]}}