{"id":39239,"date":"2023-10-21T10:14:45","date_gmt":"2023-10-21T10:14:45","guid":{"rendered":"http:\/\/www.mycielewo.pl\/?page_id=39239"},"modified":"2023-10-21T10:20:07","modified_gmt":"2023-10-21T10:20:07","slug":"stowarzyszenie-aktywne-mycielewo","status":"publish","type":"page","link":"https:\/\/mycielewo.pl\/?page_id=39239","title":{"rendered":"Stowarzyszenie Aktywne Mycielewo"},"content":{"rendered":"\n<p class=\"has-text-align-center has-medium-font-size\">Stowarzyszenie dzia\u0142a przy<br>Szkole Podstawowej w Mycielewie.<\/p>\n\n\n\n<p class=\"has-text-align-center has-medium-font-size\">Wszystkie dzia\u0142ania skierowane s\u0105 na rozw\u00f3j naszych uczni\u00f3w.<\/p>\n\n\n\n<p class=\"has-text-align-center has-medium-font-size\">Zebrane fundusze inwestujemy w rozw\u00f3j bazy edukacyjnej szko\u0142y, finansujemy <br>z nich dodatkowe innowacyjne zaj\u0119cia, itp.<\/p>\n\n\n\n<p class=\"has-text-align-center has-medium-font-size\">Prosimy o wp\u0142aty na konto bankowe:<\/p>\n\n\n\n<p class=\"has-text-align-center has-vivid-red-color has-text-color has-medium-font-size\"><strong>02816600092102000006850001<br><br><\/strong> <em>Stowarzyszenie Aktywne Mycielewo<br>Mycielewo 6, 89-240 Kcynia<br>NIP 558-187-70-31 REGON 520081326<\/em><\/p>\n\n\n<div class=\"wp-block-image\">\n<figure class=\"aligncenter size-large\"><img loading=\"lazy\" decoding=\"async\" width=\"300\" height=\"285\" src=\"https:\/\/mycielewo.pl\/wp-content\/uploads\/2023\/10\/LOGO_STOWARZYSZENIE-300x285.jpg\" alt=\"\" class=\"wp-image-39240\" srcset=\"https:\/\/mycielewo.pl\/wp-content\/uploads\/2023\/10\/LOGO_STOWARZYSZENIE-300x285.jpg 300w, https:\/\/mycielewo.pl\/wp-content\/uploads\/2023\/10\/LOGO_STOWARZYSZENIE-250x238.jpg 250w, https:\/\/mycielewo.pl\/wp-content\/uploads\/2023\/10\/LOGO_STOWARZYSZENIE-768x730.jpg 768w, https:\/\/mycielewo.pl\/wp-content\/uploads\/2023\/10\/LOGO_STOWARZYSZENIE-1536x1460.jpg 1536w, https:\/\/mycielewo.pl\/wp-content\/uploads\/2023\/10\/LOGO_STOWARZYSZENIE.jpg 1920w\" sizes=\"auto, (max-width: 300px) 100vw, 300px\" \/><\/figure>\n<\/div>","protected":false},"excerpt":{"rendered":"<p>Stowarzyszenie dzia\u0142a przySzkole Podstawowej w Mycielewie. Wszystkie dzia\u0142ania skierowane s\u0105 na rozw\u00f3j naszych uczni\u00f3w. Zebrane fundusze inwestujemy w rozw\u00f3j bazy edukacyjnej szko\u0142y, finansujemy z nich dodatkowe innowacyjne zaj\u0119cia, itp. Prosimy o wp\u0142aty na konto bankowe: 02816600092102000006850001 Stowarzyszenie Aktywne MycielewoMycielewo 6, 89-240 KcyniaNIP 558-187-70-31 REGON 520081326<\/p>\n","protected":false},"author":1,"featured_media":0,"parent":0,"menu_order":0,"comment_status":"closed","ping_status":"closed","template":"","meta":{"footnotes":""},"class_list":["post-39239","page","type-page","status-publish","hentry"],"_links":{"self":[{"href":"https:\/\/mycielewo.pl\/index.php?rest_route=\/wp\/v2\/pages\/39239","targetHints":{"allow":["GET"]}}],"collection":[{"href":"https:\/\/mycielewo.pl\/index.php?rest_route=\/wp\/v2\/pages"}],"about":[{"href":"https:\/\/mycielewo.pl\/index.php?rest_route=\/wp\/v2\/types\/page"}],"author":[{"embeddable":true,"href":"https:\/\/mycielewo.pl\/index.php?rest_route=\/wp\/v2\/users\/1"}],"replies":[{"embeddable":true,"href":"https:\/\/mycielewo.pl\/index.php?rest_route=%2Fwp%2Fv2%2Fcomments&post=39239"}],"version-history":[{"count":4,"href":"https:\/\/mycielewo.pl\/index.php?rest_route=\/wp\/v2\/pages\/39239\/revisions"}],"predecessor-version":[{"id":39246,"href":"https:\/\/mycielewo.pl\/index.php?rest_route=\/wp\/v2\/pages\/39239\/revisions\/39246"}],"wp:attachment":[{"href":"https:\/\/mycielewo.pl\/index.php?rest_route=%2Fwp%2Fv2%2Fmedia&parent=39239"}],"curies":[{"name":"wp","href":"https:\/\/api.w.org\/{rel}","templated":true}]}}