{"id":36546,"date":"2023-05-09T06:53:42","date_gmt":"2023-05-09T06:53:42","guid":{"rendered":"http:\/\/www.mycielewo.pl\/?page_id=36546"},"modified":"2025-04-30T09:24:26","modified_gmt":"2025-04-30T09:24:26","slug":"egzamin-osmoklasisty","status":"publish","type":"page","link":"https:\/\/mycielewo.pl\/?page_id=36546","title":{"rendered":"Egzamin \u00f3smoklasisty"},"content":{"rendered":"\n<p class=\"has-vivid-cyan-blue-color has-text-color\">Dzie\u0144 dobry!<\/p>\n\n\n\n<p class=\"has-vivid-cyan-blue-color has-text-color\">Przygotowali\u015bmy dla Was specjalne kompendium wiedzy o egzaminie \u00f3smoklasisty.<br>Znajdziecie tu wiele przydatnych informacji. Zapraszamy!<\/p>\n\n\n\n<p><strong>1. Prezentacja multimedialna dla ucznia i rodzica<\/strong><\/p>\n\n\n\n<div class=\"wp-block-file\"><a id=\"wp-block-file--media-ac2e58e6-44cd-4704-819d-f7ff12075e94\" href=\"https:\/\/mycielewo.pl\/wp-content\/uploads\/2025\/02\/egzamin_osmoklasisty_2024.pptx\">egzamin_osmoklasisty_2024\/2025<\/a><a href=\"https:\/\/mycielewo.pl\/wp-content\/uploads\/2025\/02\/egzamin_osmoklasisty_2024.pptx\" class=\"wp-block-file__button wp-element-button\" download aria-describedby=\"wp-block-file--media-ac2e58e6-44cd-4704-819d-f7ff12075e94\">Pobierz<\/a><\/div>\n\n\n\n<p><strong>a)<\/strong> z<strong>miany w organizacji egzaminu \u00f3smoklasisty&nbsp;<\/strong><br><em>30 stycznia br. wesz\u0142o w \u017cycie Rozporz\u0105dzenie Ministra Edukacji z dnia 29 stycznia 2025 r. (poz. 121) zmieniaj\u0105ce rozporz\u0105dzenie w sprawie szczeg\u00f3\u0142owych warunk\u00f3w i sposobu przeprowadzania egzaminu \u00f3smoklasisty.<\/em><br><em>Nowelizacja rozporz\u0105dzenia zmienia czas trwania egzaminu \u00f3smoklasisty z ka\u017cdego przedmiotu i przed\u0142u\u017ca dotychczasowy czas jego trwania o oko\u0142o 25%. Czas trwania egzaminu \u00f3smoklasisty&nbsp;<strong>ju\u017c od bie\u017c\u0105cego roku szkolnego<\/strong>&nbsp;b\u0119dzie wynosi\u0142: z j\u0119zyka polskiego \u2013 150 minut; z matematyki \u2013 125 minut; z j\u0119zyka obcego nowo\u017cytnego \u2013 110 minut.<\/em><\/p>\n\n\n\n<p>\u017ar\u00f3d\u0142o: <a href=\"https:\/\/www.gov.pl\/web\/edukacja\/zmiany-w-organizacji-egzaminu-osmoklasisty--przepisy-gotowe\">https:\/\/www.gov.pl\/web\/edukacja\/zmiany-w-organizacji-egzaminu-osmoklasisty&#8211;przepisy-gotowe<\/a><\/p>\n\n\n\n<p><strong>2. <strong>Wszystko o egzaminie \u00f3smoklasisty na stronie Okr\u0119gowej Komisji Egzaminacyjnej w Gda\u0144sku<\/strong><\/strong><\/p>\n\n\n\n<p><a href=\"https:\/\/www.oke.gda.pl\/?page_id=9\">Informacje o egzaminie \u00f3smoklasisty &#8211; OKE Gda\u0144sk<\/a><\/p>\n\n\n\n<p><strong>3. Materia\u0142y \u0107wiczeniowe i arkusze egzaminacyjne z lat poprzednich<\/strong><\/p>\n\n\n\n<p><a href=\"https:\/\/www.oke.gda.pl\/?page_id=1570\">Arkusze egzaminacyjne<\/a><\/p>\n\n\n\n<p><a href=\"https:\/\/testy.dlaucznia.info\">Egzamin \u00f3smoklasisty &#8211; testy, zadania, informacje<img loading=\"lazy\" decoding=\"async\" width=\"1\" height=\"1\" src=\"https:\/\/studentnews.pl\/st_new.php?typ=pok&amp;id1=81094&amp;p=0\"><\/a><\/p>\n\n\n\n<p><strong>4. Aplikacja egzamin \u00f3smoklasisty (E8) &#8211; testy i zadania<img loading=\"lazy\" decoding=\"async\" width=\"1\" height=\"1\" src=\"https:\/\/studentnews.pl\/st_new.php?typ=pok&amp;id1=81618&amp;p=0\"><\/strong><\/p>\n\n\n\n<p><a href=\"https:\/\/www.dlaucznia.info\/s\/5208\/81618-aplikacja-egzamin-osmoklasisty.htm\">Aplikacja do pobrania<\/a><\/p>\n\n\n\n<p><strong>5. Jak radzi\u0107 sobie ze stresem egzaminacyjnym?<\/strong><\/p>\n\n\n\n<p class=\"has-vivid-green-cyan-color has-text-color\">a) prezentacja<\/p>\n\n\n\n<div class=\"wp-block-file\"><a id=\"wp-block-file--media-56f56b48-1fde-4503-b544-4887af074aa5\" href=\"https:\/\/mycielewo.pl\/wp-content\/uploads\/2023\/05\/20220425_E8_Jak_radzic_sobie_ze_stresem_egzaminacyjnym.pdf\">Jak_radzic_sobie_ze_stresem_egzaminacyjnym<\/a><a href=\"https:\/\/mycielewo.pl\/wp-content\/uploads\/2023\/05\/20220425_E8_Jak_radzic_sobie_ze_stresem_egzaminacyjnym.pdf\" class=\"wp-block-file__button wp-element-button\" download aria-describedby=\"wp-block-file--media-56f56b48-1fde-4503-b544-4887af074aa5\">Pobierz<\/a><\/div>\n\n\n\n<p class=\"has-vivid-green-cyan-color has-text-color\">b) film<\/p>\n\n\n\n<figure class=\"wp-block-embed is-type-video is-provider-youtube wp-block-embed-youtube wp-embed-aspect-16-9 wp-has-aspect-ratio\"><div class=\"wp-block-embed__wrapper\">\n<iframe loading=\"lazy\" title=\"Egzamin \u00f3smoklasisty - ostatnia prosta, cz.1: Stres. Wr\u00f3g czy przyjaciel? Jak sobie z nim poradzi\u0107?\" width=\"830\" height=\"467\" src=\"https:\/\/www.youtube.com\/embed\/3d18qdwpUl8?feature=oembed\" frameborder=\"0\" allow=\"accelerometer; autoplay; clipboard-write; encrypted-media; gyroscope; picture-in-picture; web-share\" referrerpolicy=\"strict-origin-when-cross-origin\" allowfullscreen><\/iframe>\n<\/div><\/figure>\n\n\n\n<p><strong>6. Zadania zamkni\u0119te to \u0107wicze\u0144<\/strong><\/p>\n\n\n\n<p><a href=\"https:\/\/forms.office.com\/Pages\/ResponsePage.aspx?id=k0swd4fBpUGK1LqYHCmQ0QiX_lFRedxAj9UDNZqE_95UMEE1U0xENjU1WDA3TVo4SDZUQ1pMUjQwSC4u\">J\u0119zyk polski &#8211; egzamin \u00f3smoklasisty 2025 (pr\u00f3bny)<\/a><\/p>\n\n\n\n<p><a href=\"https:\/\/forms.office.com\/Pages\/ResponsePage.aspx?id=V1H5fDpznECCfXAi7jPNRqZk65lWamdDq_-3exUHsSZUNU5EU0hVVk9GNjJCRFg3UDlRQVgwNkw5Ri4u\">Matematyka &#8211; egzamin \u00f3smoklasisty 2025 (pr\u00f3bny)<\/a><\/p>\n\n\n\n<p><a href=\"https:\/\/forms.office.com\/Pages\/ResponsePage.aspx?id=V1H5fDpznECCfXAi7jPNRqZk65lWamdDq_-3exUHsSZUOUlUVVM3MlhJM0JVT05OT0tJM1pNQ1gzQi4u\">J\u0119zyk angielski &#8211; egzamin \u00f3smoklasisty 2025 (pr\u00f3bny)<\/a><\/p>\n\n\n\n<p><a href=\"https:\/\/forms.office.com\/Pages\/ResponsePage.aspx?id=V1H5fDpznECCfXAi7jPNRqZk65lWamdDq_-3exUHsSZURDI2M0pKWkpVSjZEVjFZVUxKTkQ2RVhQSi4u\">Matematyka &#8211; egzamin \u00f3smoklasisty 2024<\/a><\/p>\n\n\n\n<p><a href=\"https:\/\/forms.office.com\/Pages\/ResponsePage.aspx?id=V1H5fDpznECCfXAi7jPNRqZk65lWamdDq_-3exUHsSZUN1FONVg0MkcxTjFORk5KUjFHWVpMWUlUWi4u\"><strong>Matematyka &#8211; egzamin \u00f3smoklasisty 2023<\/strong><br><\/a><\/p>\n\n\n\n<p><\/p>\n","protected":false},"excerpt":{"rendered":"<p>Dzie\u0144 dobry! Przygotowali\u015bmy dla Was specjalne kompendium wiedzy o egzaminie \u00f3smoklasisty.Znajdziecie tu wiele przydatnych informacji. Zapraszamy! 1. Prezentacja multimedialna dla ucznia i rodzica a) zmiany w organizacji egzaminu \u00f3smoklasisty&nbsp;30 stycznia br. wesz\u0142o w \u017cycie Rozporz\u0105dzenie Ministra Edukacji z dnia 29 stycznia 2025 r. (poz. 121) zmieniaj\u0105ce rozporz\u0105dzenie w sprawie szczeg\u00f3\u0142owych warunk\u00f3w i sposobu przeprowadzania egzaminu&hellip; <a class=\"continue\" href=\"https:\/\/mycielewo.pl\/?page_id=36546\">Kontynuuj czytanie<span> Egzamin \u00f3smoklasisty<\/span><\/a><\/p>\n","protected":false},"author":1,"featured_media":0,"parent":0,"menu_order":0,"comment_status":"closed","ping_status":"closed","template":"","meta":{"footnotes":""},"class_list":["post-36546","page","type-page","status-publish","hentry"],"_links":{"self":[{"href":"https:\/\/mycielewo.pl\/index.php?rest_route=\/wp\/v2\/pages\/36546","targetHints":{"allow":["GET"]}}],"collection":[{"href":"https:\/\/mycielewo.pl\/index.php?rest_route=\/wp\/v2\/pages"}],"about":[{"href":"https:\/\/mycielewo.pl\/index.php?rest_route=\/wp\/v2\/types\/page"}],"author":[{"embeddable":true,"href":"https:\/\/mycielewo.pl\/index.php?rest_route=\/wp\/v2\/users\/1"}],"replies":[{"embeddable":true,"href":"https:\/\/mycielewo.pl\/index.php?rest_route=%2Fwp%2Fv2%2Fcomments&post=36546"}],"version-history":[{"count":21,"href":"https:\/\/mycielewo.pl\/index.php?rest_route=\/wp\/v2\/pages\/36546\/revisions"}],"predecessor-version":[{"id":55798,"href":"https:\/\/mycielewo.pl\/index.php?rest_route=\/wp\/v2\/pages\/36546\/revisions\/55798"}],"wp:attachment":[{"href":"https:\/\/mycielewo.pl\/index.php?rest_route=%2Fwp%2Fv2%2Fmedia&parent=36546"}],"curies":[{"name":"wp","href":"https:\/\/api.w.org\/{rel}","templated":true}]}}