{"id":3295,"date":"2012-10-18T11:00:00","date_gmt":"2012-10-18T11:00:00","guid":{"rendered":"http:\/\/www.mycielewo.interman.com.pl\/?page_id=3295"},"modified":"2024-03-04T12:28:23","modified_gmt":"2024-03-04T12:28:23","slug":"uczniowie-2","status":"publish","type":"page","link":"https:\/\/mycielewo.pl\/?page_id=3295","title":{"rendered":"Uczniowie 2012\/2013"},"content":{"rendered":"<p align=\"center\">W roku szkolnym 2012\/2013 w Zespole Szk\u00f3\u0142 w Mycielewie<\/p>\n<p>nauk\u0119 rozpocz\u0119\u0142o\u00a0 241 uczni\u00f3w w 12 oddzia\u0142ach:<\/p>\n<ul>\n<li>\u00a0\u00a033 przedszkolak\u00f3w<\/li>\n<li>107 uczni\u00f3w szko\u0142y podstawowej<\/li>\n<li>101 uczni\u00f3w gimnazjum<\/li>\n<\/ul>\n<p>Wychowawcy poszczeg\u00f3lnych klas:<\/p>\n<p><b>Oddzia\u0142 przedszkolny:<\/b><\/p>\n<ul>\n<li>Kl. 0a \u2013 mgr Gabriela Wes\u00f3\u0142<\/li>\n<li>Kl. 0b \u2013 \u00a0mgr Weronika Wilczy\u0144ska<\/li>\n<\/ul>\n<p><b>Szko\u0142a Podstawowa:<\/b><\/p>\n<ul>\n<li>Kl. I \u2013 mgr Henryka Mickiewicz<\/li>\n<li>Kl. II \u2013 mgr Magdalena Tomkowiak<\/li>\n<li>Kl. III \u2013 mgr Elwira Stachowiak<\/li>\n<li>Kl. IV \u2013 mgr Angelika Drozd<\/li>\n<li>Kl. V \u2013 mgr Andrzej Kulczy\u0144ski<\/li>\n<li>Kl. VI &#8211; \u00a0mgr Agnieszka Koralewska-Hak<\/li>\n<\/ul>\n<p><b>Gimnazjum:<\/b><\/p>\n<ul>\n<li>Kl. I \u2013 mgr Paulina Otto<\/li>\n<li>Kl. II \u2013 mgr Joanna Biernacka-Kozerewicz<\/li>\n<li>Kl. IIIa \u2013 mgr Rafa\u0142 Le\u015bniarek<\/li>\n<li>Kl. IIIb \u2013 mgr Wawrzyn Nowak<\/li>\n<\/ul>\n<div id='gallery-1' class='gallery galleryid-3295 gallery-columns-9 gallery-size-thumbnail'><figure class='gallery-item'>\n\t\t\t<div class='gallery-icon landscape'>\n\t\t\t\t<a href='https:\/\/mycielewo.pl\/wp-content\/uploads\/2012\/10\/0.jpg'><img loading=\"lazy\" decoding=\"async\" width=\"60\" height=\"60\" src=\"https:\/\/mycielewo.pl\/wp-content\/uploads\/2012\/10\/0-60x60.jpg\" class=\"attachment-thumbnail size-thumbnail\" alt=\"\" \/><\/a>\n\t\t\t<\/div><\/figure><figure class='gallery-item'>\n\t\t\t<div class='gallery-icon landscape'>\n\t\t\t\t<a href='https:\/\/mycielewo.pl\/wp-content\/uploads\/2012\/10\/1a.jpg'><img loading=\"lazy\" decoding=\"async\" width=\"60\" height=\"60\" src=\"https:\/\/mycielewo.pl\/wp-content\/uploads\/2012\/10\/1a-60x60.jpg\" class=\"attachment-thumbnail size-thumbnail\" alt=\"\" \/><\/a>\n\t\t\t<\/div><\/figure><figure class='gallery-item'>\n\t\t\t<div class='gallery-icon landscape'>\n\t\t\t\t<a href='https:\/\/mycielewo.pl\/wp-content\/uploads\/2012\/10\/3-b.jpg'><img loading=\"lazy\" decoding=\"async\" width=\"60\" height=\"60\" src=\"https:\/\/mycielewo.pl\/wp-content\/uploads\/2012\/10\/3-b-60x60.jpg\" class=\"attachment-thumbnail size-thumbnail\" alt=\"\" \/><\/a>\n\t\t\t<\/div><\/figure><figure class='gallery-item'>\n\t\t\t<div class='gallery-icon landscape'>\n\t\t\t\t<a href='https:\/\/mycielewo.pl\/wp-content\/uploads\/2012\/10\/3a.jpg'><img loading=\"lazy\" decoding=\"async\" width=\"60\" height=\"60\" src=\"https:\/\/mycielewo.pl\/wp-content\/uploads\/2012\/10\/3a-60x60.jpg\" class=\"attachment-thumbnail size-thumbnail\" alt=\"\" \/><\/a>\n\t\t\t<\/div><\/figure><figure class='gallery-item'>\n\t\t\t<div class='gallery-icon landscape'>\n\t\t\t\t<a href='https:\/\/mycielewo.pl\/wp-content\/uploads\/2012\/10\/kl-4.jpg'><img loading=\"lazy\" decoding=\"async\" width=\"60\" height=\"60\" src=\"https:\/\/mycielewo.pl\/wp-content\/uploads\/2012\/10\/kl-4-60x60.jpg\" class=\"attachment-thumbnail size-thumbnail\" alt=\"\" \/><\/a>\n\t\t\t<\/div><\/figure><figure class='gallery-item'>\n\t\t\t<div class='gallery-icon landscape'>\n\t\t\t\t<a href='https:\/\/mycielewo.pl\/wp-content\/uploads\/2012\/10\/kl-6.jpg'><img loading=\"lazy\" decoding=\"async\" width=\"60\" height=\"60\" src=\"https:\/\/mycielewo.pl\/wp-content\/uploads\/2012\/10\/kl-6-60x60.jpg\" class=\"attachment-thumbnail size-thumbnail\" alt=\"\" \/><\/a>\n\t\t\t<\/div><\/figure><figure class='gallery-item'>\n\t\t\t<div class='gallery-icon landscape'>\n\t\t\t\t<a href='https:\/\/mycielewo.pl\/wp-content\/uploads\/2012\/10\/kla-1.jpg'><img loading=\"lazy\" decoding=\"async\" width=\"60\" height=\"60\" src=\"https:\/\/mycielewo.pl\/wp-content\/uploads\/2012\/10\/kla-1-60x60.jpg\" class=\"attachment-thumbnail size-thumbnail\" alt=\"\" \/><\/a>\n\t\t\t<\/div><\/figure><figure class='gallery-item'>\n\t\t\t<div class='gallery-icon landscape'>\n\t\t\t\t<a href='https:\/\/mycielewo.pl\/wp-content\/uploads\/2012\/10\/kla-III.jpg'><img loading=\"lazy\" decoding=\"async\" width=\"60\" height=\"60\" src=\"https:\/\/mycielewo.pl\/wp-content\/uploads\/2012\/10\/kla-III-60x60.jpg\" class=\"attachment-thumbnail size-thumbnail\" alt=\"\" \/><\/a>\n\t\t\t<\/div><\/figure>\n\t\t<\/div>\n\n<p><a href=\"http:\/\/mycielewo.pl\/?page_id=48\">Uczniowie z roku szkolnego 2011\/2012<\/a><br \/>\n<a href=\"http:\/\/mycielewo.pl\/stara\/index\/uczniowie\/uczniowie.html\">Uczniowie z lat poprzednich w starej wersji serwisu\u00a0<\/a><\/p>\n<p><a href=\"http:\/\/mycielewo.pl\/?attachment_id=4311\" rel=\"attachment wp-att-4311\">Lista uczni\u00f3w wyr\u00f3\u017cnionych za wyniki w nauce w I semestrze 2012_2013<\/a><\/p>\n<p><a href=\"http:\/\/mycielewo.pl\/wp-content\/uploads\/2013\/06\/Lista-uczniow-wyr\u00f3\u017cnionych-2012-2013-Mycielewo1.pdf\">Lista uczniow wyr\u00f3\u017cnionych 2012-2013 Mycielewo<\/a><\/p>\n<p><a href=\"http:\/\/mycielewo.pl\/wp-content\/uploads\/2012\/10\/Uczniowie-nagrodzeni-w-r.szk_.-2012-2013.pdf\">Uczniowie nagrodzeni w r.szk. 2012-2013<\/a><\/p>\n<p><a href=\"http:\/\/mycielewo.pl\/?attachment_id=4303\" rel=\"attachment wp-att-4303\">Konkursy 2012-2013<\/a><\/p>\n","protected":false},"excerpt":{"rendered":"<p>W roku szkolnym 2012\/2013 w Zespole Szk\u00f3\u0142 w Mycielewie nauk\u0119 rozpocz\u0119\u0142o\u00a0 241 uczni\u00f3w w 12 oddzia\u0142ach: \u00a0\u00a033 przedszkolak\u00f3w 107 uczni\u00f3w szko\u0142y podstawowej 101 uczni\u00f3w gimnazjum Wychowawcy poszczeg\u00f3lnych klas: Oddzia\u0142 przedszkolny: Kl. 0a \u2013 mgr Gabriela Wes\u00f3\u0142 Kl. 0b \u2013 \u00a0mgr Weronika Wilczy\u0144ska Szko\u0142a Podstawowa: Kl. I \u2013 mgr Henryka Mickiewicz Kl. II \u2013 mgr Magdalena&hellip; <a class=\"continue\" href=\"https:\/\/mycielewo.pl\/?page_id=3295\">Kontynuuj czytanie<span> Uczniowie 2012\/2013<\/span><\/a><\/p>\n","protected":false},"author":1,"featured_media":0,"parent":0,"menu_order":0,"comment_status":"open","ping_status":"open","template":"","meta":{"footnotes":""},"class_list":["post-3295","page","type-page","status-publish","hentry"],"_links":{"self":[{"href":"https:\/\/mycielewo.pl\/index.php?rest_route=\/wp\/v2\/pages\/3295","targetHints":{"allow":["GET"]}}],"collection":[{"href":"https:\/\/mycielewo.pl\/index.php?rest_route=\/wp\/v2\/pages"}],"about":[{"href":"https:\/\/mycielewo.pl\/index.php?rest_route=\/wp\/v2\/types\/page"}],"author":[{"embeddable":true,"href":"https:\/\/mycielewo.pl\/index.php?rest_route=\/wp\/v2\/users\/1"}],"replies":[{"embeddable":true,"href":"https:\/\/mycielewo.pl\/index.php?rest_route=%2Fwp%2Fv2%2Fcomments&post=3295"}],"version-history":[{"count":17,"href":"https:\/\/mycielewo.pl\/index.php?rest_route=\/wp\/v2\/pages\/3295\/revisions"}],"predecessor-version":[{"id":42209,"href":"https:\/\/mycielewo.pl\/index.php?rest_route=\/wp\/v2\/pages\/3295\/revisions\/42209"}],"wp:attachment":[{"href":"https:\/\/mycielewo.pl\/index.php?rest_route=%2Fwp%2Fv2%2Fmedia&parent=3295"}],"curies":[{"name":"wp","href":"https:\/\/api.w.org\/{rel}","templated":true}]}}