{"id":27652,"date":"2020-09-16T10:49:09","date_gmt":"2020-09-16T10:49:09","guid":{"rendered":"http:\/\/www.mycielewo.interman.com.pl\/?page_id=27652"},"modified":"2025-02-03T18:30:33","modified_gmt":"2025-02-03T18:30:33","slug":"e-dziennik","status":"publish","type":"page","link":"https:\/\/mycielewo.pl\/?page_id=27652","title":{"rendered":"E-dziennik"},"content":{"rendered":"\n<p class=\"has-text-align-left\"><strong>Nowy e-dziennik od firmy Vulcan<\/strong><\/p>\n\n\n\n<p class=\"has-vivid-green-cyan-color has-text-color has-link-color wp-elements-20ad3bcf86f39ca80bdffd3405648f3d\">Adres logowania do dziennika: <a href=\"http:\/\/uonetplus.vulcan.net.pl\/kcynia\">uonetplus.vulcan.net.pl\/kcynia<\/a><\/p>\n\n\n\n<p>Wielu rodzic\u00f3w zastanawia si\u0119, jak usprawiedliwia\u0107 nieobecno\u015bci dziecka, je\u015bli nie wykupili dost\u0119pu do aplikacji.<\/p>\n\n\n\n<p>Podajemy link do strony dziennika, do kt\u00f3rego mo\u017cna zalogowa\u0107 si\u0119 z przegl\u0105darki (na telefonie lub komputerze), omijaj\u0105c ograniczenia zwi\u0105zane z nieop\u0142aconymi funkcjami aplikacji (np. brak mo\u017cliwo\u015bci usprawiedliwiania nieobecno\u015bci czy wysy\u0142ania wiadomo\u015bci). <br><span style=\"text-decoration: underline;\">Logujemy si\u0119 tym samym loginem i has\u0142em, co w aplikacji.<\/span><\/p>\n\n\n\n<p class=\"has-text-align-left has-vivid-green-cyan-color has-text-color has-link-color wp-elements-0ae786262b7a09a9709e1ff413a5a9ef\">Adres logowania do dziennika dla rodzica\/opiekuna prawnego: <a href=\"https:\/\/eduvulcan.pl\">https:\/\/eduvulcan.pl<\/a><\/p>\n\n\n\n<hr class=\"wp-block-separator has-alpha-channel-opacity\"\/>\n\n\n\n<p class=\"has-text-align-center\"><a href=\"https:\/\/mycielewo.pl\/?p=50721\" data-type=\"post\" data-id=\"50721\">Informacja o p\u0142atno\u015bci za aplikacj\u0119 &#8211; pilne!<\/a><\/p>\n","protected":false},"excerpt":{"rendered":"<p>Nowy e-dziennik od firmy Vulcan Adres logowania do dziennika: uonetplus.vulcan.net.pl\/kcynia Wielu rodzic\u00f3w zastanawia si\u0119, jak usprawiedliwia\u0107 nieobecno\u015bci dziecka, je\u015bli nie wykupili dost\u0119pu do aplikacji. Podajemy link do strony dziennika, do kt\u00f3rego mo\u017cna zalogowa\u0107 si\u0119 z przegl\u0105darki (na telefonie lub komputerze), omijaj\u0105c ograniczenia zwi\u0105zane z nieop\u0142aconymi funkcjami aplikacji (np. brak mo\u017cliwo\u015bci usprawiedliwiania nieobecno\u015bci czy wysy\u0142ania wiadomo\u015bci).&hellip; <a class=\"continue\" href=\"https:\/\/mycielewo.pl\/?page_id=27652\">Kontynuuj czytanie<span> E-dziennik<\/span><\/a><\/p>\n","protected":false},"author":1,"featured_media":0,"parent":0,"menu_order":0,"comment_status":"closed","ping_status":"closed","template":"","meta":{"footnotes":""},"class_list":["post-27652","page","type-page","status-publish","hentry"],"_links":{"self":[{"href":"https:\/\/mycielewo.pl\/index.php?rest_route=\/wp\/v2\/pages\/27652","targetHints":{"allow":["GET"]}}],"collection":[{"href":"https:\/\/mycielewo.pl\/index.php?rest_route=\/wp\/v2\/pages"}],"about":[{"href":"https:\/\/mycielewo.pl\/index.php?rest_route=\/wp\/v2\/types\/page"}],"author":[{"embeddable":true,"href":"https:\/\/mycielewo.pl\/index.php?rest_route=\/wp\/v2\/users\/1"}],"replies":[{"embeddable":true,"href":"https:\/\/mycielewo.pl\/index.php?rest_route=%2Fwp%2Fv2%2Fcomments&post=27652"}],"version-history":[{"count":15,"href":"https:\/\/mycielewo.pl\/index.php?rest_route=\/wp\/v2\/pages\/27652\/revisions"}],"predecessor-version":[{"id":53723,"href":"https:\/\/mycielewo.pl\/index.php?rest_route=\/wp\/v2\/pages\/27652\/revisions\/53723"}],"wp:attachment":[{"href":"https:\/\/mycielewo.pl\/index.php?rest_route=%2Fwp%2Fv2%2Fmedia&parent=27652"}],"curies":[{"name":"wp","href":"https:\/\/api.w.org\/{rel}","templated":true}]}}