{"id":27364,"date":"2020-05-05T12:19:45","date_gmt":"2020-05-05T12:19:45","guid":{"rendered":"http:\/\/www.mycielewo.interman.com.pl\/?page_id=27364"},"modified":"2024-03-04T12:28:36","modified_gmt":"2024-03-04T12:28:36","slug":"oferta-szkol-ponadpodstawowych","status":"publish","type":"page","link":"https:\/\/mycielewo.pl\/?page_id=27364","title":{"rendered":"Oferta szk\u00f3\u0142 ponadpodstawowych"},"content":{"rendered":"\n<div class=\"wp-block-file\"><a href=\"http:\/\/mycielewo.pl\/wp-content\/uploads\/2020\/05\/3-2.docx\">Zesp\u00f3\u0142 Szk\u00f3\u0142 Technicznych w Kcyni<\/a><a href=\"http:\/\/mycielewo.pl\/wp-content\/uploads\/2020\/05\/3-2.docx\" class=\"wp-block-file__button\">Pobierz<\/a><\/div>\n\n\n\n<div class=\"wp-block-file\"><a href=\"http:\/\/mycielewo.pl\/wp-content\/uploads\/2020\/05\/4.docx\">&nbsp;I LO w Szubinie<\/a><a href=\"http:\/\/mycielewo.pl\/wp-content\/uploads\/2020\/05\/4.docx\" class=\"wp-block-file__button\">Pobierz<\/a><\/div>\n\n\n\n<div class=\"wp-block-file\"><a href=\"http:\/\/mycielewo.pl\/wp-content\/uploads\/2020\/05\/kierunki-kszta\u0142cenia-ZSB-2020-2.doc\">Zesp\u00f3\u0142 Szk\u00f3\u0142 Budowlanych w Bydgoszczy<\/a><a href=\"http:\/\/mycielewo.pl\/wp-content\/uploads\/2020\/05\/kierunki-kszta\u0142cenia-ZSB-2020-2.doc\" class=\"wp-block-file__button\">Pobierz<\/a><\/div>\n\n\n\n<div class=\"wp-block-file\"><a href=\"http:\/\/mycielewo.pl\/wp-content\/uploads\/2020\/06\/Oferta-Chroboczek.pdf\">Zesp\u00f3\u0142 Szk\u00f3\u0142. im. prof. Emila&nbsp;Chroboczka&nbsp;w Szubinie<\/a><a href=\"http:\/\/mycielewo.pl\/wp-content\/uploads\/2020\/06\/Oferta-Chroboczek.pdf\" class=\"wp-block-file__button\">Pobierz<\/a><\/div>\n","protected":false},"excerpt":{"rendered":"","protected":false},"author":4,"featured_media":0,"parent":0,"menu_order":0,"comment_status":"closed","ping_status":"closed","template":"","meta":{"footnotes":""},"class_list":["post-27364","page","type-page","status-publish","hentry"],"_links":{"self":[{"href":"https:\/\/mycielewo.pl\/index.php?rest_route=\/wp\/v2\/pages\/27364","targetHints":{"allow":["GET"]}}],"collection":[{"href":"https:\/\/mycielewo.pl\/index.php?rest_route=\/wp\/v2\/pages"}],"about":[{"href":"https:\/\/mycielewo.pl\/index.php?rest_route=\/wp\/v2\/types\/page"}],"author":[{"embeddable":true,"href":"https:\/\/mycielewo.pl\/index.php?rest_route=\/wp\/v2\/users\/4"}],"replies":[{"embeddable":true,"href":"https:\/\/mycielewo.pl\/index.php?rest_route=%2Fwp%2Fv2%2Fcomments&post=27364"}],"version-history":[{"count":11,"href":"https:\/\/mycielewo.pl\/index.php?rest_route=\/wp\/v2\/pages\/27364\/revisions"}],"predecessor-version":[{"id":42261,"href":"https:\/\/mycielewo.pl\/index.php?rest_route=\/wp\/v2\/pages\/27364\/revisions\/42261"}],"wp:attachment":[{"href":"https:\/\/mycielewo.pl\/index.php?rest_route=%2Fwp%2Fv2%2Fmedia&parent=27364"}],"curies":[{"name":"wp","href":"https:\/\/api.w.org\/{rel}","templated":true}]}}