{"id":27206,"date":"2020-03-29T18:47:02","date_gmt":"2020-03-29T18:47:02","guid":{"rendered":"http:\/\/www.mycielewo.interman.com.pl\/?page_id=27206"},"modified":"2022-12-21T09:57:57","modified_gmt":"2022-12-21T09:57:57","slug":"plan-lekcji","status":"publish","type":"page","link":"https:\/\/mycielewo.pl\/?page_id=27206","title":{"rendered":"Plan lekcji"},"content":{"rendered":"\n<p class=\"has-text-align-center\">Plan dost\u0119pny jest w dzienniku cyfrowym.<\/p>\n\n\n\n<p class=\"has-text-align-center\">Prosz\u0119 r\u00f3wnie\u017c obserwowa\u0107 na bie\u017c\u0105co zmiany w planie.<\/p>\n\n\n\n<p class=\"has-text-align-center\"><a href=\"https:\/\/mycielewo.pl\/?page_id=27652\" data-type=\"page\" data-id=\"27652\">Link do dziennik cyfrowy Szko\u0142y Podstawowej w Mycielewie<\/a><\/p>\n","protected":false},"excerpt":{"rendered":"<p>Plan dost\u0119pny jest w dzienniku cyfrowym. Prosz\u0119 r\u00f3wnie\u017c obserwowa\u0107 na bie\u017c\u0105co zmiany w planie. Link do dziennik cyfrowy Szko\u0142y Podstawowej w Mycielewie<\/p>\n","protected":false},"author":1,"featured_media":0,"parent":0,"menu_order":0,"comment_status":"closed","ping_status":"closed","template":"","meta":{"footnotes":""},"class_list":["post-27206","page","type-page","status-publish","hentry"],"_links":{"self":[{"href":"https:\/\/mycielewo.pl\/index.php?rest_route=\/wp\/v2\/pages\/27206","targetHints":{"allow":["GET"]}}],"collection":[{"href":"https:\/\/mycielewo.pl\/index.php?rest_route=\/wp\/v2\/pages"}],"about":[{"href":"https:\/\/mycielewo.pl\/index.php?rest_route=\/wp\/v2\/types\/page"}],"author":[{"embeddable":true,"href":"https:\/\/mycielewo.pl\/index.php?rest_route=\/wp\/v2\/users\/1"}],"replies":[{"embeddable":true,"href":"https:\/\/mycielewo.pl\/index.php?rest_route=%2Fwp%2Fv2%2Fcomments&post=27206"}],"version-history":[{"count":8,"href":"https:\/\/mycielewo.pl\/index.php?rest_route=\/wp\/v2\/pages\/27206\/revisions"}],"predecessor-version":[{"id":34517,"href":"https:\/\/mycielewo.pl\/index.php?rest_route=\/wp\/v2\/pages\/27206\/revisions\/34517"}],"wp:attachment":[{"href":"https:\/\/mycielewo.pl\/index.php?rest_route=%2Fwp%2Fv2%2Fmedia&parent=27206"}],"curies":[{"name":"wp","href":"https:\/\/api.w.org\/{rel}","templated":true}]}}