{"id":21854,"date":"2018-04-05T07:48:49","date_gmt":"2018-04-05T07:48:49","guid":{"rendered":"http:\/\/www.mycielewo.interman.com.pl\/?page_id=21854"},"modified":"2024-03-04T12:28:35","modified_gmt":"2024-03-04T12:28:35","slug":"patron-szkoly","status":"publish","type":"page","link":"https:\/\/mycielewo.pl\/?page_id=21854","title":{"rendered":"Patron Szko\u0142y"},"content":{"rendered":"<ol>\n<li>W bie\u017c\u0105cym roku planowane jest nadanie imienia naszej szkole.<\/li>\n<li>Zesp\u00f3\u0142 do Spraw Promocji Szko\u0142y opracowa\u0142 dotychczas plan dzia\u0142a\u0144 zwi\u0105zanych z nadaniem imienia wraz z kalendarium i przydzia\u0142em zada\u0144 poszczeg\u00f3lnym przedstawicielom spo\u0142eczno\u015bci szkolnej.<\/li>\n<li>Zesp\u00f3\u0142 sporz\u0105dzi\u0142 r\u00f3wnie\u017c list\u0119 propozycji, spo\u015br\u00f3d kt\u00f3rych wy\u0142onione zostanie przysz\u0142e imi\u0119 szko\u0142y. Obecnie trwaj\u0105 konsultacje w\u015br\u00f3d nauczycieli i pracownik\u00f3w szko\u0142y.<\/li>\n<li>Cz\u0142onkowie Rady Pedagogicznej wybrali z listy proponowanych patron\u00f3w:<br \/>\nI \u00a0 \u00a0 \u00a0&#8211; <strong>\u015awi\u0119tego\u00a0Jana Paw\u0142a II<\/strong> &#8211; 8 os\u00f3b<br \/>\nII \u00a0 \u00a0&#8211; <strong>Dzieci Ziemi Kcy\u0144skiej i Szubi\u0144skiej<\/strong> &#8211; 6 os\u00f3b<br \/>\nIII \u00a0&#8211; \u00a0<strong>100-lecia Niepodleg\u0142ej Polski<\/strong> &#8211; 3 osoby<br \/>\nIV \u00a0 &#8211; <strong>Praw Dziecka i Cz\u0142owieka<\/strong> &#8211; 3 osoby<br \/>\nV \u00a0 \u00a0 &#8211; <strong>Kultury i przyrody Pa\u0142uk<\/strong> &#8211; 3 osoby<\/li>\n<li>Rada Rodzic\u00f3w w g\u0142osowaniu wybra\u0142a na patrona: <strong>\u015awi\u0119tego\u00a0Jana Paw\u0142a II\u00a0<\/strong>&#8211; jednog\u0142o\u015bnie<\/li>\n<li>Samorz\u0105d Uczniowski i uczniowie w g\u0142osowaniu wybrali patrona: <strong>\u015awi\u0119tego\u00a0Jana Paw\u0142a II.<\/strong><\/li>\n<li>Wniosek we wrze\u015bniu 2018 roku zostanie z\u0142o\u017cony do UM w Kcyni i rozpatrzony na najbli\u017cszej sesji RM.<\/li>\n<\/ol>\n<p style=\"text-align: center;\"><a href=\"http:\/\/mycielewo.pl\/wp-content\/uploads\/2018\/09\/Procedura-i-plan-dzia\u0142ania.docx\">Procedura i plan dzia\u0142ania<\/a>\u00a0&#8211; wersja doc<\/p>\n<p style=\"text-align: center;\"><a href=\"http:\/\/mycielewo.pl\/wp-content\/uploads\/2018\/09\/Procedura-i-plan-dzia\u0142ania.pdf\">Procedura i plan dzia\u0142ania<\/a>\u00a0&#8211; wersja pdf<\/p>\n","protected":false},"excerpt":{"rendered":"<p>W bie\u017c\u0105cym roku planowane jest nadanie imienia naszej szkole. Zesp\u00f3\u0142 do Spraw Promocji Szko\u0142y opracowa\u0142 dotychczas plan dzia\u0142a\u0144 zwi\u0105zanych z nadaniem imienia wraz z kalendarium i przydzia\u0142em zada\u0144 poszczeg\u00f3lnym przedstawicielom spo\u0142eczno\u015bci szkolnej. Zesp\u00f3\u0142 sporz\u0105dzi\u0142 r\u00f3wnie\u017c list\u0119 propozycji, spo\u015br\u00f3d kt\u00f3rych wy\u0142onione zostanie przysz\u0142e imi\u0119 szko\u0142y. Obecnie trwaj\u0105 konsultacje w\u015br\u00f3d nauczycieli i pracownik\u00f3w szko\u0142y. Cz\u0142onkowie Rady Pedagogicznej&hellip; <a class=\"continue\" href=\"https:\/\/mycielewo.pl\/?page_id=21854\">Kontynuuj czytanie<span> Patron Szko\u0142y<\/span><\/a><\/p>\n","protected":false},"author":1,"featured_media":0,"parent":0,"menu_order":0,"comment_status":"closed","ping_status":"closed","template":"","meta":{"footnotes":""},"class_list":["post-21854","page","type-page","status-publish","hentry"],"_links":{"self":[{"href":"https:\/\/mycielewo.pl\/index.php?rest_route=\/wp\/v2\/pages\/21854","targetHints":{"allow":["GET"]}}],"collection":[{"href":"https:\/\/mycielewo.pl\/index.php?rest_route=\/wp\/v2\/pages"}],"about":[{"href":"https:\/\/mycielewo.pl\/index.php?rest_route=\/wp\/v2\/types\/page"}],"author":[{"embeddable":true,"href":"https:\/\/mycielewo.pl\/index.php?rest_route=\/wp\/v2\/users\/1"}],"replies":[{"embeddable":true,"href":"https:\/\/mycielewo.pl\/index.php?rest_route=%2Fwp%2Fv2%2Fcomments&post=21854"}],"version-history":[{"count":10,"href":"https:\/\/mycielewo.pl\/index.php?rest_route=\/wp\/v2\/pages\/21854\/revisions"}],"predecessor-version":[{"id":42255,"href":"https:\/\/mycielewo.pl\/index.php?rest_route=\/wp\/v2\/pages\/21854\/revisions\/42255"}],"wp:attachment":[{"href":"https:\/\/mycielewo.pl\/index.php?rest_route=%2Fwp%2Fv2%2Fmedia&parent=21854"}],"curies":[{"name":"wp","href":"https:\/\/api.w.org\/{rel}","templated":true}]}}