{"id":21030,"date":"2017-10-31T12:02:20","date_gmt":"2017-10-31T12:02:20","guid":{"rendered":"http:\/\/www.mycielewo.interman.com.pl\/?page_id=21030"},"modified":"2024-03-04T12:28:35","modified_gmt":"2024-03-04T12:28:35","slug":"uczniowie-4","status":"publish","type":"page","link":"https:\/\/mycielewo.pl\/?page_id=21030","title":{"rendered":"Uczniowie 2017"},"content":{"rendered":"<p align=\"center\"><b>W roku szkolnym 2017\/2018 w Zespole Szk\u00f3\u0142 w Mycielewie ucz\u0119szczaj\u0105:<\/b><\/p>\n<p align=\"center\"><b>Oddzia\u0142y przedszkolne<\/b><\/p>\n<p align=\"center\">Kl. 3-4-5 latk\u00f3w \u2013 14 os\u00f3b (wych. Alina Napiera\u0142a)<br \/>\nKl. \u00a05-latk\u00f3w \u2013 14 os\u00f3b (wych. Iwona\u00a0Wojtkowiak)<br \/>\nKl. 6-latk\u00f3w \u2013 14 os\u00f3b\u00a0(wych. Gabriela\u00a0Wes\u00f3\u0142)<\/p>\n<p align=\"center\"><b>Szko\u0142a Podstawowa<\/b><\/p>\n<p align=\"center\">Kl. I \u2013 18 os\u00f3b (wych. M. Tomkowiak)<br \/>\nKl. II \u2013 19 os\u00f3b (wych. E. Stachowiak)<br \/>\nKl. III \u2013 17 os\u00f3b\u00a0(wych. H. Mickiewicz)<br \/>\nKl. IV \u2013 24 os\u00f3b\u00a0(wych. J. Biernacka-Kozerewicz)<br \/>\nKl. V \u2013 17 os\u00f3b\u00a0(wych. A. Pyszczy\u0144ska)<br \/>\nKl. VI \u2013 19 os\u00f3b\u00a0(wych. A. Kulczy\u0144ski)<br \/>\nKl. VII &#8211; 20 os\u00f3b (wych. A. Kolarewska-Hak)<\/p>\n<p align=\"center\"><b>Gimnazjum<\/b><br \/>\nKl. IIa \u2013 21 os\u00f3b\u00a0(wych. W. Nowak)<br \/>\nKl. IIb \u2013 17 os\u00f3b\u00a0(wych. B. Janicka)<br \/>\nKl. III \u2013 24 os\u00f3b\u00a0(wych. P. Otto)<\/p>\n<p align=\"center\"><strong>Razem w naszej szkole uczy si\u0119 \u00a0238 uczni\u00f3w<\/strong><\/p>\n<p style=\"text-align: center;\"><strong><br \/>\nWykaz podr\u0119cznik\u00f3w na rok szkolny 2016\/2017<\/strong><\/p>\n<ol>\n<li><a href=\"http:\/\/mycielewo.pl\/wp-content\/uploads\/2012\/01\/SP-podr%C4%99czniki.doc\">SP-podr\u0119czniki<\/a><\/li>\n<li><a href=\"http:\/\/mycielewo.pl\/wp-content\/uploads\/2012\/01\/Gimn.Podreczniki.doc\">Gimn.-Podr\u0119czniki<\/a><\/li>\n<\/ol>\n<p><a href=\"http:\/\/mycielewo.pl\/?page_id=6347\">Uczniowie z roku szkolnego 2016\/2017<\/a><\/p>\n<p><a title=\"uczniowie 2014\/2015\" href=\"http:\/\/mycielewo.pl\/?page_id=16624\">Uczniowie z roku szkolnego 2015\/201<\/a>6<\/p>\n<p><a title=\"uczniowie 2014\/2015\" href=\"http:\/\/mycielewo.pl\/?page_id=13182\">Uczniowie z roku szkolnego 2014\/2015<\/a><\/p>\n<p><a href=\"http:\/\/mycielewo.pl\/?page_id=10015\">Uczniowie z roku szkolnego 2013\/2014<\/a><\/p>\n<p><a href=\"http:\/\/mycielewo.pl\/?page_id=3295\">Uczniowie z roku szkolnego 2012\/2013<\/a><\/p>\n<p><a href=\"http:\/\/mycielewo.pl\/?page_id=48\">Uczniowie z roku szkolnego 2011\/2012<\/a><\/p>\n<p><a href=\"http:\/\/mycielewo.pl\/stara\/index\/uczniowie\/uczniowie.html\">Uczniowie z lat poprzednich w starej wersji serwisu\u00a0<\/a><\/p>\n","protected":false},"excerpt":{"rendered":"<p>W roku szkolnym 2017\/2018 w Zespole Szk\u00f3\u0142 w Mycielewie ucz\u0119szczaj\u0105: Oddzia\u0142y przedszkolne Kl. 3-4-5 latk\u00f3w \u2013 14 os\u00f3b (wych. Alina Napiera\u0142a) Kl. \u00a05-latk\u00f3w \u2013 14 os\u00f3b (wych. Iwona\u00a0Wojtkowiak) Kl. 6-latk\u00f3w \u2013 14 os\u00f3b\u00a0(wych. Gabriela\u00a0Wes\u00f3\u0142) Szko\u0142a Podstawowa Kl. I \u2013 18 os\u00f3b (wych. M. Tomkowiak) Kl. II \u2013 19 os\u00f3b (wych. E. Stachowiak) Kl. III \u2013&hellip; <a class=\"continue\" href=\"https:\/\/mycielewo.pl\/?page_id=21030\">Kontynuuj czytanie<span> Uczniowie 2017<\/span><\/a><\/p>\n","protected":false},"author":1,"featured_media":0,"parent":0,"menu_order":0,"comment_status":"closed","ping_status":"closed","template":"","meta":{"footnotes":""},"class_list":["post-21030","page","type-page","status-publish","hentry"],"_links":{"self":[{"href":"https:\/\/mycielewo.pl\/index.php?rest_route=\/wp\/v2\/pages\/21030","targetHints":{"allow":["GET"]}}],"collection":[{"href":"https:\/\/mycielewo.pl\/index.php?rest_route=\/wp\/v2\/pages"}],"about":[{"href":"https:\/\/mycielewo.pl\/index.php?rest_route=\/wp\/v2\/types\/page"}],"author":[{"embeddable":true,"href":"https:\/\/mycielewo.pl\/index.php?rest_route=\/wp\/v2\/users\/1"}],"replies":[{"embeddable":true,"href":"https:\/\/mycielewo.pl\/index.php?rest_route=%2Fwp%2Fv2%2Fcomments&post=21030"}],"version-history":[{"count":20,"href":"https:\/\/mycielewo.pl\/index.php?rest_route=\/wp\/v2\/pages\/21030\/revisions"}],"predecessor-version":[{"id":42252,"href":"https:\/\/mycielewo.pl\/index.php?rest_route=\/wp\/v2\/pages\/21030\/revisions\/42252"}],"wp:attachment":[{"href":"https:\/\/mycielewo.pl\/index.php?rest_route=%2Fwp%2Fv2%2Fmedia&parent=21030"}],"curies":[{"name":"wp","href":"https:\/\/api.w.org\/{rel}","templated":true}]}}