{"id":20334,"date":"2017-09-07T19:28:58","date_gmt":"2017-09-07T19:28:58","guid":{"rendered":"http:\/\/www.mycielewo.interman.com.pl\/?page_id=20334"},"modified":"2024-03-04T12:28:35","modified_gmt":"2024-03-04T12:28:35","slug":"lukasz-chmura","status":"publish","type":"page","link":"https:\/\/mycielewo.pl\/?page_id=20334","title":{"rendered":"\u0141ukasz Chmura"},"content":{"rendered":"<div dir=\"auto\"><img loading=\"lazy\" decoding=\"async\" class=\"wp-image-20335 aligncenter\" src=\"http:\/\/mycielewo.pl\/wp-content\/uploads\/2017\/09\/chmura.jpeg\" alt=\"\" width=\"190\" height=\"256\" srcset=\"https:\/\/mycielewo.pl\/wp-content\/uploads\/2017\/09\/chmura.jpeg 750w, https:\/\/mycielewo.pl\/wp-content\/uploads\/2017\/09\/chmura-186x250.jpeg 186w, https:\/\/mycielewo.pl\/wp-content\/uploads\/2017\/09\/chmura-223x300.jpeg 223w\" sizes=\"auto, (max-width: 190px) 100vw, 190px\" \/>Nazywam si\u0119 <strong>\u0141ukasz Chmura<\/strong> i chodz\u0119 do 3 klasy gimnazjum. W tym roku postanowi\u0142em kandydowa\u0107, na stanowisko przewodnicz\u0105cego naszej szko\u0142y. Ostanie 10 miesi\u0119cy, jakie sp\u0119dz\u0119 w jej murach, pragn\u0119 przeznaczy\u0107 nie tylko na nauk\u0119, ale tak\u017ce na realizacj\u0119 moich postanowie\u0144. Mam nadziej\u0119, \u017ce Wy, drodzy uczniowie pozwolicie mi tego dokona\u0107, oddaj\u0105c na mnie sw\u00f3j g\u0142os. Oto kilka moich propozycji, kt\u00f3re umil\u0105 nam czas sp\u0119dzony w szkole:<\/div>\n<div dir=\"auto\">&#8211; muzyczne przerwy,<\/div>\n<div dir=\"auto\">&#8211; 2 szcz\u0119\u015bliwe numerki tygodniowo,<\/div>\n<div dir=\"auto\">&#8211; powr\u00f3t gazetki szkolnej,<\/div>\n<div dir=\"auto\">&#8211; reaktywacja k\u00f3\u0142ka teatralnego,<\/div>\n<div dir=\"auto\">&#8211; ogl\u0105danie filmu raz w miesi\u0105cu.<\/div>\n<div dir=\"auto\">Jestem otwarty r\u00f3wnie\u017c na Wasze propozycje \ud83d\ude42<\/div>\n<div dir=\"auto\">Nie dajcie si\u0119 zwie\u015b\u0107 konkurencji! \u015amia\u0142o! G\u0142osujcie i nie wahajcie si\u0119 ani chwili! Gwarantuj\u0119 \u017ce, nie b\u0119dziecie \u017ca\u0142owa\u0107 tej decyzji!<\/div>\n","protected":false},"excerpt":{"rendered":"<p>Nazywam si\u0119 \u0141ukasz Chmura i chodz\u0119 do 3 klasy gimnazjum. W tym roku postanowi\u0142em kandydowa\u0107, na stanowisko przewodnicz\u0105cego naszej szko\u0142y. Ostanie 10 miesi\u0119cy, jakie sp\u0119dz\u0119 w jej murach, pragn\u0119 przeznaczy\u0107 nie tylko na nauk\u0119, ale tak\u017ce na realizacj\u0119 moich postanowie\u0144. Mam nadziej\u0119, \u017ce Wy, drodzy uczniowie pozwolicie mi tego dokona\u0107, oddaj\u0105c na mnie sw\u00f3j g\u0142os.&hellip; <a class=\"continue\" href=\"https:\/\/mycielewo.pl\/?page_id=20334\">Kontynuuj czytanie<span> \u0141ukasz Chmura<\/span><\/a><\/p>\n","protected":false},"author":1,"featured_media":0,"parent":0,"menu_order":0,"comment_status":"closed","ping_status":"closed","template":"","meta":{"footnotes":""},"class_list":["post-20334","page","type-page","status-publish","hentry"],"_links":{"self":[{"href":"https:\/\/mycielewo.pl\/index.php?rest_route=\/wp\/v2\/pages\/20334","targetHints":{"allow":["GET"]}}],"collection":[{"href":"https:\/\/mycielewo.pl\/index.php?rest_route=\/wp\/v2\/pages"}],"about":[{"href":"https:\/\/mycielewo.pl\/index.php?rest_route=\/wp\/v2\/types\/page"}],"author":[{"embeddable":true,"href":"https:\/\/mycielewo.pl\/index.php?rest_route=\/wp\/v2\/users\/1"}],"replies":[{"embeddable":true,"href":"https:\/\/mycielewo.pl\/index.php?rest_route=%2Fwp%2Fv2%2Fcomments&post=20334"}],"version-history":[{"count":4,"href":"https:\/\/mycielewo.pl\/index.php?rest_route=\/wp\/v2\/pages\/20334\/revisions"}],"predecessor-version":[{"id":42249,"href":"https:\/\/mycielewo.pl\/index.php?rest_route=\/wp\/v2\/pages\/20334\/revisions\/42249"}],"wp:attachment":[{"href":"https:\/\/mycielewo.pl\/index.php?rest_route=%2Fwp%2Fv2%2Fmedia&parent=20334"}],"curies":[{"name":"wp","href":"https:\/\/api.w.org\/{rel}","templated":true}]}}