{"id":20326,"date":"2017-09-07T09:22:01","date_gmt":"2017-09-07T09:22:01","guid":{"rendered":"http:\/\/www.mycielewo.interman.com.pl\/?page_id=20326"},"modified":"2024-03-04T12:28:35","modified_gmt":"2024-03-04T12:28:35","slug":"zofia-strzyzewska","status":"publish","type":"page","link":"https:\/\/mycielewo.pl\/?page_id=20326","title":{"rendered":"Zofia Strzy\u017cewska"},"content":{"rendered":"<p><img loading=\"lazy\" decoding=\"async\" class=\"size-full wp-image-20328 aligncenter\" src=\"http:\/\/mycielewo.pl\/wp-content\/uploads\/2017\/09\/zosia.jpg\" alt=\"\" width=\"400\" height=\"448\" srcset=\"https:\/\/mycielewo.pl\/wp-content\/uploads\/2017\/09\/zosia.jpg 400w, https:\/\/mycielewo.pl\/wp-content\/uploads\/2017\/09\/zosia-223x250.jpg 223w, https:\/\/mycielewo.pl\/wp-content\/uploads\/2017\/09\/zosia-268x300.jpg 268w\" sizes=\"auto, (max-width: 400px) 100vw, 400px\" \/><\/p>\n<p>Nazywam si\u0119 <strong>Zosia Strzy\u017cewska<\/strong> i chodz\u0119 do tej szko\u0142y ju\u017c od 7 lat, dlatego bardzo dobrze znam potrzeby naszej szko\u0142y. Wraz ze sztabem wykwalifikowanych ekspert\u00f3w znalaz\u0142am spos\u00f3b, \u00a0aby je zaspokoi\u0107.<br \/>\nJako przewodnicz\u0105ca zamierzam organizowa\u0107:<\/p>\n<ul>\n<li>dni tematyczne raz w miesi\u0105cu<\/li>\n<li>wi\u0119cej kabaret\u00f3w i skeczy<\/li>\n<li>akcje charytatywne<\/li>\n<li>dzie\u0144 zdrowego \u017cywienia<\/li>\n<li>i wiele, wiele wi\u0119cej&#8230;<\/li>\n<\/ul>\n<p>Mo\u017ce tw\u00f3j dotychczasowy kandydat jest inteligentny, utalentowany lub mi\u0142y. Ja \u0142\u0105cze wszystkie te cechy, wi\u0119c oddaj sw\u00f3j g\u0142os na mnie.<\/p>\n<p style=\"text-align: right;\"><em>Zofia Strzy\u017cewska<br \/>\nSzkolna Partia Uczciwo\u015bci<\/em><\/p>\n","protected":false},"excerpt":{"rendered":"<p>Nazywam si\u0119 Zosia Strzy\u017cewska i chodz\u0119 do tej szko\u0142y ju\u017c od 7 lat, dlatego bardzo dobrze znam potrzeby naszej szko\u0142y. Wraz ze sztabem wykwalifikowanych ekspert\u00f3w znalaz\u0142am spos\u00f3b, \u00a0aby je zaspokoi\u0107. Jako przewodnicz\u0105ca zamierzam organizowa\u0107: dni tematyczne raz w miesi\u0105cu wi\u0119cej kabaret\u00f3w i skeczy akcje charytatywne dzie\u0144 zdrowego \u017cywienia i wiele, wiele wi\u0119cej&#8230; Mo\u017ce tw\u00f3j dotychczasowy&hellip; <a class=\"continue\" href=\"https:\/\/mycielewo.pl\/?page_id=20326\">Kontynuuj czytanie<span> Zofia Strzy\u017cewska<\/span><\/a><\/p>\n","protected":false},"author":1,"featured_media":0,"parent":0,"menu_order":0,"comment_status":"closed","ping_status":"closed","template":"","meta":{"footnotes":""},"class_list":["post-20326","page","type-page","status-publish","hentry"],"_links":{"self":[{"href":"https:\/\/mycielewo.pl\/index.php?rest_route=\/wp\/v2\/pages\/20326","targetHints":{"allow":["GET"]}}],"collection":[{"href":"https:\/\/mycielewo.pl\/index.php?rest_route=\/wp\/v2\/pages"}],"about":[{"href":"https:\/\/mycielewo.pl\/index.php?rest_route=\/wp\/v2\/types\/page"}],"author":[{"embeddable":true,"href":"https:\/\/mycielewo.pl\/index.php?rest_route=\/wp\/v2\/users\/1"}],"replies":[{"embeddable":true,"href":"https:\/\/mycielewo.pl\/index.php?rest_route=%2Fwp%2Fv2%2Fcomments&post=20326"}],"version-history":[{"count":4,"href":"https:\/\/mycielewo.pl\/index.php?rest_route=\/wp\/v2\/pages\/20326\/revisions"}],"predecessor-version":[{"id":42248,"href":"https:\/\/mycielewo.pl\/index.php?rest_route=\/wp\/v2\/pages\/20326\/revisions\/42248"}],"wp:attachment":[{"href":"https:\/\/mycielewo.pl\/index.php?rest_route=%2Fwp%2Fv2%2Fmedia&parent=20326"}],"curies":[{"name":"wp","href":"https:\/\/api.w.org\/{rel}","templated":true}]}}