{"id":19057,"date":"2017-04-25T11:07:34","date_gmt":"2017-04-25T11:07:34","guid":{"rendered":"http:\/\/www.mycielewo.interman.com.pl\/?page_id=19057"},"modified":"2024-03-04T12:28:35","modified_gmt":"2024-03-04T12:28:35","slug":"100-lat-szkoly","status":"publish","type":"page","link":"https:\/\/mycielewo.pl\/?page_id=19057","title":{"rendered":"100 lat szko\u0142y"},"content":{"rendered":"<p><img loading=\"lazy\" decoding=\"async\" class=\"size-full wp-image-19258 aligncenter\" src=\"http:\/\/mycielewo.pl\/wp-content\/uploads\/2017\/05\/baner-szko\u0142y_krzywe.jpg\" alt=\"\" width=\"2362\" height=\"788\" srcset=\"https:\/\/mycielewo.pl\/wp-content\/uploads\/2017\/05\/baner-szko\u0142y_krzywe.jpg 2362w, https:\/\/mycielewo.pl\/wp-content\/uploads\/2017\/05\/baner-szko\u0142y_krzywe-250x83.jpg 250w, https:\/\/mycielewo.pl\/wp-content\/uploads\/2017\/05\/baner-szko\u0142y_krzywe-768x256.jpg 768w, https:\/\/mycielewo.pl\/wp-content\/uploads\/2017\/05\/baner-szko\u0142y_krzywe-300x100.jpg 300w\" sizes=\"auto, (max-width: 2362px) 100vw, 2362px\" \/><\/p>\n<p>W roku 2017 nasza szko\u0142a obchodzi\u0142a pi\u0119kny jubileusz. Sto lat temu, w 1917 roku powsta\u0142a w Mycielewie szko\u0142a powszechna, kt\u00f3ra do dzi\u015b s\u0142u\u017cy dzieciom i m\u0142odzie\u017cy z okolicznych miejscowo\u015bci. W roku jubileuszowym zaplanowano nast\u0119puj\u0105ce uroczysto\u015bci:<\/p>\n<ol>\n<li><a href=\"http:\/\/mycielewo.pl\/?p=19469\">Festyn rodzinny pod has\u0142em: <span style=\"color: #ff0000;\">\u201eMama, tata i ja\u2026. Sto lat min\u0119\u0142o\u201d<\/span>&#8211; odby\u0142 si\u0119\u00a0<strong>11 czerwca 2017 r. w godz. 14:00-18:00<\/strong> na boisku szkolnym<\/a><\/li>\n<li><strong><span style=\"color: #3366ff;\"><em>Bal Absolwenta<\/em> <\/span><\/strong>&#8211; <strong>30 wrze\u015bnia 2017 r.<\/strong> w Turzynie na Sali u pana A. Morawskiego<\/li>\n<li><a href=\"http:\/\/mycielewo.pl\/?p=20676\">Uroczyst\u0105 akademi\u0119 z udzia\u0142em zaproszonych go\u015bci: w\u0142adz samorz\u0105dowych, absolwent\u00f3w, emerytowanych pracownik\u00f3w, nauczycieli, uczni\u00f3w i rodzic\u00f3w wraz z towarzysz\u0105c\u0105 jej wystaw\u0105 po\u015bwi\u0119con\u0105 historii szko\u0142y &#8211; 13 pa\u017adziernika 2017 r.<\/a><\/li>\n<\/ol>\n<p><iframe loading=\"lazy\" title=\"100 lat Mycielewo\" width=\"830\" height=\"467\" src=\"https:\/\/www.youtube.com\/embed\/n-HewmRCGOY?feature=oembed\" frameborder=\"0\" allow=\"accelerometer; autoplay; clipboard-write; encrypted-media; gyroscope; picture-in-picture; web-share\" allowfullscreen><\/iframe><\/p>\n<p style=\"text-align: center;\">Patronat medialny nad uroczysto\u015bciami obejmuje:<br \/>\n<a href=\"http:\/\/www.radio.naklo.pl\"><img loading=\"lazy\" decoding=\"async\" class=\"size-full wp-image-19071 aligncenter\" src=\"http:\/\/mycielewo.pl\/wp-content\/uploads\/2017\/04\/radio-naklo.png\" alt=\"\" width=\"185\" height=\"114\" \/><\/a><\/p>\n<p style=\"text-align: center;\"><a href=\"http:\/\/www.pomorska.pl\"><img loading=\"lazy\" decoding=\"async\" class=\"wp-image-19161 aligncenter\" src=\"http:\/\/mycielewo.pl\/wp-content\/uploads\/2017\/05\/gazeta-pomorska.png\" alt=\"\" width=\"276\" height=\"94\" srcset=\"https:\/\/mycielewo.pl\/wp-content\/uploads\/2017\/05\/gazeta-pomorska.png 1170w, https:\/\/mycielewo.pl\/wp-content\/uploads\/2017\/05\/gazeta-pomorska-250x85.png 250w, https:\/\/mycielewo.pl\/wp-content\/uploads\/2017\/05\/gazeta-pomorska-768x262.png 768w, https:\/\/mycielewo.pl\/wp-content\/uploads\/2017\/05\/gazeta-pomorska-300x102.png 300w\" sizes=\"auto, (max-width: 276px) 100vw, 276px\" \/><\/a><\/p>\n<p style=\"text-align: center;\"><span style=\"color: #ff00ff;\">\u00a0<\/span><img loading=\"lazy\" decoding=\"async\" class=\"wp-image-19063 aligncenter\" src=\"http:\/\/mycielewo.pl\/wp-content\/uploads\/2017\/04\/100-lat-1.jpg\" alt=\"\" width=\"196\" height=\"81\" srcset=\"https:\/\/mycielewo.pl\/wp-content\/uploads\/2017\/04\/100-lat-1.jpg 557w, https:\/\/mycielewo.pl\/wp-content\/uploads\/2017\/04\/100-lat-1-250x103.jpg 250w, https:\/\/mycielewo.pl\/wp-content\/uploads\/2017\/04\/100-lat-1-300x124.jpg 300w\" sizes=\"auto, (max-width: 196px) 100vw, 196px\" \/><\/p>\n<hr \/>\n<p style=\"text-align: center;\">Bie\u017c\u0105ce wydarzenia<\/p>\n<hr \/>\n<p style=\"text-align: center;\">\u00a0[ic_add_posts category=&#8217;100 lat&#8217;]<\/p>\n","protected":false},"excerpt":{"rendered":"<p>W roku 2017 nasza szko\u0142a obchodzi\u0142a pi\u0119kny jubileusz. Sto lat temu, w 1917 roku powsta\u0142a w Mycielewie szko\u0142a powszechna, kt\u00f3ra do dzi\u015b s\u0142u\u017cy dzieciom i m\u0142odzie\u017cy z okolicznych miejscowo\u015bci. W roku jubileuszowym zaplanowano nast\u0119puj\u0105ce uroczysto\u015bci: Festyn rodzinny pod has\u0142em: \u201eMama, tata i ja\u2026. Sto lat min\u0119\u0142o\u201d&#8211; odby\u0142 si\u0119\u00a011 czerwca 2017 r. w godz. 14:00-18:00 na&hellip; <a class=\"continue\" href=\"https:\/\/mycielewo.pl\/?page_id=19057\">Kontynuuj czytanie<span> 100 lat szko\u0142y<\/span><\/a><\/p>\n","protected":false},"author":1,"featured_media":0,"parent":0,"menu_order":0,"comment_status":"closed","ping_status":"closed","template":"","meta":{"footnotes":""},"class_list":["post-19057","page","type-page","status-publish","hentry"],"_links":{"self":[{"href":"https:\/\/mycielewo.pl\/index.php?rest_route=\/wp\/v2\/pages\/19057","targetHints":{"allow":["GET"]}}],"collection":[{"href":"https:\/\/mycielewo.pl\/index.php?rest_route=\/wp\/v2\/pages"}],"about":[{"href":"https:\/\/mycielewo.pl\/index.php?rest_route=\/wp\/v2\/types\/page"}],"author":[{"embeddable":true,"href":"https:\/\/mycielewo.pl\/index.php?rest_route=\/wp\/v2\/users\/1"}],"replies":[{"embeddable":true,"href":"https:\/\/mycielewo.pl\/index.php?rest_route=%2Fwp%2Fv2%2Fcomments&post=19057"}],"version-history":[{"count":31,"href":"https:\/\/mycielewo.pl\/index.php?rest_route=\/wp\/v2\/pages\/19057\/revisions"}],"predecessor-version":[{"id":42247,"href":"https:\/\/mycielewo.pl\/index.php?rest_route=\/wp\/v2\/pages\/19057\/revisions\/42247"}],"wp:attachment":[{"href":"https:\/\/mycielewo.pl\/index.php?rest_route=%2Fwp%2Fv2%2Fmedia&parent=19057"}],"curies":[{"name":"wp","href":"https:\/\/api.w.org\/{rel}","templated":true}]}}