{"id":16624,"date":"2016-09-14T12:32:18","date_gmt":"2016-09-14T12:32:18","guid":{"rendered":"http:\/\/www.mycielewo.interman.com.pl\/?page_id=16624"},"modified":"2016-09-14T12:32:18","modified_gmt":"2016-09-14T12:32:18","slug":"uczniowie-20152016","status":"publish","type":"page","link":"https:\/\/mycielewo.pl\/?page_id=16624","title":{"rendered":"Uczniowie 2015\/2016"},"content":{"rendered":"<p align=\"center\"><b>W roku szkolnym 2015\/2016 w Zespole Szk\u00f3\u0142 w Mycielewie ucz\u0119szczaj\u0105:<\/b><\/p>\n<p align=\"center\"><b>Oddzia\u0142y przedszkolne<\/b><\/p>\n<p align=\"center\">Kl. 3-4-latk\u00f3w \u2013 20 os\u00f3b (wych. A. Napiera\u0142a)<br \/>\nKl. \u00a05-latk\u00f3w \u2013 20 os\u00f3b (wych. G. Wes\u00f3\u0142)<br \/>\n<b><\/b><\/p>\n<p align=\"center\"><b>Szko\u0142a Podstawowa<\/b><\/p>\n<p align=\"center\">Kl. Ia \u00a0\u2013 15 os\u00f3b (wych. H. Mickiewicz)<br \/>\nKl. Ib \u2013 15 os\u00f3b (wych. I. Wojtkowiak)<br \/>\nKl. II \u2013 23 os\u00f3b (wych. M. Tomkowiak)<br \/>\nKl. III \u2013 17 os\u00f3b\u00a0(wych. E. Stachowiak)<br \/>\nKl. IV \u2013 17 os\u00f3b\u00a0(wych. A. Drozd)<br \/>\nKl. V \u2013 20\u00a0os\u00f3b\u00a0(wych. A. Koralewska-Hak)<br \/>\nKl. VI \u2013 20\u00a0os\u00f3b\u00a0(wych. A. Pyszczy\u0144ska)<\/p>\n<p align=\"center\"><b>Gimnazjum<\/b><br \/>\nKl. I \u2013 26 os\u00f3b\u00a0(wych. P. Otto)<br \/>\nKl. IIa \u2013 19\u00a0os\u00f3b\u00a0(wych. M. Borzych)<br \/>\nKl. IIb \u2013 18 os\u00f3b\u00a0(wych. J. Biernacka-Kozerewicz)<br \/>\nKl. IIIa \u2013 27\u00a0osoby\u00a0(wych. B. Janicka)<\/p>\n<p align=\"center\"><strong>Razem w naszej szkole uczy si\u0119 257 uczni\u00f3w<\/strong><\/p>\n<p align=\"center\">\n","protected":false},"excerpt":{"rendered":"<p>W roku szkolnym 2015\/2016 w Zespole Szk\u00f3\u0142 w Mycielewie ucz\u0119szczaj\u0105: Oddzia\u0142y przedszkolne Kl. 3-4-latk\u00f3w \u2013 20 os\u00f3b (wych. A. Napiera\u0142a) Kl. \u00a05-latk\u00f3w \u2013 20 os\u00f3b (wych. G. Wes\u00f3\u0142) Szko\u0142a Podstawowa Kl. Ia \u00a0\u2013 15 os\u00f3b (wych. H. Mickiewicz) Kl. Ib \u2013 15 os\u00f3b (wych. I. Wojtkowiak) Kl. II \u2013 23 os\u00f3b (wych. M. Tomkowiak) Kl.&hellip; <a class=\"continue\" href=\"https:\/\/mycielewo.pl\/?page_id=16624\">Kontynuuj czytanie<span> Uczniowie 2015\/2016<\/span><\/a><\/p>\n","protected":false},"author":1,"featured_media":0,"parent":0,"menu_order":0,"comment_status":"closed","ping_status":"closed","template":"","meta":{"footnotes":""},"class_list":["post-16624","page","type-page","status-publish","hentry"],"_links":{"self":[{"href":"https:\/\/mycielewo.pl\/index.php?rest_route=\/wp\/v2\/pages\/16624","targetHints":{"allow":["GET"]}}],"collection":[{"href":"https:\/\/mycielewo.pl\/index.php?rest_route=\/wp\/v2\/pages"}],"about":[{"href":"https:\/\/mycielewo.pl\/index.php?rest_route=\/wp\/v2\/types\/page"}],"author":[{"embeddable":true,"href":"https:\/\/mycielewo.pl\/index.php?rest_route=\/wp\/v2\/users\/1"}],"replies":[{"embeddable":true,"href":"https:\/\/mycielewo.pl\/index.php?rest_route=%2Fwp%2Fv2%2Fcomments&post=16624"}],"version-history":[{"count":1,"href":"https:\/\/mycielewo.pl\/index.php?rest_route=\/wp\/v2\/pages\/16624\/revisions"}],"predecessor-version":[{"id":16626,"href":"https:\/\/mycielewo.pl\/index.php?rest_route=\/wp\/v2\/pages\/16624\/revisions\/16626"}],"wp:attachment":[{"href":"https:\/\/mycielewo.pl\/index.php?rest_route=%2Fwp%2Fv2%2Fmedia&parent=16624"}],"curies":[{"name":"wp","href":"https:\/\/api.w.org\/{rel}","templated":true}]}}