{"id":166,"date":"2012-01-25T09:19:00","date_gmt":"2012-01-25T09:19:00","guid":{"rendered":"http:\/\/www.mycielewo.interman.com.pl\/?page_id=166"},"modified":"2024-03-04T11:49:15","modified_gmt":"2024-03-04T11:49:15","slug":"szkolna-gazetka-przerwa","status":"publish","type":"page","link":"https:\/\/mycielewo.pl\/?page_id=166","title":{"rendered":"Szkolna gazetka &#8222;Przerwa&#8221;"},"content":{"rendered":"<p>W roku szkolnym 2011\/2012 za spraw\u0105 pani <strong>Marzeny Borzych<\/strong> reaktywowano szkoln\u0105 gazetk\u0119 &#8222;Przerwa&#8221;.<\/p>\n<p>Tworzy\u0142a j\u0105 redakcja w sk\u0142adzie:<\/p>\n<ul>\n<li>Aleksandra Stypczy\u0144ska &#8211; redaktor naczelny<\/li>\n<li>Paulina Ziarnek<\/li>\n<li>Kinga Loose<\/li>\n<li>Klaudia Kaleta<\/li>\n<li>Roksana Owedyk<\/li>\n<li>Ma\u0142gorzata Smorga<\/li>\n<li>Martyna Winkowska<\/li>\n<li>Mi\u0142osz Gratkowski &#8211; zdj\u0119cia<\/li>\n<li>Adrian Stypczy\u0144ski<\/li>\n<li>Hubert Olszewski<\/li>\n<li>Jakub Nowak<\/li>\n<li>Albert Mrotek<\/li>\n<\/ul>\n<p><a href=\"http:\/\/mycielewo.pl\/wp-content\/uploads\/2012\/01\/redakcja.jpg\"><img loading=\"lazy\" decoding=\"async\" class=\"aligncenter size-large wp-image-173\" title=\"redakcja\" src=\"http:\/\/mycielewo.pl\/wp-content\/uploads\/2012\/01\/redakcja-1024x731.jpg\" alt=\"\" width=\"565\" height=\"403\" srcset=\"https:\/\/mycielewo.pl\/wp-content\/uploads\/2012\/01\/redakcja-1024x731.jpg 1024w, https:\/\/mycielewo.pl\/wp-content\/uploads\/2012\/01\/redakcja-300x214.jpg 300w, https:\/\/mycielewo.pl\/wp-content\/uploads\/2012\/01\/redakcja.jpg 1872w\" sizes=\"auto, (max-width: 565px) 100vw, 565px\" \/><\/a><\/p>\n<p>Numery archiwalne do pobrania:<\/p>\n<ul>\n<li><a href=\"http:\/\/mycielewo.pl\/?attachment_id=460\" rel=\"attachment wp-att-460\">Numer 1 z 2011<\/a><\/li>\n<li><a href=\"http:\/\/mycielewo.pl\/?attachment_id=461\" rel=\"attachment wp-att-461\">Numer 2 z 2011 r &#8211; wydanie \u015bwi\u0105teczne<\/a><\/li>\n<li><a href=\"http:\/\/mycielewo.pl\/?attachment_id=1959\" rel=\"attachment wp-att-1959\">Numer 3 z 2012 r.<\/a><\/li>\n<\/ul>\n","protected":false},"excerpt":{"rendered":"<p>W roku szkolnym 2011\/2012 za spraw\u0105 pani Marzeny Borzych reaktywowano szkoln\u0105 gazetk\u0119 &#8222;Przerwa&#8221;. Tworzy\u0142a j\u0105 redakcja w sk\u0142adzie: Aleksandra Stypczy\u0144ska &#8211; redaktor naczelny Paulina Ziarnek Kinga Loose Klaudia Kaleta Roksana Owedyk Ma\u0142gorzata Smorga Martyna Winkowska Mi\u0142osz Gratkowski &#8211; zdj\u0119cia Adrian Stypczy\u0144ski Hubert Olszewski Jakub Nowak Albert Mrotek Numery archiwalne do pobrania: Numer 1 z 2011&hellip; <a class=\"continue\" href=\"https:\/\/mycielewo.pl\/?page_id=166\">Kontynuuj czytanie<span> Szkolna gazetka &#8222;Przerwa&#8221;<\/span><\/a><\/p>\n","protected":false},"author":1,"featured_media":0,"parent":0,"menu_order":0,"comment_status":"open","ping_status":"open","template":"","meta":{"footnotes":""},"class_list":["post-166","page","type-page","status-publish","hentry"],"_links":{"self":[{"href":"https:\/\/mycielewo.pl\/index.php?rest_route=\/wp\/v2\/pages\/166","targetHints":{"allow":["GET"]}}],"collection":[{"href":"https:\/\/mycielewo.pl\/index.php?rest_route=\/wp\/v2\/pages"}],"about":[{"href":"https:\/\/mycielewo.pl\/index.php?rest_route=\/wp\/v2\/types\/page"}],"author":[{"embeddable":true,"href":"https:\/\/mycielewo.pl\/index.php?rest_route=\/wp\/v2\/users\/1"}],"replies":[{"embeddable":true,"href":"https:\/\/mycielewo.pl\/index.php?rest_route=%2Fwp%2Fv2%2Fcomments&post=166"}],"version-history":[{"count":19,"href":"https:\/\/mycielewo.pl\/index.php?rest_route=\/wp\/v2\/pages\/166\/revisions"}],"predecessor-version":[{"id":41890,"href":"https:\/\/mycielewo.pl\/index.php?rest_route=\/wp\/v2\/pages\/166\/revisions\/41890"}],"wp:attachment":[{"href":"https:\/\/mycielewo.pl\/index.php?rest_route=%2Fwp%2Fv2%2Fmedia&parent=166"}],"curies":[{"name":"wp","href":"https:\/\/api.w.org\/{rel}","templated":true}]}}