{"id":13255,"date":"2015-09-29T15:39:20","date_gmt":"2015-09-29T15:39:20","guid":{"rendered":"http:\/\/www.mycielewo.interman.com.pl\/?page_id=13255"},"modified":"2015-09-29T15:44:21","modified_gmt":"2015-09-29T15:44:21","slug":"brd2004","status":"publish","type":"page","link":"https:\/\/mycielewo.pl\/?page_id=13255","title":{"rendered":"brd2004"},"content":{"rendered":"<p>BRD 2004 \ud83d\ude42 Wykopane z prywatnego archiwum pana Nowaka. Nie uwa\u017cacie, \u017ce w szkole bardzo wiele si\u0119 zmieni\u0142o?<\/p>\n<div id='gallery-1' class='gallery galleryid-13255 gallery-columns-9 gallery-size-thumbnail'><figure class='gallery-item'>\n\t\t\t<div class='gallery-icon landscape'>\n\t\t\t\t<a href='https:\/\/mycielewo.pl\/wp-content\/uploads\/2015\/09\/0022.jpg'><img loading=\"lazy\" decoding=\"async\" width=\"188\" height=\"141\" src=\"https:\/\/mycielewo.pl\/wp-content\/uploads\/2015\/09\/0022.jpg\" class=\"attachment-thumbnail size-thumbnail\" alt=\"\" srcset=\"https:\/\/mycielewo.pl\/wp-content\/uploads\/2015\/09\/0022.jpg 1024w, https:\/\/mycielewo.pl\/wp-content\/uploads\/2015\/09\/0022-250x188.jpg 250w, https:\/\/mycielewo.pl\/wp-content\/uploads\/2015\/09\/0022-300x225.jpg 300w\" sizes=\"auto, (max-width: 188px) 100vw, 188px\" \/><\/a>\n\t\t\t<\/div><\/figure><figure class='gallery-item'>\n\t\t\t<div class='gallery-icon landscape'>\n\t\t\t\t<a href='https:\/\/mycielewo.pl\/wp-content\/uploads\/2015\/09\/0023.jpg'><img loading=\"lazy\" decoding=\"async\" width=\"60\" height=\"60\" src=\"https:\/\/mycielewo.pl\/wp-content\/uploads\/2015\/09\/0023-60x60.jpg\" class=\"attachment-thumbnail size-thumbnail\" alt=\"\" \/><\/a>\n\t\t\t<\/div><\/figure><figure class='gallery-item'>\n\t\t\t<div class='gallery-icon landscape'>\n\t\t\t\t<a href='https:\/\/mycielewo.pl\/wp-content\/uploads\/2015\/09\/0024.jpg'><img loading=\"lazy\" decoding=\"async\" width=\"60\" height=\"60\" src=\"https:\/\/mycielewo.pl\/wp-content\/uploads\/2015\/09\/0024-60x60.jpg\" class=\"attachment-thumbnail size-thumbnail\" alt=\"\" \/><\/a>\n\t\t\t<\/div><\/figure><figure class='gallery-item'>\n\t\t\t<div class='gallery-icon landscape'>\n\t\t\t\t<a href='https:\/\/mycielewo.pl\/wp-content\/uploads\/2015\/09\/0025.jpg'><img loading=\"lazy\" decoding=\"async\" width=\"60\" height=\"60\" src=\"https:\/\/mycielewo.pl\/wp-content\/uploads\/2015\/09\/0025-60x60.jpg\" class=\"attachment-thumbnail size-thumbnail\" alt=\"\" \/><\/a>\n\t\t\t<\/div><\/figure><figure class='gallery-item'>\n\t\t\t<div class='gallery-icon landscape'>\n\t\t\t\t<a href='https:\/\/mycielewo.pl\/wp-content\/uploads\/2015\/09\/0027.jpg'><img loading=\"lazy\" decoding=\"async\" width=\"60\" height=\"60\" src=\"https:\/\/mycielewo.pl\/wp-content\/uploads\/2015\/09\/0027-60x60.jpg\" class=\"attachment-thumbnail size-thumbnail\" alt=\"\" \/><\/a>\n\t\t\t<\/div><\/figure><figure class='gallery-item'>\n\t\t\t<div class='gallery-icon landscape'>\n\t\t\t\t<a href='https:\/\/mycielewo.pl\/wp-content\/uploads\/2015\/09\/0028.jpg'><img loading=\"lazy\" decoding=\"async\" width=\"60\" height=\"60\" src=\"https:\/\/mycielewo.pl\/wp-content\/uploads\/2015\/09\/0028-60x60.jpg\" class=\"attachment-thumbnail size-thumbnail\" alt=\"\" \/><\/a>\n\t\t\t<\/div><\/figure><figure class='gallery-item'>\n\t\t\t<div class='gallery-icon landscape'>\n\t\t\t\t<a href='https:\/\/mycielewo.pl\/wp-content\/uploads\/2015\/09\/0029.jpg'><img loading=\"lazy\" decoding=\"async\" width=\"60\" height=\"60\" src=\"https:\/\/mycielewo.pl\/wp-content\/uploads\/2015\/09\/0029-60x60.jpg\" class=\"attachment-thumbnail size-thumbnail\" alt=\"\" \/><\/a>\n\t\t\t<\/div><\/figure><figure class='gallery-item'>\n\t\t\t<div class='gallery-icon landscape'>\n\t\t\t\t<a href='https:\/\/mycielewo.pl\/wp-content\/uploads\/2015\/09\/0030.jpg'><img loading=\"lazy\" decoding=\"async\" width=\"60\" height=\"60\" src=\"https:\/\/mycielewo.pl\/wp-content\/uploads\/2015\/09\/0030-60x60.jpg\" class=\"attachment-thumbnail size-thumbnail\" alt=\"\" \/><\/a>\n\t\t\t<\/div><\/figure><figure class='gallery-item'>\n\t\t\t<div class='gallery-icon landscape'>\n\t\t\t\t<a href='https:\/\/mycielewo.pl\/wp-content\/uploads\/2015\/09\/0037.jpg'><img loading=\"lazy\" decoding=\"async\" width=\"60\" height=\"60\" src=\"https:\/\/mycielewo.pl\/wp-content\/uploads\/2015\/09\/0037-60x60.jpg\" class=\"attachment-thumbnail size-thumbnail\" alt=\"\" \/><\/a>\n\t\t\t<\/div><\/figure><figure class='gallery-item'>\n\t\t\t<div class='gallery-icon landscape'>\n\t\t\t\t<a href='https:\/\/mycielewo.pl\/wp-content\/uploads\/2015\/09\/0038.jpg'><img loading=\"lazy\" decoding=\"async\" width=\"60\" height=\"60\" src=\"https:\/\/mycielewo.pl\/wp-content\/uploads\/2015\/09\/0038-60x60.jpg\" class=\"attachment-thumbnail size-thumbnail\" alt=\"\" \/><\/a>\n\t\t\t<\/div><\/figure><figure class='gallery-item'>\n\t\t\t<div class='gallery-icon landscape'>\n\t\t\t\t<a href='https:\/\/mycielewo.pl\/wp-content\/uploads\/2015\/09\/0039.jpg'><img loading=\"lazy\" decoding=\"async\" width=\"60\" height=\"60\" src=\"https:\/\/mycielewo.pl\/wp-content\/uploads\/2015\/09\/0039-60x60.jpg\" class=\"attachment-thumbnail size-thumbnail\" alt=\"\" \/><\/a>\n\t\t\t<\/div><\/figure><figure class='gallery-item'>\n\t\t\t<div class='gallery-icon landscape'>\n\t\t\t\t<a href='https:\/\/mycielewo.pl\/wp-content\/uploads\/2015\/09\/0040.jpg'><img loading=\"lazy\" decoding=\"async\" width=\"60\" height=\"60\" src=\"https:\/\/mycielewo.pl\/wp-content\/uploads\/2015\/09\/0040-60x60.jpg\" class=\"attachment-thumbnail size-thumbnail\" alt=\"\" \/><\/a>\n\t\t\t<\/div><\/figure><figure class='gallery-item'>\n\t\t\t<div class='gallery-icon landscape'>\n\t\t\t\t<a href='https:\/\/mycielewo.pl\/wp-content\/uploads\/2015\/09\/0042.jpg'><img loading=\"lazy\" decoding=\"async\" width=\"60\" height=\"60\" src=\"https:\/\/mycielewo.pl\/wp-content\/uploads\/2015\/09\/0042-60x60.jpg\" class=\"attachment-thumbnail size-thumbnail\" alt=\"\" \/><\/a>\n\t\t\t<\/div><\/figure><figure class='gallery-item'>\n\t\t\t<div class='gallery-icon landscape'>\n\t\t\t\t<a href='https:\/\/mycielewo.pl\/wp-content\/uploads\/2015\/09\/0043.jpg'><img loading=\"lazy\" decoding=\"async\" width=\"60\" height=\"60\" src=\"https:\/\/mycielewo.pl\/wp-content\/uploads\/2015\/09\/0043-60x60.jpg\" class=\"attachment-thumbnail size-thumbnail\" alt=\"\" \/><\/a>\n\t\t\t<\/div><\/figure><figure class='gallery-item'>\n\t\t\t<div class='gallery-icon landscape'>\n\t\t\t\t<a href='https:\/\/mycielewo.pl\/wp-content\/uploads\/2015\/09\/0044.jpg'><img loading=\"lazy\" decoding=\"async\" width=\"60\" height=\"60\" src=\"https:\/\/mycielewo.pl\/wp-content\/uploads\/2015\/09\/0044-60x60.jpg\" class=\"attachment-thumbnail size-thumbnail\" alt=\"\" \/><\/a>\n\t\t\t<\/div><\/figure><figure class='gallery-item'>\n\t\t\t<div class='gallery-icon landscape'>\n\t\t\t\t<a href='https:\/\/mycielewo.pl\/wp-content\/uploads\/2015\/09\/0045.jpg'><img loading=\"lazy\" decoding=\"async\" width=\"188\" height=\"141\" src=\"https:\/\/mycielewo.pl\/wp-content\/uploads\/2015\/09\/0045.jpg\" class=\"attachment-thumbnail size-thumbnail\" alt=\"\" srcset=\"https:\/\/mycielewo.pl\/wp-content\/uploads\/2015\/09\/0045.jpg 1024w, https:\/\/mycielewo.pl\/wp-content\/uploads\/2015\/09\/0045-250x188.jpg 250w, https:\/\/mycielewo.pl\/wp-content\/uploads\/2015\/09\/0045-300x225.jpg 300w\" sizes=\"auto, (max-width: 188px) 100vw, 188px\" \/><\/a>\n\t\t\t<\/div><\/figure><figure class='gallery-item'>\n\t\t\t<div class='gallery-icon landscape'>\n\t\t\t\t<a href='https:\/\/mycielewo.pl\/wp-content\/uploads\/2015\/09\/0046.jpg'><img loading=\"lazy\" decoding=\"async\" width=\"60\" height=\"60\" src=\"https:\/\/mycielewo.pl\/wp-content\/uploads\/2015\/09\/0046-60x60.jpg\" class=\"attachment-thumbnail size-thumbnail\" alt=\"\" \/><\/a>\n\t\t\t<\/div><\/figure><figure class='gallery-item'>\n\t\t\t<div class='gallery-icon landscape'>\n\t\t\t\t<a href='https:\/\/mycielewo.pl\/wp-content\/uploads\/2015\/09\/0047.jpg'><img loading=\"lazy\" decoding=\"async\" width=\"60\" height=\"60\" src=\"https:\/\/mycielewo.pl\/wp-content\/uploads\/2015\/09\/0047-60x60.jpg\" class=\"attachment-thumbnail size-thumbnail\" alt=\"\" \/><\/a>\n\t\t\t<\/div><\/figure><figure class='gallery-item'>\n\t\t\t<div class='gallery-icon landscape'>\n\t\t\t\t<a href='https:\/\/mycielewo.pl\/wp-content\/uploads\/2015\/09\/0048.jpg'><img loading=\"lazy\" decoding=\"async\" width=\"60\" height=\"60\" src=\"https:\/\/mycielewo.pl\/wp-content\/uploads\/2015\/09\/0048-60x60.jpg\" class=\"attachment-thumbnail size-thumbnail\" alt=\"\" \/><\/a>\n\t\t\t<\/div><\/figure><figure class='gallery-item'>\n\t\t\t<div class='gallery-icon landscape'>\n\t\t\t\t<a href='https:\/\/mycielewo.pl\/wp-content\/uploads\/2015\/09\/0049.jpg'><img loading=\"lazy\" decoding=\"async\" width=\"188\" height=\"141\" src=\"https:\/\/mycielewo.pl\/wp-content\/uploads\/2015\/09\/0049.jpg\" class=\"attachment-thumbnail size-thumbnail\" alt=\"\" srcset=\"https:\/\/mycielewo.pl\/wp-content\/uploads\/2015\/09\/0049.jpg 1024w, https:\/\/mycielewo.pl\/wp-content\/uploads\/2015\/09\/0049-250x188.jpg 250w, https:\/\/mycielewo.pl\/wp-content\/uploads\/2015\/09\/0049-300x225.jpg 300w\" sizes=\"auto, (max-width: 188px) 100vw, 188px\" \/><\/a>\n\t\t\t<\/div><\/figure><figure class='gallery-item'>\n\t\t\t<div class='gallery-icon landscape'>\n\t\t\t\t<a href='https:\/\/mycielewo.pl\/wp-content\/uploads\/2015\/09\/0050.jpg'><img loading=\"lazy\" decoding=\"async\" width=\"188\" height=\"141\" src=\"https:\/\/mycielewo.pl\/wp-content\/uploads\/2015\/09\/0050.jpg\" class=\"attachment-thumbnail size-thumbnail\" alt=\"\" srcset=\"https:\/\/mycielewo.pl\/wp-content\/uploads\/2015\/09\/0050.jpg 1024w, https:\/\/mycielewo.pl\/wp-content\/uploads\/2015\/09\/0050-250x188.jpg 250w, https:\/\/mycielewo.pl\/wp-content\/uploads\/2015\/09\/0050-300x225.jpg 300w\" sizes=\"auto, (max-width: 188px) 100vw, 188px\" \/><\/a>\n\t\t\t<\/div><\/figure><figure class='gallery-item'>\n\t\t\t<div class='gallery-icon landscape'>\n\t\t\t\t<a href='https:\/\/mycielewo.pl\/wp-content\/uploads\/2015\/09\/0051.jpg'><img loading=\"lazy\" decoding=\"async\" width=\"60\" height=\"60\" src=\"https:\/\/mycielewo.pl\/wp-content\/uploads\/2015\/09\/0051-60x60.jpg\" class=\"attachment-thumbnail size-thumbnail\" alt=\"\" \/><\/a>\n\t\t\t<\/div><\/figure><figure class='gallery-item'>\n\t\t\t<div class='gallery-icon landscape'>\n\t\t\t\t<a href='https:\/\/mycielewo.pl\/wp-content\/uploads\/2015\/09\/0052.jpg'><img loading=\"lazy\" decoding=\"async\" width=\"60\" height=\"60\" src=\"https:\/\/mycielewo.pl\/wp-content\/uploads\/2015\/09\/0052-60x60.jpg\" class=\"attachment-thumbnail size-thumbnail\" alt=\"\" \/><\/a>\n\t\t\t<\/div><\/figure><figure class='gallery-item'>\n\t\t\t<div class='gallery-icon landscape'>\n\t\t\t\t<a href='https:\/\/mycielewo.pl\/wp-content\/uploads\/2015\/09\/0053.jpg'><img loading=\"lazy\" decoding=\"async\" width=\"60\" height=\"60\" src=\"https:\/\/mycielewo.pl\/wp-content\/uploads\/2015\/09\/0053-60x60.jpg\" class=\"attachment-thumbnail size-thumbnail\" alt=\"\" \/><\/a>\n\t\t\t<\/div><\/figure><figure class='gallery-item'>\n\t\t\t<div class='gallery-icon landscape'>\n\t\t\t\t<a href='https:\/\/mycielewo.pl\/wp-content\/uploads\/2015\/09\/0054.jpg'><img loading=\"lazy\" decoding=\"async\" width=\"60\" height=\"60\" src=\"https:\/\/mycielewo.pl\/wp-content\/uploads\/2015\/09\/0054-60x60.jpg\" class=\"attachment-thumbnail size-thumbnail\" alt=\"\" \/><\/a>\n\t\t\t<\/div><\/figure><figure class='gallery-item'>\n\t\t\t<div class='gallery-icon landscape'>\n\t\t\t\t<a href='https:\/\/mycielewo.pl\/wp-content\/uploads\/2015\/09\/0055.jpg'><img loading=\"lazy\" decoding=\"async\" width=\"60\" height=\"60\" src=\"https:\/\/mycielewo.pl\/wp-content\/uploads\/2015\/09\/0055-60x60.jpg\" class=\"attachment-thumbnail size-thumbnail\" alt=\"\" \/><\/a>\n\t\t\t<\/div><\/figure><figure class='gallery-item'>\n\t\t\t<div class='gallery-icon landscape'>\n\t\t\t\t<a href='https:\/\/mycielewo.pl\/wp-content\/uploads\/2015\/09\/0056.jpg'><img loading=\"lazy\" decoding=\"async\" width=\"60\" height=\"60\" src=\"https:\/\/mycielewo.pl\/wp-content\/uploads\/2015\/09\/0056-60x60.jpg\" class=\"attachment-thumbnail size-thumbnail\" alt=\"\" \/><\/a>\n\t\t\t<\/div><\/figure><figure class='gallery-item'>\n\t\t\t<div class='gallery-icon landscape'>\n\t\t\t\t<a href='https:\/\/mycielewo.pl\/wp-content\/uploads\/2015\/09\/0057.jpg'><img loading=\"lazy\" decoding=\"async\" width=\"60\" height=\"60\" src=\"https:\/\/mycielewo.pl\/wp-content\/uploads\/2015\/09\/0057-60x60.jpg\" class=\"attachment-thumbnail size-thumbnail\" alt=\"\" \/><\/a>\n\t\t\t<\/div><\/figure><figure class='gallery-item'>\n\t\t\t<div class='gallery-icon landscape'>\n\t\t\t\t<a href='https:\/\/mycielewo.pl\/wp-content\/uploads\/2015\/09\/0058.jpg'><img loading=\"lazy\" decoding=\"async\" width=\"60\" height=\"60\" src=\"https:\/\/mycielewo.pl\/wp-content\/uploads\/2015\/09\/0058-60x60.jpg\" class=\"attachment-thumbnail size-thumbnail\" alt=\"\" \/><\/a>\n\t\t\t<\/div><\/figure><figure class='gallery-item'>\n\t\t\t<div class='gallery-icon landscape'>\n\t\t\t\t<a href='https:\/\/mycielewo.pl\/wp-content\/uploads\/2015\/09\/0059.jpg'><img loading=\"lazy\" decoding=\"async\" width=\"60\" height=\"60\" src=\"https:\/\/mycielewo.pl\/wp-content\/uploads\/2015\/09\/0059-60x60.jpg\" class=\"attachment-thumbnail size-thumbnail\" alt=\"\" \/><\/a>\n\t\t\t<\/div><\/figure><figure class='gallery-item'>\n\t\t\t<div class='gallery-icon landscape'>\n\t\t\t\t<a href='https:\/\/mycielewo.pl\/wp-content\/uploads\/2015\/09\/0060.jpg'><img loading=\"lazy\" decoding=\"async\" width=\"60\" height=\"60\" src=\"https:\/\/mycielewo.pl\/wp-content\/uploads\/2015\/09\/0060-60x60.jpg\" class=\"attachment-thumbnail size-thumbnail\" alt=\"\" \/><\/a>\n\t\t\t<\/div><\/figure><figure class='gallery-item'>\n\t\t\t<div class='gallery-icon landscape'>\n\t\t\t\t<a href='https:\/\/mycielewo.pl\/wp-content\/uploads\/2015\/09\/0061.jpg'><img loading=\"lazy\" decoding=\"async\" width=\"60\" height=\"60\" src=\"https:\/\/mycielewo.pl\/wp-content\/uploads\/2015\/09\/0061-60x60.jpg\" class=\"attachment-thumbnail size-thumbnail\" alt=\"\" \/><\/a>\n\t\t\t<\/div><\/figure><figure class='gallery-item'>\n\t\t\t<div class='gallery-icon landscape'>\n\t\t\t\t<a href='https:\/\/mycielewo.pl\/wp-content\/uploads\/2015\/09\/0062.jpg'><img loading=\"lazy\" decoding=\"async\" width=\"60\" height=\"60\" src=\"https:\/\/mycielewo.pl\/wp-content\/uploads\/2015\/09\/0062-60x60.jpg\" class=\"attachment-thumbnail size-thumbnail\" alt=\"\" \/><\/a>\n\t\t\t<\/div><\/figure><figure class='gallery-item'>\n\t\t\t<div class='gallery-icon landscape'>\n\t\t\t\t<a href='https:\/\/mycielewo.pl\/wp-content\/uploads\/2015\/09\/0063.jpg'><img loading=\"lazy\" decoding=\"async\" width=\"60\" height=\"60\" src=\"https:\/\/mycielewo.pl\/wp-content\/uploads\/2015\/09\/0063-60x60.jpg\" class=\"attachment-thumbnail size-thumbnail\" alt=\"\" \/><\/a>\n\t\t\t<\/div><\/figure><figure class='gallery-item'>\n\t\t\t<div class='gallery-icon landscape'>\n\t\t\t\t<a href='https:\/\/mycielewo.pl\/wp-content\/uploads\/2015\/09\/0064.jpg'><img loading=\"lazy\" decoding=\"async\" width=\"60\" height=\"60\" src=\"https:\/\/mycielewo.pl\/wp-content\/uploads\/2015\/09\/0064-60x60.jpg\" class=\"attachment-thumbnail size-thumbnail\" alt=\"\" \/><\/a>\n\t\t\t<\/div><\/figure><figure class='gallery-item'>\n\t\t\t<div class='gallery-icon landscape'>\n\t\t\t\t<a href='https:\/\/mycielewo.pl\/wp-content\/uploads\/2015\/09\/0065.jpg'><img loading=\"lazy\" decoding=\"async\" width=\"60\" height=\"60\" src=\"https:\/\/mycielewo.pl\/wp-content\/uploads\/2015\/09\/0065-60x60.jpg\" class=\"attachment-thumbnail size-thumbnail\" alt=\"\" \/><\/a>\n\t\t\t<\/div><\/figure><figure class='gallery-item'>\n\t\t\t<div class='gallery-icon landscape'>\n\t\t\t\t<a href='https:\/\/mycielewo.pl\/wp-content\/uploads\/2015\/09\/0066.jpg'><img loading=\"lazy\" decoding=\"async\" width=\"60\" height=\"60\" src=\"https:\/\/mycielewo.pl\/wp-content\/uploads\/2015\/09\/0066-60x60.jpg\" class=\"attachment-thumbnail size-thumbnail\" alt=\"\" \/><\/a>\n\t\t\t<\/div><\/figure><figure class='gallery-item'>\n\t\t\t<div class='gallery-icon landscape'>\n\t\t\t\t<a href='https:\/\/mycielewo.pl\/wp-content\/uploads\/2015\/09\/0067.jpg'><img loading=\"lazy\" decoding=\"async\" width=\"60\" height=\"60\" src=\"https:\/\/mycielewo.pl\/wp-content\/uploads\/2015\/09\/0067-60x60.jpg\" class=\"attachment-thumbnail size-thumbnail\" alt=\"\" \/><\/a>\n\t\t\t<\/div><\/figure><figure class='gallery-item'>\n\t\t\t<div class='gallery-icon landscape'>\n\t\t\t\t<a href='https:\/\/mycielewo.pl\/wp-content\/uploads\/2015\/09\/0068.jpg'><img loading=\"lazy\" decoding=\"async\" width=\"60\" height=\"60\" src=\"https:\/\/mycielewo.pl\/wp-content\/uploads\/2015\/09\/0068-60x60.jpg\" class=\"attachment-thumbnail size-thumbnail\" alt=\"\" \/><\/a>\n\t\t\t<\/div><\/figure><figure class='gallery-item'>\n\t\t\t<div class='gallery-icon landscape'>\n\t\t\t\t<a href='https:\/\/mycielewo.pl\/wp-content\/uploads\/2015\/09\/0069.jpg'><img loading=\"lazy\" decoding=\"async\" width=\"60\" height=\"60\" src=\"https:\/\/mycielewo.pl\/wp-content\/uploads\/2015\/09\/0069-60x60.jpg\" class=\"attachment-thumbnail size-thumbnail\" alt=\"\" \/><\/a>\n\t\t\t<\/div><\/figure><figure class='gallery-item'>\n\t\t\t<div class='gallery-icon landscape'>\n\t\t\t\t<a href='https:\/\/mycielewo.pl\/wp-content\/uploads\/2015\/09\/0070.jpg'><img loading=\"lazy\" decoding=\"async\" width=\"188\" height=\"141\" src=\"https:\/\/mycielewo.pl\/wp-content\/uploads\/2015\/09\/0070.jpg\" class=\"attachment-thumbnail size-thumbnail\" alt=\"\" srcset=\"https:\/\/mycielewo.pl\/wp-content\/uploads\/2015\/09\/0070.jpg 1024w, https:\/\/mycielewo.pl\/wp-content\/uploads\/2015\/09\/0070-250x188.jpg 250w, https:\/\/mycielewo.pl\/wp-content\/uploads\/2015\/09\/0070-300x225.jpg 300w\" sizes=\"auto, (max-width: 188px) 100vw, 188px\" \/><\/a>\n\t\t\t<\/div><\/figure><figure class='gallery-item'>\n\t\t\t<div class='gallery-icon landscape'>\n\t\t\t\t<a href='https:\/\/mycielewo.pl\/wp-content\/uploads\/2015\/09\/0071.jpg'><img loading=\"lazy\" decoding=\"async\" width=\"60\" height=\"60\" src=\"https:\/\/mycielewo.pl\/wp-content\/uploads\/2015\/09\/0071-60x60.jpg\" class=\"attachment-thumbnail size-thumbnail\" alt=\"\" \/><\/a>\n\t\t\t<\/div><\/figure><figure class='gallery-item'>\n\t\t\t<div class='gallery-icon landscape'>\n\t\t\t\t<a href='https:\/\/mycielewo.pl\/wp-content\/uploads\/2015\/09\/0072.jpg'><img loading=\"lazy\" decoding=\"async\" width=\"60\" height=\"60\" src=\"https:\/\/mycielewo.pl\/wp-content\/uploads\/2015\/09\/0072-60x60.jpg\" class=\"attachment-thumbnail size-thumbnail\" alt=\"\" \/><\/a>\n\t\t\t<\/div><\/figure><figure class='gallery-item'>\n\t\t\t<div class='gallery-icon landscape'>\n\t\t\t\t<a href='https:\/\/mycielewo.pl\/wp-content\/uploads\/2015\/09\/0073.jpg'><img loading=\"lazy\" decoding=\"async\" width=\"60\" height=\"60\" src=\"https:\/\/mycielewo.pl\/wp-content\/uploads\/2015\/09\/0073-60x60.jpg\" class=\"attachment-thumbnail size-thumbnail\" alt=\"\" \/><\/a>\n\t\t\t<\/div><\/figure><figure class='gallery-item'>\n\t\t\t<div class='gallery-icon landscape'>\n\t\t\t\t<a href='https:\/\/mycielewo.pl\/wp-content\/uploads\/2015\/09\/0074.jpg'><img loading=\"lazy\" decoding=\"async\" width=\"60\" height=\"60\" src=\"https:\/\/mycielewo.pl\/wp-content\/uploads\/2015\/09\/0074-60x60.jpg\" class=\"attachment-thumbnail size-thumbnail\" alt=\"\" \/><\/a>\n\t\t\t<\/div><\/figure><figure class='gallery-item'>\n\t\t\t<div class='gallery-icon landscape'>\n\t\t\t\t<a href='https:\/\/mycielewo.pl\/wp-content\/uploads\/2015\/09\/0075.jpg'><img loading=\"lazy\" decoding=\"async\" width=\"60\" height=\"60\" src=\"https:\/\/mycielewo.pl\/wp-content\/uploads\/2015\/09\/0075-60x60.jpg\" class=\"attachment-thumbnail size-thumbnail\" alt=\"\" \/><\/a>\n\t\t\t<\/div><\/figure><figure class='gallery-item'>\n\t\t\t<div class='gallery-icon landscape'>\n\t\t\t\t<a href='https:\/\/mycielewo.pl\/wp-content\/uploads\/2015\/09\/0076.jpg'><img loading=\"lazy\" decoding=\"async\" width=\"60\" height=\"60\" src=\"https:\/\/mycielewo.pl\/wp-content\/uploads\/2015\/09\/0076-60x60.jpg\" class=\"attachment-thumbnail size-thumbnail\" alt=\"\" \/><\/a>\n\t\t\t<\/div><\/figure><figure class='gallery-item'>\n\t\t\t<div class='gallery-icon landscape'>\n\t\t\t\t<a href='https:\/\/mycielewo.pl\/wp-content\/uploads\/2015\/09\/0077.jpg'><img loading=\"lazy\" decoding=\"async\" width=\"60\" height=\"60\" src=\"https:\/\/mycielewo.pl\/wp-content\/uploads\/2015\/09\/0077-60x60.jpg\" class=\"attachment-thumbnail size-thumbnail\" alt=\"\" \/><\/a>\n\t\t\t<\/div><\/figure><figure class='gallery-item'>\n\t\t\t<div class='gallery-icon landscape'>\n\t\t\t\t<a href='https:\/\/mycielewo.pl\/wp-content\/uploads\/2015\/09\/0078.jpg'><img loading=\"lazy\" decoding=\"async\" width=\"60\" height=\"60\" src=\"https:\/\/mycielewo.pl\/wp-content\/uploads\/2015\/09\/0078-60x60.jpg\" class=\"attachment-thumbnail size-thumbnail\" alt=\"\" \/><\/a>\n\t\t\t<\/div><\/figure><figure class='gallery-item'>\n\t\t\t<div class='gallery-icon landscape'>\n\t\t\t\t<a href='https:\/\/mycielewo.pl\/wp-content\/uploads\/2015\/09\/0079.jpg'><img loading=\"lazy\" decoding=\"async\" width=\"60\" height=\"60\" src=\"https:\/\/mycielewo.pl\/wp-content\/uploads\/2015\/09\/0079-60x60.jpg\" class=\"attachment-thumbnail size-thumbnail\" alt=\"\" \/><\/a>\n\t\t\t<\/div><\/figure><figure class='gallery-item'>\n\t\t\t<div class='gallery-icon landscape'>\n\t\t\t\t<a href='https:\/\/mycielewo.pl\/wp-content\/uploads\/2015\/09\/0080.jpg'><img loading=\"lazy\" decoding=\"async\" width=\"60\" height=\"60\" src=\"https:\/\/mycielewo.pl\/wp-content\/uploads\/2015\/09\/0080-60x60.jpg\" class=\"attachment-thumbnail size-thumbnail\" alt=\"\" \/><\/a>\n\t\t\t<\/div><\/figure><figure class='gallery-item'>\n\t\t\t<div class='gallery-icon portrait'>\n\t\t\t\t<a href='https:\/\/mycielewo.pl\/wp-content\/uploads\/2015\/09\/0081.jpg'><img loading=\"lazy\" decoding=\"async\" width=\"60\" height=\"60\" src=\"https:\/\/mycielewo.pl\/wp-content\/uploads\/2015\/09\/0081-60x60.jpg\" class=\"attachment-thumbnail size-thumbnail\" alt=\"\" \/><\/a>\n\t\t\t<\/div><\/figure>\n\t\t<\/div>\n\n","protected":false},"excerpt":{"rendered":"<p>BRD 2004 \ud83d\ude42 Wykopane z prywatnego archiwum pana Nowaka. Nie uwa\u017cacie, \u017ce w szkole bardzo wiele si\u0119 zmieni\u0142o?<\/p>\n","protected":false},"author":1,"featured_media":0,"parent":0,"menu_order":0,"comment_status":"closed","ping_status":"closed","template":"","meta":{"footnotes":""},"class_list":["post-13255","page","type-page","status-publish","hentry"],"_links":{"self":[{"href":"https:\/\/mycielewo.pl\/index.php?rest_route=\/wp\/v2\/pages\/13255","targetHints":{"allow":["GET"]}}],"collection":[{"href":"https:\/\/mycielewo.pl\/index.php?rest_route=\/wp\/v2\/pages"}],"about":[{"href":"https:\/\/mycielewo.pl\/index.php?rest_route=\/wp\/v2\/types\/page"}],"author":[{"embeddable":true,"href":"https:\/\/mycielewo.pl\/index.php?rest_route=\/wp\/v2\/users\/1"}],"replies":[{"embeddable":true,"href":"https:\/\/mycielewo.pl\/index.php?rest_route=%2Fwp%2Fv2%2Fcomments&post=13255"}],"version-history":[{"count":3,"href":"https:\/\/mycielewo.pl\/index.php?rest_route=\/wp\/v2\/pages\/13255\/revisions"}],"predecessor-version":[{"id":13311,"href":"https:\/\/mycielewo.pl\/index.php?rest_route=\/wp\/v2\/pages\/13255\/revisions\/13311"}],"wp:attachment":[{"href":"https:\/\/mycielewo.pl\/index.php?rest_route=%2Fwp%2Fv2%2Fmedia&parent=13255"}],"curies":[{"name":"wp","href":"https:\/\/api.w.org\/{rel}","templated":true}]}}