{"id":13182,"date":"2015-09-05T05:55:57","date_gmt":"2015-09-05T05:55:57","guid":{"rendered":"http:\/\/www.mycielewo.interman.com.pl\/?page_id=13182"},"modified":"2015-09-05T05:55:57","modified_gmt":"2015-09-05T05:55:57","slug":"uczniowie-20142015","status":"publish","type":"page","link":"https:\/\/mycielewo.pl\/?page_id=13182","title":{"rendered":"uczniowie 2014\/2015"},"content":{"rendered":"<p align=\"center\"><b>W roku szkolnym 2014\/2015 w Zespole Szk\u00f3\u0142 w Mycielewie ucz\u0119szczaj\u0105:<\/b><\/p>\n<p align=\"center\"><b>Oddzia\u0142y przedszkolne<\/b><\/p>\n<p align=\"center\">Kl. 0 (5-lat) \u2013 16 os\u00f3b<br \/>\nKl. 0 (5, 6, 7-lat) \u2013 15 os\u00f3b<\/p>\n<p align=\"center\"><b>Szko\u0142a Podstawowa<\/b><br \/>\nKl. I \u00a0\u2013 22 os\u00f3b<br \/>\nKl. II \u2013 16 os\u00f3b<br \/>\nKl. III \u2013 16 os\u00f3b<br \/>\nKl. IV \u2013 19 os\u00f3b<br \/>\nKl. V \u2013 19 os\u00f3b<br \/>\nKl. VI \u2013 14 os\u00f3b<\/p>\n<p align=\"center\"><b>Gimnazjum<\/b><br \/>\nKl. Ia \u2013 20 os\u00f3b<\/p>\n<p align=\"center\">Kl. Ib \u2013 18 os\u00f3b<br \/>\nKl. IIa \u2013 27 os\u00f3b<br \/>\nKl. IIIa \u2013 32 osoby<\/p>\n<p align=\"center\"><strong>Razem w naszej szkole uczy si\u0119 234 uczni\u00f3w<\/strong><\/p>\n<p><strong>Przydzia\u0142 wychowawstw w szkole podstawowej i gimnazjum\u00a0<\/strong><strong>w roku szkolnym 2014\/2015<\/strong><\/p>\n<p><strong>Szko\u0142a Podstawowa:<\/strong><\/p>\n<table>\n<tbody>\n<tr>\n<td width=\"69\"><\/td>\n<td width=\"165\"><strong>Klasa<\/strong><\/td>\n<td width=\"301\"><strong>Imi\u0119 i nazwisko wychowawcy<\/strong><\/td>\n<\/tr>\n<tr>\n<td width=\"69\"><\/td>\n<td width=\"165\">0a<\/td>\n<td width=\"301\">Gabriela Wes\u00f3\u0142<\/td>\n<\/tr>\n<tr>\n<td width=\"69\"><\/td>\n<td width=\"165\">0b<\/td>\n<td width=\"301\">Iwona Wojtkowiak<\/td>\n<\/tr>\n<tr>\n<td width=\"69\"><\/td>\n<td width=\"165\">I<\/td>\n<td width=\"301\">Magdalena Tomkowiak<\/td>\n<\/tr>\n<tr>\n<td width=\"69\"><\/td>\n<td width=\"165\">II<\/td>\n<td width=\"301\">Elwira Stachowiak<\/td>\n<\/tr>\n<tr>\n<td width=\"69\"><\/td>\n<td width=\"165\">III<\/td>\n<td width=\"301\">Henryka Mickiewicz<\/td>\n<\/tr>\n<tr>\n<td width=\"69\"><\/td>\n<td width=\"165\">IV<\/td>\n<td width=\"301\">Agnieszka Koralewska-Hak<\/td>\n<\/tr>\n<tr>\n<td width=\"69\"><\/td>\n<td width=\"165\">V<\/td>\n<td width=\"301\">Anna Pyszczy\u0144ska<\/td>\n<\/tr>\n<tr>\n<td width=\"69\"><\/td>\n<td width=\"165\">VI<\/td>\n<td width=\"301\">Angelika Drozd<\/td>\n<\/tr>\n<\/tbody>\n<\/table>\n<p><strong>Gimnazjum:<\/strong><\/p>\n<table>\n<tbody>\n<tr>\n<td width=\"69\"><\/td>\n<td width=\"165\"><strong>Klasa<\/strong><\/td>\n<td width=\"301\"><strong>Imi\u0119 i nazwisko wychowawcy<\/strong><\/td>\n<\/tr>\n<tr>\n<td width=\"69\"><\/td>\n<td width=\"165\">Ia<\/td>\n<td width=\"301\">Marzena Borzych<\/td>\n<\/tr>\n<tr>\n<td width=\"69\"><\/td>\n<td width=\"165\">Ib<\/td>\n<td width=\"301\">Joanna Biernacka-Kozerewicz<\/td>\n<\/tr>\n<tr>\n<td width=\"69\"><\/td>\n<td width=\"165\">II<\/td>\n<td width=\"301\">Beata Janicka<\/td>\n<\/tr>\n<tr>\n<td width=\"69\"><\/td>\n<td width=\"165\">III<\/td>\n<td width=\"301\">Paulina Otto<\/td>\n<\/tr>\n<\/tbody>\n<\/table>\n","protected":false},"excerpt":{"rendered":"<p>W roku szkolnym 2014\/2015 w Zespole Szk\u00f3\u0142 w Mycielewie ucz\u0119szczaj\u0105: Oddzia\u0142y przedszkolne Kl. 0 (5-lat) \u2013 16 os\u00f3b Kl. 0 (5, 6, 7-lat) \u2013 15 os\u00f3b Szko\u0142a Podstawowa Kl. I \u00a0\u2013 22 os\u00f3b Kl. II \u2013 16 os\u00f3b Kl. III \u2013 16 os\u00f3b Kl. IV \u2013 19 os\u00f3b Kl. V \u2013 19 os\u00f3b Kl. VI&hellip; <a class=\"continue\" href=\"https:\/\/mycielewo.pl\/?page_id=13182\">Kontynuuj czytanie<span> uczniowie 2014\/2015<\/span><\/a><\/p>\n","protected":false},"author":1,"featured_media":0,"parent":0,"menu_order":0,"comment_status":"open","ping_status":"open","template":"","meta":{"footnotes":""},"class_list":["post-13182","page","type-page","status-publish","hentry"],"_links":{"self":[{"href":"https:\/\/mycielewo.pl\/index.php?rest_route=\/wp\/v2\/pages\/13182","targetHints":{"allow":["GET"]}}],"collection":[{"href":"https:\/\/mycielewo.pl\/index.php?rest_route=\/wp\/v2\/pages"}],"about":[{"href":"https:\/\/mycielewo.pl\/index.php?rest_route=\/wp\/v2\/types\/page"}],"author":[{"embeddable":true,"href":"https:\/\/mycielewo.pl\/index.php?rest_route=\/wp\/v2\/users\/1"}],"replies":[{"embeddable":true,"href":"https:\/\/mycielewo.pl\/index.php?rest_route=%2Fwp%2Fv2%2Fcomments&post=13182"}],"version-history":[{"count":1,"href":"https:\/\/mycielewo.pl\/index.php?rest_route=\/wp\/v2\/pages\/13182\/revisions"}],"predecessor-version":[{"id":13184,"href":"https:\/\/mycielewo.pl\/index.php?rest_route=\/wp\/v2\/pages\/13182\/revisions\/13184"}],"wp:attachment":[{"href":"https:\/\/mycielewo.pl\/index.php?rest_route=%2Fwp%2Fv2%2Fmedia&parent=13182"}],"curies":[{"name":"wp","href":"https:\/\/api.w.org\/{rel}","templated":true}]}}