{"id":11478,"date":"2015-03-22T14:09:23","date_gmt":"2015-03-22T14:09:23","guid":{"rendered":"http:\/\/www.mycielewo.interman.com.pl\/?page_id=11478"},"modified":"2024-03-04T12:46:20","modified_gmt":"2024-03-04T12:46:20","slug":"rodzice","status":"publish","type":"page","link":"https:\/\/mycielewo.pl\/?page_id=11478","title":{"rendered":"Strefa Rodzica"},"content":{"rendered":"<p><img loading=\"lazy\" decoding=\"async\" class=\"  wp-image-10700 alignleft\" src=\"http:\/\/mycielewo.pl\/wp-content\/uploads\/2014\/12\/Obraz1.gif\" alt=\"Obraz1\" width=\"184\" height=\"74\" \/>Drogi rodzicu w tym miejscu przeka\u017cemy Ci informacj\u0119 w jaki spos\u00f3b zabezpieczy\u0107 komputer przed niekt\u00f3rymi zagro\u017ceniami i w jaki spos\u00f3b sprawowa\u0107 kontrol\u0119 rodzicielsk\u0105 nad dzieckiem korzystaj\u0105cym \u00a0z komputera. Oto kilka z nich:<\/p>\n<p><span style=\"color: #ff0000;\">Ile powinno nasze dziecko sp\u0119dza\u0107 przy komputerze?<\/span><\/p>\n<p>Je\u015bli Twoje dziecko <span style=\"text-decoration: underline;\">ma wi\u0119cej ni\u017c trzy lata<\/span>, mo\u017ce sp\u0119dza\u0107 czas przy komputerze. Nie musi jednak, poniewa\u017c niczego nie przegapi. Nawet je\u015bli dziecko szybko nauczy si\u0119 korzysta\u0107 z komputera, przewaga nie b\u0119dzie trwa\u0142a d\u0142ugo. Dzieci, kt\u00f3re siadaj\u0105 do komputera dopiero w podstaw\u00f3wce, szybko si\u0119 ucz\u0105 i nawet prze\u015bcigaj\u0105 te, kt\u00f3re swoj\u0105 przygod\u0119 z komputerem rozpocz\u0119\u0142y du\u017co wcze\u015bniej. Tak wynika z obserwacji pedagog\u00f3w.<\/p>\n<p>Trzylatek mo\u017ce sp\u0119dzi\u0107 przed komputerem <span style=\"text-decoration: underline;\">oko\u0142o godzin\u0119 tygodniowo<\/span>. <span style=\"text-decoration: underline;\">Sze\u015bciolatkowi mo\u017cesz pozwoli\u0107 na dwie, jednak nie powinien sp\u0119dzi\u0107 przed ekranem wi\u0119cej ni\u017c dwadzie\u015bcia minut dziennie<\/span>. W zale\u017cno\u015bci od tego, co Twoje dziecko robi lub gdy jest tu\u017c przed ko\u0144cem gry, mo\u017cesz pozwoli\u0107 mu siedzie\u0107 przy komputerze d\u0142u\u017cej. Je\u015bli dziecko wykazuje zainteresowanie komputerem, w \u017cadnym razie mu to nie zaszkodzi.<\/p>\n<pre style=\"text-align: right;\"><em>\u0179r\u00f3d\u0142o i wi\u0119cej na\u00a0http:\/\/www.netmama.pl\/\nlub http:\/\/szkola-abc-rodziny.pl\/<\/em><\/pre>\n<p><strong><span style=\"color: #ff0000;\">1. Antywirus<\/span> <\/strong>&#8211;\u00a0<span style=\"color: #3366ff;\"><strong>Program antywirusowy<\/strong> (antywirus) \u2013 to program umo\u017cliwiaj\u0105cy wykrywanie, zwalczanie i\u00a0usuwanie wirus\u00f3w komputerowych. Dobre antywirusy umo\u017cliwiaj\u0105 codzienn\u0105 aktualizacj\u0119 definicji bazy wirus\u00f3w (przez Internet).<\/span> Kliknij na nazwie, aby pobra\u0107 i zainstalowa\u0107 program. Wersje bezp\u0142atne z regu\u0142y s\u0105 wieczne, lecz wykrywaj\u0105 jedynie podstawowe wirusy, wersje p\u0142atne po wykupieniu licencji zapewniaj\u0105 pe\u0142n\u0105 ochron\u0119 komputera przed programami <em>adware<\/em> (wyskakuj\u0105ce reklamy), <em>spyware<\/em> (programy szpiegowskie), stawiaj\u0105 r\u00f3wnie\u017c zapor\u0119 ogniow\u0105 (<em>firewall<\/em>), kt\u00f3ra zabezpiecza nasze komputery przed internetow\u0105 kradzie\u017c\u0105 hase\u0142, itp.<\/p>\n<ul>\n<li><span style=\"color: #ff0000;\">p\u0142atne<\/span> (<a href=\"http:\/\/www.eset.pl\/Pobierz\">ESET NOD32 Antivirus<\/a>, <a href=\"http:\/\/www.kaspersky.pl\/download.html?s=trial\">Kaspersky Anti-Virus<\/a>,\u00a0<a href=\"http:\/\/symantec-norton.pl\/home\/\">Norton AntiVirus<\/a>, <a href=\"https:\/\/www.avg.pl\/pobierz-dom\">AVG Internet Security<\/a>)<\/li>\n<li><span style=\"color: #ff0000;\">bezp\u0142atne<\/span> (<a href=\"http:\/\/www.avg.pl\/pobierz-dom\">AVG Anti-Virus Free<\/a>, \u00a0\u00a0<span id=\"nag\"><a href=\"http:\/\/www.avira.com\/en\/avira-free-antivirus\">Avira AntiVir Personal &#8211; Free<\/a>,\u00a0<a href=\"http:\/\/www.bitdefender.com\/solutions\/free.html\">BitDefender Free<\/a>)<\/span><\/li>\n<\/ul>\n<p>Przewa\u017cnie wersje bezp\u0142atne maj\u0105 odpowiedniki p\u0142atne, dlatego wa\u017cne jest, aby zwr\u00f3ci\u0107 na dodatek do nazwy <em>free<\/em>. Wersje p\u0142atne dzia\u0142aj\u0105 zazwyczaj przez jaki\u015b czas na pr\u00f3b\u0119 &#8211; tzw. <em>Trial<\/em><\/p>\n<p><span style=\"color: #ff0000;\"><strong>2. Programy filtruj\u0105ce &#8211; tzw. kontrola rodzicielska<\/strong><br \/>\n<span style=\"color: #3366ff;\"><strong>Program filtruj\u0105cy<\/strong> (filtr rodzinny) \u2013 to program umo\u017cliwiaj\u0105cy filtrowanie tre\u015bci stron internetowych (obrazy, tekst), blokowanie r\u00f3\u017cnego rodzaju oprogramowania, pozwalaj\u0105cy na okre\u015blenie czasu, jaki nasze dziecko mo\u017ce sp\u0119dza\u0107 korzystaj\u0105c z Internetu.\u00a0<\/span><br \/>\n<\/span><\/p>\n<p>Je\u015bli maj\u0105 pa\u0144stwo bardziej zaawansowany router do po\u0142\u0105czenia z Internetem &#8211; umo\u017cliwia on z regu\u0142y proste filtrowanie tre\u015bci i blokowanie stron. Mo\u017cna zainstalowa\u0107 r\u00f3wnie\u017c proste programiki do kontroli dzieci.<\/p>\n<p>a) <span style=\"color: #ff0000;\">p\u0142atne<\/span> (<a href=\"http:\/\/straznikucznia.pl\">Stra\u017cnik ucznia<\/a>,\u00a0<a href=\"http:\/\/www.opiekun.pl\">Opiekun dziecka w Internecie<\/a>,\u00a0<a href=\"http:\/\/www.cenzor.pl\">Cenzor<\/a>)<br \/>\nb) <span style=\"color: #ff0000;\">darmowe<\/span> (<a href=\"http:\/\/www.dobreprogramy.pl\/Naomi,Program,Windows,11757.html\">Naomi<\/a>)<\/p>\n<p><span style=\"color: #ff0000;\">\u00a0<strong>3.\u00a0Chro\u0144 swoje dziecko<\/strong><\/span><\/p>\n<div class=\"linia\">\n<h2>Zagro\u017cenia dla dzieci w Internecie:<\/h2>\n<\/div>\n<ul>\n<li>publikowanie wizerunku dziecka bez jego zgody,<\/li>\n<li>przemoc s\u0142owna wobec dzieci,<\/li>\n<li>tre\u015bci pornograficzne,<\/li>\n<li>materia\u0142y epatuj\u0105ce przemoc\u0105,<\/li>\n<li>uzale\u017cnienie od Internetu,<\/li>\n<li>uzale\u017cnienie od gier internetowych,<\/li>\n<li>pedofile,<\/li>\n<li>strony internetowe promuj\u0105ce g\u0142upot\u0119, niezdrowy styl \u017cycia, na\u0142ogi, wulgaryzmy,<\/li>\n<li>oszu\u015bci internetowi,<\/li>\n<li>piractwo komputerowe &#8211; czyli nielegalne oprogramowanie, muzyka, filmy,<\/li>\n<li>strony sekt czy te\u017c ugrupowa\u0144 neonazistowskich, propaguj\u0105cych przemoc i rasistowskie pogl\u0105dy,<\/li>\n<li>nie\u015bwiadome udost\u0119pnianie informacji (np. numer\u00f3w kart, adres\u00f3w, hase\u0142).<\/li>\n<\/ul>\n<p>Gdzie szuka\u0107 pomocy?<\/p>\n<ol>\n<li>W przypadku otrzymania przez dziecko niesympatycznych propozycji np. o tre\u015bci seksualnej czy te\u017c gr\u00f3\u017ab mo\u017cesz zg\u0142osi\u0107 ten fakt na policj\u0119. Internet wbrew cz\u0119sto spotykanym opiniom nie jest anonimowy i mo\u017cna wykry\u0107 konkretn\u0105 osob\u0119 na podstawie adresu IP przydzielanego przez dostawc\u0119 Twojego domowego Internetu.<\/li>\n<li>Je\u017celi zauwa\u017cysz w Internecie cokolwiek niepokoj\u0105cego, co mog\u0142oby zagra\u017ca\u0107 bezpiecze\u0144stwu Twojego dziecka &#8211; popro\u015b o interwencj\u0119 <a href=\"http:\/\/brpd.gov.pl\">Rzecznika Praw Dziecka<\/a>.<\/li>\n<li>Na Tw\u00f3j sygna\u0142 czekaj\u0105 ludzie pod numerem tel. 116-111 lub na stronie\u00a0<a title=\"www.helpline.org.pl\" href=\"http:\/\/www.helpline.org.pl\/\" target=\"_blank\" rel=\"noopener noreferrer\">www.helpline.org.pl<\/a><\/li>\n<\/ol>\n<p><span style=\"color: #ff0000;\"><strong>4. Nie ka\u017cda gra komputerowa dla Twojego dziecka&#8230;<\/strong><\/span><\/p>\n<p><img loading=\"lazy\" decoding=\"async\" class=\"alignleft  wp-image-11687\" src=\"http:\/\/mycielewo.pl\/wp-content\/uploads\/2015\/03\/zdj_347x369.jpg\" alt=\"zdj_347x369\" width=\"130\" height=\"138\" srcset=\"https:\/\/mycielewo.pl\/wp-content\/uploads\/2015\/03\/zdj_347x369.jpg 347w, https:\/\/mycielewo.pl\/wp-content\/uploads\/2015\/03\/zdj_347x369-235x250.jpg 235w, https:\/\/mycielewo.pl\/wp-content\/uploads\/2015\/03\/zdj_347x369-282x300.jpg 282w\" sizes=\"auto, (max-width: 130px) 100vw, 130px\" \/>Znaki ratingu PEGI znajduj\u0105 si\u0119 z przodu i z ty\u0142u opakowania gry komputerowej lub do konsoli. Wskazuj\u0105 one nast\u0119puj\u0105ce kategorie wiekowe: 3, 7, 12, 16 i 18. Dostarczaj\u0105 wiarygodnych informacji o stosowno\u015bci tre\u015bci gry z punktu widzenia ochrony nieletnich. Rating wiekowy nie uwzgl\u0119dnia poziomu trudno\u015bci ani umiej\u0119tno\u015bci niezb\u0119dnych do danej gry.<\/p>\n<p><iframe loading=\"lazy\" title=\"PEGI SPIDOR - Kampania spo\u0142eczna - Graj Bezpiecznie\" width=\"830\" height=\"467\" src=\"https:\/\/www.youtube.com\/embed\/l80AA8Mq91g?feature=oembed\" frameborder=\"0\" allow=\"accelerometer; autoplay; clipboard-write; encrypted-media; gyroscope; picture-in-picture; web-share\" allowfullscreen><\/iframe><\/p>\n<p class=\"headline5\"><span style=\"text-decoration: underline;\"><span style=\"color: #ff0000; text-decoration: underline;\">Czy przemoc w grach wideo mo\u017ce wp\u0142yn\u0105\u0107 na zachowanie mojego dziecka?<\/span><\/span><\/p>\n<p>Nie ma dowod\u00f3w na to, \u017ce gra w gry komputerowe zawieraj\u0105ce elementy przemocy mo\u017ce spowodowa\u0107 d\u0142ugotrwa\u0142y lub sta\u0142y wzrost poziomu agresji albo przemocy. Badania nad wp\u0142ywem gier wideo na przemoc koncentruj\u0105 si\u0119 na efektach kr\u00f3tkoterminowych i s\u0105 niesp\u00f3jne. Aby jednak mie\u0107 pewno\u015b\u0107, \u017ce dziecko nie gra w gry uznane za zbyt brutalne, nale\u017cy przestrzega\u0107 rating\u00f3w wiekowych.<\/p>\n<p><span style=\"text-decoration: underline;\"><span class=\"headline5\">PEGI 3<\/span><\/span><\/p>\n<p><img loading=\"lazy\" decoding=\"async\" class=\" size-full wp-image-11686 alignleft\" src=\"http:\/\/mycielewo.pl\/wp-content\/uploads\/2015\/03\/320.gif\" alt=\"320\" width=\"60\" height=\"73\" \/>Tre\u015b\u0107 gier oznaczonych w ten spos\u00f3b uznaje si\u0119 za odpowiedni\u0105 dla wszystkich grup wiekowych. Dopuszczalna jest pewna ilo\u015b\u0107 przemocy w komicznym kontek\u015bcie (zwykle podobna do prezentowanej w kresk\u00f3wkach w rodzaju Kr\u00f3lika Bugsa czy Toma i Jerry\u2019ego). Dziecko nie powinno uto\u017csamia\u0107 postaci pojawiaj\u0105cych si\u0119 na ekranie z postaciami rzeczywistymi. Powinny one by\u0107 w ca\u0142o\u015bci wytworem fantazji. Gra nie powinna zawiera\u0107 d\u017awi\u0119k\u00f3w ani obraz\u00f3w, kt\u00f3re mog\u0105 przestraszy\u0107 dziecko. Nie powinny w niej wyst\u0119powa\u0107 wulgaryzmy.<\/p>\n<p><span style=\"text-decoration: underline;\"><span class=\"headline5\">PEGI 7<\/span><\/span><br \/>\n<img loading=\"lazy\" decoding=\"async\" class=\"alignleft size-full wp-image-11688\" src=\"http:\/\/mycielewo.pl\/wp-content\/uploads\/2015\/03\/321.gif\" alt=\"321\" width=\"60\" height=\"73\" \/>Gry, kt\u00f3re w innym przypadku zosta\u0142yby zakwalifikowane do grupy 3, lecz zawieraj\u0105 d\u017awi\u0119ki lub sceny potencjalnie przera\u017caj\u0105ce najm\u0142odszych odbiorc\u00f3w, mog\u0105 by\u0107 uznane za odpowiednie dla tej grupy wiekowej.<\/p>\n<p><span style=\"text-decoration: underline;\"><span class=\"headline5\">PEGI 12<br \/>\n<\/span><\/span><img loading=\"lazy\" decoding=\"async\" class=\"alignleft size-full wp-image-11689\" src=\"http:\/\/mycielewo.pl\/wp-content\/uploads\/2015\/03\/322.gif\" alt=\"322\" width=\"60\" height=\"73\" \/>Gry wideo pokazuj\u0105ce przemoc o nieco bardziej realistycznym charakterze, skierowan\u0105 przeciw postaciom fantastycznym i\/lub nierealistyczn\u0105 przemoc wobec postaci o ludzkim lub rozpoznawalnych zwierz\u0105t, ponadto w tej kategorii wiekowej dopuszczalna jest nieco bardziej dos\u0142owna nago\u015b\u0107. Ewentualne wulgaryzmy musz\u0105 mie\u0107 \u0142agodny charakter i nie mog\u0105 zawiera\u0107 odwo\u0142a\u0144 do seksu.<\/p>\n<p><span style=\"text-decoration: underline;\"><span class=\"headline5\">PEGI 16<\/span><\/span><br \/>\n<img loading=\"lazy\" decoding=\"async\" class=\"alignleft size-full wp-image-11690\" src=\"http:\/\/mycielewo.pl\/wp-content\/uploads\/2015\/03\/323.gif\" alt=\"323\" width=\"60\" height=\"73\" \/>Ten symbol jest nadawany, je\u017celi przemoc lub aktywno\u015b\u0107 seksualna wygl\u0105daj\u0105 tak jak w rzeczywisto\u015bci. M\u0142odzie\u017c w tym wieku powinna r\u00f3wnie\u017c by\u0107 odporna na brutalniejsze wulgaryzmy, sceny pokazuj\u0105ce u\u017cywanie tytoniu lub narkotyk\u00f3w oraz sceny pope\u0142niania przest\u0119pstw.<\/p>\n<p><span style=\"text-decoration: underline;\">PEGI 18<br \/>\n<\/span><img loading=\"lazy\" decoding=\"async\" class=\"alignleft size-full wp-image-11691\" src=\"http:\/\/mycielewo.pl\/wp-content\/uploads\/2015\/03\/324.gif\" alt=\"324\" width=\"60\" height=\"73\" \/>Za gry dla doros\u0142ych uznaje si\u0119 gry przedstawiaj\u0105ce daleko posuni\u0119t\u0105 przemoc i\/lub specyficzne rodzaje przemocy. Daleko posuni\u0119ta przemoc jest najtrudniejsza do zdefiniowania, poniewa\u017c w wielu przypadkach jest to poj\u0119cie bardzo subiektywne, ale og\u00f3lnie mo\u017cna j\u0105 okre\u015bli\u0107 jako sceny przemocy powoduj\u0105ce u widza uczucie odrazy.\u00a0<em>\u017ar\u00f3d\u0142o: pegi.info<\/em><\/p>\n<p>Przydatne adresy stron internetowych:<\/p>\n<ol>\n<li><a title=\"www.dzieckowsieci.p\" href=\"http:\/\/www.dzieckowsieci.pl\/\" target=\"_blank\" rel=\"noopener noreferrer\">www.dzieckowsieci.pl<\/a><\/li>\n<li><a title=\"www.bezpiecznyinternet.pl\" href=\"http:\/\/www.bezpiecznyinternet.pl\/\" target=\"_blank\" rel=\"noopener noreferrer\">www.bezpiecznyinternet.pl<\/a><\/li>\n<li><a title=\"www.cert.pl\" href=\"http:\/\/www.cert.pl\/\" target=\"_blank\" rel=\"noopener noreferrer\">www.cert.pl<\/a><\/li>\n<li><a title=\"www.helpline.org.pl\" href=\"http:\/\/www.helpline.org.pl\/\" target=\"_blank\" rel=\"noopener noreferrer\">www.helpline.org.pl<\/a><\/li>\n<li><a title=\"www.chrondziecko.pl\" href=\"http:\/\/www.chrondziecko.pl\/\" target=\"_blank\" rel=\"noopener noreferrer\">www.chrondziecko.pl<\/a><\/li>\n<li><a href=\"http:\/\/www.saferinternet.pl\/pl\/\">www.saferinternet.pl\/pl\/<\/a><\/li>\n<li><a title=\"www.dyzurnet.pl\" href=\"http:\/\/www.dyzurnet.pl\/\" target=\"_blank\" rel=\"noopener noreferrer\">www.dyzurnet.pl<\/a><\/li>\n<li><a href=\"www.pegi.info\">www.pegi.info<\/a><\/li>\n<\/ol>\n","protected":false},"excerpt":{"rendered":"<p>Drogi rodzicu w tym miejscu przeka\u017cemy Ci informacj\u0119 w jaki spos\u00f3b zabezpieczy\u0107 komputer przed niekt\u00f3rymi zagro\u017ceniami i w jaki spos\u00f3b sprawowa\u0107 kontrol\u0119 rodzicielsk\u0105 nad dzieckiem korzystaj\u0105cym \u00a0z komputera. Oto kilka z nich: Ile powinno nasze dziecko sp\u0119dza\u0107 przy komputerze? Je\u015bli Twoje dziecko ma wi\u0119cej ni\u017c trzy lata, mo\u017ce sp\u0119dza\u0107 czas przy komputerze. Nie musi jednak,&hellip; <a class=\"continue\" href=\"https:\/\/mycielewo.pl\/?page_id=11478\">Kontynuuj czytanie<span> Strefa Rodzica<\/span><\/a><\/p>\n","protected":false},"author":1,"featured_media":0,"parent":0,"menu_order":0,"comment_status":"open","ping_status":"open","template":"","meta":{"footnotes":""},"class_list":["post-11478","page","type-page","status-publish","hentry"],"_links":{"self":[{"href":"https:\/\/mycielewo.pl\/index.php?rest_route=\/wp\/v2\/pages\/11478","targetHints":{"allow":["GET"]}}],"collection":[{"href":"https:\/\/mycielewo.pl\/index.php?rest_route=\/wp\/v2\/pages"}],"about":[{"href":"https:\/\/mycielewo.pl\/index.php?rest_route=\/wp\/v2\/types\/page"}],"author":[{"embeddable":true,"href":"https:\/\/mycielewo.pl\/index.php?rest_route=\/wp\/v2\/users\/1"}],"replies":[{"embeddable":true,"href":"https:\/\/mycielewo.pl\/index.php?rest_route=%2Fwp%2Fv2%2Fcomments&post=11478"}],"version-history":[{"count":36,"href":"https:\/\/mycielewo.pl\/index.php?rest_route=\/wp\/v2\/pages\/11478\/revisions"}],"predecessor-version":[{"id":47382,"href":"https:\/\/mycielewo.pl\/index.php?rest_route=\/wp\/v2\/pages\/11478\/revisions\/47382"}],"wp:attachment":[{"href":"https:\/\/mycielewo.pl\/index.php?rest_route=%2Fwp%2Fv2%2Fmedia&parent=11478"}],"curies":[{"name":"wp","href":"https:\/\/api.w.org\/{rel}","templated":true}]}}