{"id":10947,"date":"2014-12-10T10:52:29","date_gmt":"2014-12-10T10:52:29","guid":{"rendered":"http:\/\/www.mycielewo.interman.com.pl\/?page_id=10947"},"modified":"2024-03-04T12:28:24","modified_gmt":"2024-03-04T12:28:24","slug":"prace-uczniow","status":"publish","type":"page","link":"https:\/\/mycielewo.pl\/?page_id=10947","title":{"rendered":"Bezpieczny Internet"},"content":{"rendered":"<p style=\"text-align: center;\"><img loading=\"lazy\" decoding=\"async\" class=\"  wp-image-10700 aligncenter\" src=\"http:\/\/mycielewo.pl\/wp-content\/uploads\/2014\/12\/Obraz1.gif\" alt=\"Obraz1\" width=\"290\" height=\"117\" \/><\/p>\n<p style=\"text-align: center;\"><span style=\"color: #ff0000;\"><strong>ZASADY bezpiecznego korzystania z Internetu<\/strong><\/span><\/p>\n<ol>\n<li style=\"text-align: left;\">Nie ufaj nieznajomym, z kt\u00f3rymi \u201erozmawiasz\u201d przez Internet.<\/li>\n<li style=\"text-align: left;\">Nie podawaj swojego imienia, nazwiska, adresu, numeru telefonu osobom, kt\u00f3rych nie znasz.<\/li>\n<li style=\"text-align: left;\">Nie umawiaj si\u0119 z nieznajomymi,<\/li>\n<li style=\"text-align: left;\">Korzystaj tylko z oryginalnego, pochodz\u0105cego z zaufanych \u017ar\u00f3de\u0142 oprogramowania.<\/li>\n<li style=\"text-align: left;\">Nie otwieraj wiadomo\u015bci ani za\u0142\u0105cznik\u00f3w do tych wiadomo\u015bci, je\u017celi nie masz pewno\u015bci, kto jest ich adresatem.<\/li>\n<li style=\"text-align: left;\">Odwiedzaj tylko zaufane i sprawdzone strony internetowe.<\/li>\n<li style=\"text-align: left;\">Nie wykorzystuj Internetu jako \u015bwiata, w kt\u00f3rym czujesz si\u0119 bezpiecznie.<\/li>\n<li style=\"text-align: left;\">Je\u017celi jeste\u015b zastraszany lub jeste\u015b ofiar\u0105 niewybrednych \u017cart\u00f3w, NIE CZEKAJ. Zg\u0142o\u015b ten fakt rodzicom, dostawcy Internetu, administratorowi serwera lub po prostu POLICJI.<\/li>\n<li style=\"text-align: left;\">PAMI\u0118TAJ, INTERNET TO NIE WSZYSTKO. WYKORZYSTUJ GO M\u0104DRZE!!!<\/li>\n<\/ol>\n<p style=\"text-align: center;\"><a title=\"Strefa Rodzica\" href=\"http:\/\/mycielewo.pl\/?page_id=11478\">Strefa Rodzic\u00f3w <\/a>\u00a0 \u00a0 \u00a0 \u00a0 \u00a0 \u00a0 \u00a0 <a title=\"Strefa Ucznia\" href=\"http:\/\/mycielewo.pl\/?page_id=11481\">\u00a0Strefa Uczni\u00f3w <\/a>\u00a0 \u00a0 \u00a0 \u00a0 \u00a0 \u00a0 <a title=\"Nasze dzia\u0142ania\" href=\"http:\/\/mycielewo.pl\/?page_id=11484\">Nasze dzia\u0142ania<\/a><\/p>\n","protected":false},"excerpt":{"rendered":"<p>ZASADY bezpiecznego korzystania z Internetu Nie ufaj nieznajomym, z kt\u00f3rymi \u201erozmawiasz\u201d przez Internet. Nie podawaj swojego imienia, nazwiska, adresu, numeru telefonu osobom, kt\u00f3rych nie znasz. Nie umawiaj si\u0119 z nieznajomymi, Korzystaj tylko z oryginalnego, pochodz\u0105cego z zaufanych \u017ar\u00f3de\u0142 oprogramowania. Nie otwieraj wiadomo\u015bci ani za\u0142\u0105cznik\u00f3w do tych wiadomo\u015bci, je\u017celi nie masz pewno\u015bci, kto jest ich adresatem.&hellip; <a class=\"continue\" href=\"https:\/\/mycielewo.pl\/?page_id=10947\">Kontynuuj czytanie<span> Bezpieczny Internet<\/span><\/a><\/p>\n","protected":false},"author":1,"featured_media":0,"parent":0,"menu_order":0,"comment_status":"open","ping_status":"open","template":"","meta":{"footnotes":""},"class_list":["post-10947","page","type-page","status-publish","hentry"],"_links":{"self":[{"href":"https:\/\/mycielewo.pl\/index.php?rest_route=\/wp\/v2\/pages\/10947","targetHints":{"allow":["GET"]}}],"collection":[{"href":"https:\/\/mycielewo.pl\/index.php?rest_route=\/wp\/v2\/pages"}],"about":[{"href":"https:\/\/mycielewo.pl\/index.php?rest_route=\/wp\/v2\/types\/page"}],"author":[{"embeddable":true,"href":"https:\/\/mycielewo.pl\/index.php?rest_route=\/wp\/v2\/users\/1"}],"replies":[{"embeddable":true,"href":"https:\/\/mycielewo.pl\/index.php?rest_route=%2Fwp%2Fv2%2Fcomments&post=10947"}],"version-history":[{"count":10,"href":"https:\/\/mycielewo.pl\/index.php?rest_route=\/wp\/v2\/pages\/10947\/revisions"}],"predecessor-version":[{"id":42236,"href":"https:\/\/mycielewo.pl\/index.php?rest_route=\/wp\/v2\/pages\/10947\/revisions\/42236"}],"wp:attachment":[{"href":"https:\/\/mycielewo.pl\/index.php?rest_route=%2Fwp%2Fv2%2Fmedia&parent=10947"}],"curies":[{"name":"wp","href":"https:\/\/api.w.org\/{rel}","templated":true}]}}