{"id":10015,"date":"2014-09-11T06:15:44","date_gmt":"2014-09-11T06:15:44","guid":{"rendered":"http:\/\/www.mycielewo.interman.com.pl\/?page_id=10015"},"modified":"2024-03-04T12:28:24","modified_gmt":"2024-03-04T12:28:24","slug":"uczniowie-20132014","status":"publish","type":"page","link":"https:\/\/mycielewo.pl\/?page_id=10015","title":{"rendered":"Uczniowie 2013\/2014"},"content":{"rendered":"<p>W roku szkolnym 2013\/2014 w Zespole Szk\u00f3\u0142 w Mycielewie ucz\u0119szczaj\u0105:<\/p>\n<p>Oddzia\u0142y przedszkolne<\/p>\n<p>Kl. 0 (5 lat) \u2013 16 os\u00f3b<br \/>\nKl. 0 (6 lat) \u2013 18 os\u00f3b<\/p>\n<p>Szko\u0142a Podstawowa<br \/>\nKl. I \u2013 16 os\u00f3b<br \/>\nKl. II \u2013 15 os\u00f3b<br \/>\nKl. III \u2013 21 os\u00f3b<br \/>\nKl. IV \u2013 18 os\u00f3b<br \/>\nKl. V \u2013 14 os\u00f3b<br \/>\nKl. VI \u2013 17 os\u00f3b<\/p>\n<p>Gimnazjum<br \/>\nKl. Ia \u2013 28 os\u00f3b<br \/>\nKl. IIa \u2013 32 osoby<br \/>\nKl. IIIa \u2013 26 os\u00f3b<\/p>\n<p><strong>Razem w naszej szkole uczy si\u0119 221 uczni\u00f3w<\/strong><\/p>\n<p>Uczniowie wyr\u00f3\u017cnieni po II semestrze roku szkolnego 2013\/2014<br \/>\n<a href=\"http:\/\/mycielewo.pl\/wp-content\/uploads\/2014\/06\/Lista-uczniow-wyr\u00f3\u017cnionych-2013-2014.pdf\">Uczniowie wyr\u00f3\u017cnieni<\/a><\/p>\n<p>Uczniowie wyr\u00f3\u017cnieni po I semestrze roku szkolnego 2013\/2014<br \/>\n<a href=\"http:\/\/mycielewo.pl\/wp-content\/uploads\/2013\/09\/Uczniowie_wyroznieni.pdf\">Uczniowie_wyroznieni<\/a><\/p>\n<p><strong>Wykaz podr\u0119cznik\u00f3w na rok szkolny 2014\/2015<\/strong><\/p>\n<ol>\n<li>Szko\u0142a Podstawowa (<a href=\"http:\/\/mycielewo.pl\/wp-content\/uploads\/2012\/01\/SP_podr\u0119czniki-2014-15.doc\">word<\/a>,\u00a0<a href=\"http:\/\/mycielewo.pl\/wp-content\/uploads\/2012\/01\/SP_podr\u0119czniki-2014-15.pdf\">pdf<\/a>)<\/li>\n<li>Gimnazjum (<a href=\"http:\/\/mycielewo.pl\/wp-content\/uploads\/2012\/01\/Gim_podr\u0119czniki-2014-15.doc\">word<\/a>,\u00a0<a href=\"http:\/\/mycielewo.pl\/wp-content\/uploads\/2012\/01\/Gim_podr\u0119czniki-2014-15.pdf\">pdf<\/a>)<\/li>\n<\/ol>\n<p><a href=\"http:\/\/mycielewo.pl\/?page_id=3295\">Uczniowie z roku szkolnego 2012\/2013<\/a><\/p>\n<p><a href=\"http:\/\/mycielewo.pl\/?page_id=48\">Uczniowie z roku szkolnego 2011\/2012<\/a><\/p>\n<p><a href=\"http:\/\/mycielewo.pl\/stara\/index\/uczniowie\/uczniowie.html\">Uczniowie z lat poprzednich w starej wersji serwisu\u00a0<\/a><\/p>\n","protected":false},"excerpt":{"rendered":"<p>W roku szkolnym 2013\/2014 w Zespole Szk\u00f3\u0142 w Mycielewie ucz\u0119szczaj\u0105: Oddzia\u0142y przedszkolne Kl. 0 (5 lat) \u2013 16 os\u00f3b Kl. 0 (6 lat) \u2013 18 os\u00f3b Szko\u0142a Podstawowa Kl. I \u2013 16 os\u00f3b Kl. II \u2013 15 os\u00f3b Kl. III \u2013 21 os\u00f3b Kl. IV \u2013 18 os\u00f3b Kl. V \u2013 14 os\u00f3b Kl. VI&hellip; <a class=\"continue\" href=\"https:\/\/mycielewo.pl\/?page_id=10015\">Kontynuuj czytanie<span> Uczniowie 2013\/2014<\/span><\/a><\/p>\n","protected":false},"author":1,"featured_media":0,"parent":0,"menu_order":0,"comment_status":"open","ping_status":"open","template":"","meta":{"footnotes":""},"class_list":["post-10015","page","type-page","status-publish","hentry"],"_links":{"self":[{"href":"https:\/\/mycielewo.pl\/index.php?rest_route=\/wp\/v2\/pages\/10015","targetHints":{"allow":["GET"]}}],"collection":[{"href":"https:\/\/mycielewo.pl\/index.php?rest_route=\/wp\/v2\/pages"}],"about":[{"href":"https:\/\/mycielewo.pl\/index.php?rest_route=\/wp\/v2\/types\/page"}],"author":[{"embeddable":true,"href":"https:\/\/mycielewo.pl\/index.php?rest_route=\/wp\/v2\/users\/1"}],"replies":[{"embeddable":true,"href":"https:\/\/mycielewo.pl\/index.php?rest_route=%2Fwp%2Fv2%2Fcomments&post=10015"}],"version-history":[{"count":10,"href":"https:\/\/mycielewo.pl\/index.php?rest_route=\/wp\/v2\/pages\/10015\/revisions"}],"predecessor-version":[{"id":42216,"href":"https:\/\/mycielewo.pl\/index.php?rest_route=\/wp\/v2\/pages\/10015\/revisions\/42216"}],"wp:attachment":[{"href":"https:\/\/mycielewo.pl\/index.php?rest_route=%2Fwp%2Fv2%2Fmedia&parent=10015"}],"curies":[{"name":"wp","href":"https:\/\/api.w.org\/{rel}","templated":true}]}}